{"id":4598,"date":"2022-12-06T16:07:59","date_gmt":"2022-12-06T15:07:59","guid":{"rendered":"https:\/\/maasleder.thesequel.nl\/vacatures\/"},"modified":"2024-10-30T15:44:44","modified_gmt":"2024-10-30T14:44:44","slug":"stellenangebote","status":"publish","type":"page","link":"https:\/\/maasleder.com\/de\/stellenangebote\/","title":{"rendered":"Stellenangebote"},"content":{"rendered":"\n<section id=\"content-2-block_42217075db8423cc014bddad2a76a53c\" class=\" is-style-afbeelding_positie_rechts m-0 align-items-top align-text-left align-left image\">\n    <div class=\"background\" style=\"\">\n                <div class=\"container\">\n            <div class=\"row\">\n                \n                \n                \n                \n                                <div class=\"first-col col-6\">\n                    <h1>Stellenangebote<\/h1>\n<p>Unser Team w\u00e4chst und wir sind immer auf der Suche nach engagierten Kollegen. Sehen Sie sich hier aktuelle Stellenangebote an.<\/p>\n<p>&nbsp;<\/p>\n<p><strong>Initiativbewerbung<\/strong><\/p>\n<p>Ist die von Ihnen gesuchte Stelle nicht dabei? Senden Sie eine Initiativbewerbung \u00fcber den untenstehenden Bewerbungsbutton. Sie k\u00f6nnen Ihre Initiativbewerbung zu H\u00e4nden von Monique van der Veer, E-Mail: administration@maasleder.com senden. Sie erhalten immer eine Antwort von uns.<\/p>\n<p>&nbsp;<\/p>\n<p><strong>Haben Sie Fragen zu einem Stellenangebot? Kontaktieren Sie uns<\/strong><\/p>\n<p>Sie m\u00f6chten mehr \u00fcber eines unserer Stellenangebote erfahren? Rufen Sie Monique van der Veer \u00fcber \u00a0<a href=\"tel:0031416335031\">+31 (0)416 33 50 31<\/a> an oder senden Sie eine E-Mail an <a href=\"mailto:administration@maasleder.com\">administration@maasleder.com<\/a>.<\/p>\n<p>&nbsp;<\/p>\n                                                                            <\/div>\n\n                <div class=\"second-col  col-6\">\n                                        <div class=\"image-container\"><img decoding=\"async\" width=\"1920\" height=\"1080\" src=\"https:\/\/maasleder.com\/wp-content\/uploads\/2024\/09\/Maasleder12545-bedirjfspand.jpg\" class=\"attachment-full size-full\" alt=\"\" srcset=\"https:\/\/maasleder.com\/wp-content\/uploads\/2024\/09\/Maasleder12545-bedirjfspand.jpg 1920w, https:\/\/maasleder.com\/wp-content\/uploads\/2024\/09\/Maasleder12545-bedirjfspand-300x169.jpg 300w, https:\/\/maasleder.com\/wp-content\/uploads\/2024\/09\/Maasleder12545-bedirjfspand-1024x576.jpg 1024w, https:\/\/maasleder.com\/wp-content\/uploads\/2024\/09\/Maasleder12545-bedirjfspand-768x432.jpg 768w, https:\/\/maasleder.com\/wp-content\/uploads\/2024\/09\/Maasleder12545-bedirjfspand-1536x864.jpg 1536w, https:\/\/maasleder.com\/wp-content\/uploads\/2024\/09\/Maasleder12545-bedirjfspand-1000x563.jpg 1000w, https:\/\/maasleder.com\/wp-content\/uploads\/2024\/09\/Maasleder12545-bedirjfspand-50x28.jpg 50w, https:\/\/maasleder.com\/wp-content\/uploads\/2024\/09\/Maasleder12545-bedirjfspand-600x338.jpg 600w\" sizes=\"(max-width: 1920px) 100vw, 1920px\" \/><\/div>                <\/div>\n                            <\/div>\n        <\/div>\n            <\/div>\n<\/section>\n\n\n\n    <section class=\"section-vacature-overzicht\">\n        <div class=\"container\">\n            <div class=\"row\">\n                                    <article class=\"col-4\">\n                        <a href=\"https:\/\/maasleder.com\/de\/vacatures\/aufsichtspersonen-magazin\/\">\n                                                            <div class=\"image-container\">\n                                    <img decoding=\"async\" width=\"1920\" height=\"1080\" src=\"https:\/\/maasleder.com\/wp-content\/uploads\/2024\/09\/leerrollen_magazijn.jpg\" class=\"attachment-full size-full\" alt=\"\" srcset=\"https:\/\/maasleder.com\/wp-content\/uploads\/2024\/09\/leerrollen_magazijn.jpg 1920w, https:\/\/maasleder.com\/wp-content\/uploads\/2024\/09\/leerrollen_magazijn-300x169.jpg 300w, https:\/\/maasleder.com\/wp-content\/uploads\/2024\/09\/leerrollen_magazijn-1024x576.jpg 1024w, https:\/\/maasleder.com\/wp-content\/uploads\/2024\/09\/leerrollen_magazijn-768x432.jpg 768w, https:\/\/maasleder.com\/wp-content\/uploads\/2024\/09\/leerrollen_magazijn-1536x864.jpg 1536w, https:\/\/maasleder.com\/wp-content\/uploads\/2024\/09\/leerrollen_magazijn-1000x563.jpg 1000w, https:\/\/maasleder.com\/wp-content\/uploads\/2024\/09\/leerrollen_magazijn-50x28.jpg 50w, https:\/\/maasleder.com\/wp-content\/uploads\/2024\/09\/leerrollen_magazijn-600x338.jpg 600w\" sizes=\"(max-width: 1920px) 100vw, 1920px\" \/>                                <\/div>\n                            \n                            <h3 class=\"h4\">Aufsichtspersonen-Magazin<\/h3>\n\n                            <p>Als Warehouse Supervisor spielen Sie eine wichtige Rolle im Herzen des Unternehmens. Zusammen mit zwei Kollegen tragen Sie die endg\u00fcltige Verantwortung f\u00fcr die Ausf\u00fchrung der Arbeiten. Als Supervisor sind Sie der Ansprechpartner f\u00fcr Kollegen und externe Parteien. Sie \u00fcbernehmen die F\u00fchrung bei der Analyse und Optimierung der Prozesse im Lager und schaffen daf\u00fcr Unterst\u00fctzung bei Ihren Kollegen. Kein Tag ist wie der andere, deshalb ist es wichtig, dass Sie den \u00dcberblick behalten und die Planung \u00fcberwachen.<\/p>\n\n                            <b class=\"btn-orange\">Stellenangebot ansehen<\/b>\n                        <\/a>\n                    <\/article>\n                \n                            <\/div>\n        <\/div>\n    <\/section>\n\n","protected":false},"excerpt":{"rendered":"","protected":false},"author":1,"featured_media":0,"parent":0,"menu_order":0,"comment_status":"closed","ping_status":"closed","template":"","meta":{"_acf_changed":false,"footnotes":""},"class_list":["post-4598","page","type-page","status-publish","hentry"],"acf":[],"yoast_head":"<!-- This site is optimized with the Yoast SEO plugin v27.3 - https:\/\/yoast.com\/product\/yoast-seo-wordpress\/ -->\n<title>Maasleder | Stellenangebote<\/title>\n<meta name=\"description\" content=\"Unser Team w\u00e4chst und wir sind immer auf der Suche nach engagierten Kollegen. Sehen Sie sich hier alle unsere Stellenangebote an.\" \/>\n<meta name=\"robots\" content=\"index, follow, max-snippet:-1, max-image-preview:large, max-video-preview:-1\" \/>\n<link rel=\"canonical\" href=\"https:\/\/maasleder.com\/de\/stellenangebote\/\" \/>\n<meta property=\"og:locale\" content=\"de_DE\" \/>\n<meta property=\"og:type\" content=\"article\" \/>\n<meta property=\"og:title\" content=\"Maasleder | Stellenangebote\" \/>\n<meta property=\"og:description\" content=\"Unser Team w\u00e4chst und wir sind immer auf der Suche nach engagierten Kollegen. Sehen Sie sich hier alle unsere Stellenangebote an.\" \/>\n<meta property=\"og:url\" content=\"https:\/\/maasleder.com\/de\/stellenangebote\/\" \/>\n<meta property=\"og:site_name\" content=\"Maasleder\" \/>\n<meta property=\"article:modified_time\" content=\"2024-10-30T14:44:44+00:00\" \/>\n<meta name=\"twitter:card\" content=\"summary_large_image\" \/>\n<script type=\"application\/ld+json\" class=\"yoast-schema-graph\">{\"@context\":\"https:\\\/\\\/schema.org\",\"@graph\":[{\"@type\":\"WebPage\",\"@id\":\"https:\\\/\\\/maasleder.com\\\/de\\\/stellenangebote\\\/\",\"url\":\"https:\\\/\\\/maasleder.com\\\/de\\\/stellenangebote\\\/\",\"name\":\"Maasleder | Stellenangebote\",\"isPartOf\":{\"@id\":\"https:\\\/\\\/maasleder.com\\\/de\\\/#website\"},\"datePublished\":\"2022-12-06T15:07:59+00:00\",\"dateModified\":\"2024-10-30T14:44:44+00:00\",\"description\":\"Unser Team w\u00e4chst und wir sind immer auf der Suche nach engagierten Kollegen. Sehen Sie sich hier alle unsere Stellenangebote an.\",\"breadcrumb\":{\"@id\":\"https:\\\/\\\/maasleder.com\\\/de\\\/stellenangebote\\\/#breadcrumb\"},\"inLanguage\":\"de\",\"potentialAction\":[{\"@type\":\"ReadAction\",\"target\":[\"https:\\\/\\\/maasleder.com\\\/de\\\/stellenangebote\\\/\"]}]},{\"@type\":\"BreadcrumbList\",\"@id\":\"https:\\\/\\\/maasleder.com\\\/de\\\/stellenangebote\\\/#breadcrumb\",\"itemListElement\":[{\"@type\":\"ListItem\",\"position\":1,\"name\":\"Home\",\"item\":\"https:\\\/\\\/maasleder.com\\\/de\\\/\"},{\"@type\":\"ListItem\",\"position\":2,\"name\":\"Stellenangebote\"}]},{\"@type\":\"WebSite\",\"@id\":\"https:\\\/\\\/maasleder.com\\\/de\\\/#website\",\"url\":\"https:\\\/\\\/maasleder.com\\\/de\\\/\",\"name\":\"Maasleder\",\"description\":\"Shop the best leather online\",\"publisher\":{\"@id\":\"https:\\\/\\\/maasleder.com\\\/de\\\/#organization\"},\"potentialAction\":[{\"@type\":\"SearchAction\",\"target\":{\"@type\":\"EntryPoint\",\"urlTemplate\":\"https:\\\/\\\/maasleder.com\\\/de\\\/?s={search_term_string}\"},\"query-input\":{\"@type\":\"PropertyValueSpecification\",\"valueRequired\":true,\"valueName\":\"search_term_string\"}}],\"inLanguage\":\"de\"},{\"@type\":\"Organization\",\"@id\":\"https:\\\/\\\/maasleder.com\\\/de\\\/#organization\",\"name\":\"Maasleder\",\"url\":\"https:\\\/\\\/maasleder.com\\\/de\\\/\",\"logo\":{\"@type\":\"ImageObject\",\"inLanguage\":\"de\",\"@id\":\"https:\\\/\\\/maasleder.com\\\/de\\\/#\\\/schema\\\/logo\\\/image\\\/\",\"url\":\"https:\\\/\\\/maasleder.com\\\/wp-content\\\/uploads\\\/2024\\\/01\\\/cropped-maasleder-logo-full.png\",\"contentUrl\":\"https:\\\/\\\/maasleder.com\\\/wp-content\\\/uploads\\\/2024\\\/01\\\/cropped-maasleder-logo-full.png\",\"width\":226,\"height\":53,\"caption\":\"Maasleder\"},\"image\":{\"@id\":\"https:\\\/\\\/maasleder.com\\\/de\\\/#\\\/schema\\\/logo\\\/image\\\/\"}}]}<\/script>\n<!-- \/ Yoast SEO plugin. -->","yoast_head_json":{"title":"Maasleder | Stellenangebote","description":"Unser Team w\u00e4chst und wir sind immer auf der Suche nach engagierten Kollegen. Sehen Sie sich hier alle unsere Stellenangebote an.","robots":{"index":"index","follow":"follow","max-snippet":"max-snippet:-1","max-image-preview":"max-image-preview:large","max-video-preview":"max-video-preview:-1"},"canonical":"https:\/\/maasleder.com\/de\/stellenangebote\/","og_locale":"de_DE","og_type":"article","og_title":"Maasleder | Stellenangebote","og_description":"Unser Team w\u00e4chst und wir sind immer auf der Suche nach engagierten Kollegen. Sehen Sie sich hier alle unsere Stellenangebote an.","og_url":"https:\/\/maasleder.com\/de\/stellenangebote\/","og_site_name":"Maasleder","article_modified_time":"2024-10-30T14:44:44+00:00","twitter_card":"summary_large_image","schema":{"@context":"https:\/\/schema.org","@graph":[{"@type":"WebPage","@id":"https:\/\/maasleder.com\/de\/stellenangebote\/","url":"https:\/\/maasleder.com\/de\/stellenangebote\/","name":"Maasleder | Stellenangebote","isPartOf":{"@id":"https:\/\/maasleder.com\/de\/#website"},"datePublished":"2022-12-06T15:07:59+00:00","dateModified":"2024-10-30T14:44:44+00:00","description":"Unser Team w\u00e4chst und wir sind immer auf der Suche nach engagierten Kollegen. Sehen Sie sich hier alle unsere Stellenangebote an.","breadcrumb":{"@id":"https:\/\/maasleder.com\/de\/stellenangebote\/#breadcrumb"},"inLanguage":"de","potentialAction":[{"@type":"ReadAction","target":["https:\/\/maasleder.com\/de\/stellenangebote\/"]}]},{"@type":"BreadcrumbList","@id":"https:\/\/maasleder.com\/de\/stellenangebote\/#breadcrumb","itemListElement":[{"@type":"ListItem","position":1,"name":"Home","item":"https:\/\/maasleder.com\/de\/"},{"@type":"ListItem","position":2,"name":"Stellenangebote"}]},{"@type":"WebSite","@id":"https:\/\/maasleder.com\/de\/#website","url":"https:\/\/maasleder.com\/de\/","name":"Maasleder","description":"Shop the best leather online","publisher":{"@id":"https:\/\/maasleder.com\/de\/#organization"},"potentialAction":[{"@type":"SearchAction","target":{"@type":"EntryPoint","urlTemplate":"https:\/\/maasleder.com\/de\/?s={search_term_string}"},"query-input":{"@type":"PropertyValueSpecification","valueRequired":true,"valueName":"search_term_string"}}],"inLanguage":"de"},{"@type":"Organization","@id":"https:\/\/maasleder.com\/de\/#organization","name":"Maasleder","url":"https:\/\/maasleder.com\/de\/","logo":{"@type":"ImageObject","inLanguage":"de","@id":"https:\/\/maasleder.com\/de\/#\/schema\/logo\/image\/","url":"https:\/\/maasleder.com\/wp-content\/uploads\/2024\/01\/cropped-maasleder-logo-full.png","contentUrl":"https:\/\/maasleder.com\/wp-content\/uploads\/2024\/01\/cropped-maasleder-logo-full.png","width":226,"height":53,"caption":"Maasleder"},"image":{"@id":"https:\/\/maasleder.com\/de\/#\/schema\/logo\/image\/"}}]}},"_links":{"self":[{"href":"https:\/\/maasleder.com\/de\/wp-json\/wp\/v2\/pages\/4598","targetHints":{"allow":["GET"]}}],"collection":[{"href":"https:\/\/maasleder.com\/de\/wp-json\/wp\/v2\/pages"}],"about":[{"href":"https:\/\/maasleder.com\/de\/wp-json\/wp\/v2\/types\/page"}],"author":[{"embeddable":true,"href":"https:\/\/maasleder.com\/de\/wp-json\/wp\/v2\/users\/1"}],"replies":[{"embeddable":true,"href":"https:\/\/maasleder.com\/de\/wp-json\/wp\/v2\/comments?post=4598"}],"version-history":[{"count":6,"href":"https:\/\/maasleder.com\/de\/wp-json\/wp\/v2\/pages\/4598\/revisions"}],"predecessor-version":[{"id":11692,"href":"https:\/\/maasleder.com\/de\/wp-json\/wp\/v2\/pages\/4598\/revisions\/11692"}],"wp:attachment":[{"href":"https:\/\/maasleder.com\/de\/wp-json\/wp\/v2\/media?parent=4598"}],"curies":[{"name":"wp","href":"https:\/\/api.w.org\/{rel}","templated":true}]}}