{"id":4588,"date":"2022-10-26T07:12:54","date_gmt":"2022-10-26T05:12:54","guid":{"rendered":"https:\/\/maasleder.thesequel.nl\/orthopedie\/"},"modified":"2024-10-30T16:57:26","modified_gmt":"2024-10-30T15:57:26","slug":"orthopaedie","status":"publish","type":"page","link":"https:\/\/maasleder.com\/de\/branchen\/orthopaedie\/","title":{"rendered":"Orthop\u00e4die"},"content":{"rendered":"\n<section id=\"content-2-block_e56648f64082a5a16b80c66861609293\" class=\" m-0 align-items-top align-text-left align-left image-swirl-main image\">\n    <div class=\"background\" style=\"\">\n                <div class=\"container\">\n            <div class=\"row\">\n                \n                \n                \n                \n                                <div class=\"first-col col-4\">\n                    <h1><span lang=\"DE\">Leder f\u00fcr die Orthop\u00e4die: Orthop\u00e4dische Schuhe<\/span><\/h1>\n<p>,,Orthop\u00e4disches Schuhwerk muss maximalen Halt bieten. Darauf muss sich der Tr\u00e4ger verlassen k\u00f6nnen. Ihre Kunden wollen aber auch im \u00fcbertragenen Sinne selbstbewusst auftreten. Ein sch\u00f6nes Design mit Qualit\u00e4tsleder ist daf\u00fcr unerl\u00e4sslich. Unsere aktuelle Lederkollektion garantiert dies.&#8220;<\/p>\n<p><strong>\u2013 Gerard Maas<\/strong><\/p>\n                                                                            <\/div>\n\n                <div class=\"second-col  image-swirl col-8\">\n                    <svg xmlns=\"http:\/\/www.w3.org\/2000\/svg\" version=\"1.1\" viewBox=\"0 0 172.65 668\">\n    <path class=\"cls-1\"\n        d=\"M0,668h172.65c.5-48.62-25.46-102.33-67.16-129.49-15.68-10.21-31.7-17.13-47.56-25.52-28.47-15.06-46.84-54.39-37.01-82.3,3.7-10.52,12-17.99,20.33-21.89,15.14-7.09,31.16-12.25,47.22-17.17-.12-.3-.06-.15,0,0,9.92-4.01,20.38-6.83,29.63-12.27,18.34-10.77,29.57-30.95,33.15-60.41,3.3-27.18-2.41-54.47-19.31-81.83-6.63-10.73-13.39-21.33-20.07-32.01-20.81-33.23-26.39-62.46-17.14-91.72,3.26-10.31,6.61-20.74,11.23-29.51C118.05,60.9,118.73,32.07,112.94,0H0v668Z\" \/>\n<\/svg>                    <div class=\"image-container\"><img decoding=\"async\" width=\"2560\" height=\"1440\" src=\"https:\/\/maasleder.com\/wp-content\/uploads\/2023\/12\/Maasleder_KWALITEIT_bew_web.jpg\" class=\"attachment-full size-full\" alt=\"\" srcset=\"https:\/\/maasleder.com\/wp-content\/uploads\/2023\/12\/Maasleder_KWALITEIT_bew_web.jpg 2560w, https:\/\/maasleder.com\/wp-content\/uploads\/2023\/12\/Maasleder_KWALITEIT_bew_web-300x169.jpg 300w, https:\/\/maasleder.com\/wp-content\/uploads\/2023\/12\/Maasleder_KWALITEIT_bew_web-1024x576.jpg 1024w, https:\/\/maasleder.com\/wp-content\/uploads\/2023\/12\/Maasleder_KWALITEIT_bew_web-768x432.jpg 768w, https:\/\/maasleder.com\/wp-content\/uploads\/2023\/12\/Maasleder_KWALITEIT_bew_web-1536x864.jpg 1536w, https:\/\/maasleder.com\/wp-content\/uploads\/2023\/12\/Maasleder_KWALITEIT_bew_web-2048x1152.jpg 2048w, https:\/\/maasleder.com\/wp-content\/uploads\/2023\/12\/Maasleder_KWALITEIT_bew_web-2000x1125.jpg 2000w, https:\/\/maasleder.com\/wp-content\/uploads\/2023\/12\/Maasleder_KWALITEIT_bew_web-1000x563.jpg 1000w, https:\/\/maasleder.com\/wp-content\/uploads\/2023\/12\/Maasleder_KWALITEIT_bew_web-50x28.jpg 50w, https:\/\/maasleder.com\/wp-content\/uploads\/2023\/12\/Maasleder_KWALITEIT_bew_web-600x338.jpg 600w\" sizes=\"(max-width: 2560px) 100vw, 2560px\" \/><\/div>                <\/div>\n                            <\/div>\n        <\/div>\n            <\/div>\n<\/section>\n\n\n<section id=\"content-2-block_46a2b7919a62c5960bc124beb27c3305\" class=\" align-items-top align-text-left align-right image-swirl-main image\">\n    <div class=\"background\" style=\"\">\n                <div class=\"container\">\n            <div class=\"row\">\n                \n                \n                \n                \n                                <div class=\"first-col col-6\">\n                    <h2>Spezialisierte Herangehensweise f\u00fcr Ihre Produkte<\/h2>\n<p>Eine spezielle Branche erfordert eine spezielle Herangehensweise. Dank jahrelanger Erfahrung wissen wir, welche Anforderungen in der Orthop\u00e4die an Schuhe gestellt werden, weshalb wir eine breite Palette von Artikeln anbieten, die sich ideal f\u00fcr orthop\u00e4dische Anwendungen eignen. Einzigartig in unserer Kollektion ist die M\u00f6glichkeit, verschiedene Artikel miteinander zu kombinieren. Die Artikel und Farben sind so aufeinander abgestimmt, dass sich unendlich \u00fcberraschende Kombinationen erstellen lassen, von Ton in Ton bis kontrastreich.<\/p>\n<p>Wir beliefern nicht nur Orthop\u00e4dieschuhmacher in ganz Europa, sondern arbeiten auch eng mit vielen internationalen Herstellern von orthop\u00e4dischen Schuhen zusammen. Sie haben oft unsere gesamte Kollektion auf Lager und k\u00f6nnen jedes gew\u00fcnschte Modell in Leder von Maasleder liefern.<\/p>\n                                                                            <\/div>\n\n                <div class=\"second-col  image-swirl col-6\">\n                    <svg xmlns=\"http:\/\/www.w3.org\/2000\/svg\" version=\"1.1\" viewBox=\"0 0 172.65 668\">\n    <path class=\"cls-1\"\n        d=\"M0,668h172.65c.5-48.62-25.46-102.33-67.16-129.49-15.68-10.21-31.7-17.13-47.56-25.52-28.47-15.06-46.84-54.39-37.01-82.3,3.7-10.52,12-17.99,20.33-21.89,15.14-7.09,31.16-12.25,47.22-17.17-.12-.3-.06-.15,0,0,9.92-4.01,20.38-6.83,29.63-12.27,18.34-10.77,29.57-30.95,33.15-60.41,3.3-27.18-2.41-54.47-19.31-81.83-6.63-10.73-13.39-21.33-20.07-32.01-20.81-33.23-26.39-62.46-17.14-91.72,3.26-10.31,6.61-20.74,11.23-29.51C118.05,60.9,118.73,32.07,112.94,0H0v668Z\" \/>\n<\/svg>                    <div class=\"image-container\"><img decoding=\"async\" width=\"2560\" height=\"1440\" src=\"https:\/\/maasleder.com\/wp-content\/uploads\/2023\/12\/Maasleder_VERRASSEND_bew_web.jpg\" class=\"attachment-full size-full\" alt=\"leersoorten\" srcset=\"https:\/\/maasleder.com\/wp-content\/uploads\/2023\/12\/Maasleder_VERRASSEND_bew_web.jpg 2560w, https:\/\/maasleder.com\/wp-content\/uploads\/2023\/12\/Maasleder_VERRASSEND_bew_web-300x169.jpg 300w, https:\/\/maasleder.com\/wp-content\/uploads\/2023\/12\/Maasleder_VERRASSEND_bew_web-1024x576.jpg 1024w, https:\/\/maasleder.com\/wp-content\/uploads\/2023\/12\/Maasleder_VERRASSEND_bew_web-768x432.jpg 768w, https:\/\/maasleder.com\/wp-content\/uploads\/2023\/12\/Maasleder_VERRASSEND_bew_web-1536x864.jpg 1536w, https:\/\/maasleder.com\/wp-content\/uploads\/2023\/12\/Maasleder_VERRASSEND_bew_web-2048x1152.jpg 2048w, https:\/\/maasleder.com\/wp-content\/uploads\/2023\/12\/Maasleder_VERRASSEND_bew_web-2000x1125.jpg 2000w, https:\/\/maasleder.com\/wp-content\/uploads\/2023\/12\/Maasleder_VERRASSEND_bew_web-1000x563.jpg 1000w, https:\/\/maasleder.com\/wp-content\/uploads\/2023\/12\/Maasleder_VERRASSEND_bew_web-50x28.jpg 50w, https:\/\/maasleder.com\/wp-content\/uploads\/2023\/12\/Maasleder_VERRASSEND_bew_web-600x338.jpg 600w\" sizes=\"(max-width: 2560px) 100vw, 2560px\" \/><\/div>                <\/div>\n                            <\/div>\n        <\/div>\n            <\/div>\n<\/section>\n\n\n<section id=\"content-2-block_024bca59cba89d4f242344f1770d2cb5\" class=\" align-items-top align-text-left align-left image\">\n    <div class=\"background\" style=\"\">\n                <div class=\"container\">\n            <div class=\"row\">\n                \n                \n                \n                \n                                <div class=\"first-col col-6\">\n                    <h2><span lang=\"DE\">Das beste Qualit\u00e4tsleder f\u00fcr ma\u00dfgefertigte Schuhe<\/span><\/h2>\n<p>Ihr Schuh sollte den Kunden bestm\u00f6glich unterst\u00fctzen. Gleichzeitig m\u00f6chten Sie als orthop\u00e4discher Schuhmacher einen Schuh herstellen, der sch\u00f6n aussieht. Maasleder ist ein spezialisierter Lederlieferant f\u00fcr orthop\u00e4dische Schuhmacher (OST). Dank unserer langj\u00e4hrigen Erfahrung wissen wir genau, was der Vermessende\/Techniker braucht, um gemeinsam mit dem Kunden die richtigen Entscheidungen zu treffen. Schlie\u00dflich ist das Messen und Anfertigen von orthop\u00e4dischen Schuhen eine kostspielige Angelegenheit und erfordert eine wohl\u00fcberlegte Wahl des Leders. Wir bieten Ihnen eine beratende und unterst\u00fctzende Rolle in diesem Prozess, damit Sie Ihrem Kunden das beste Endprodukt anbieten k\u00f6nnen.<\/p>\n                                                                            <\/div>\n\n                <div class=\"second-col  col-6\">\n                                        <div class=\"image-container\"><img decoding=\"async\" width=\"1920\" height=\"1080\" src=\"https:\/\/maasleder.com\/wp-content\/uploads\/2024\/09\/maasleder_magazijn0_75A5554_grijs.jpg\" class=\"attachment-full size-full\" alt=\"\" srcset=\"https:\/\/maasleder.com\/wp-content\/uploads\/2024\/09\/maasleder_magazijn0_75A5554_grijs.jpg 1920w, https:\/\/maasleder.com\/wp-content\/uploads\/2024\/09\/maasleder_magazijn0_75A5554_grijs-300x169.jpg 300w, https:\/\/maasleder.com\/wp-content\/uploads\/2024\/09\/maasleder_magazijn0_75A5554_grijs-1024x576.jpg 1024w, https:\/\/maasleder.com\/wp-content\/uploads\/2024\/09\/maasleder_magazijn0_75A5554_grijs-768x432.jpg 768w, https:\/\/maasleder.com\/wp-content\/uploads\/2024\/09\/maasleder_magazijn0_75A5554_grijs-1536x864.jpg 1536w, https:\/\/maasleder.com\/wp-content\/uploads\/2024\/09\/maasleder_magazijn0_75A5554_grijs-1000x563.jpg 1000w, https:\/\/maasleder.com\/wp-content\/uploads\/2024\/09\/maasleder_magazijn0_75A5554_grijs-50x28.jpg 50w, https:\/\/maasleder.com\/wp-content\/uploads\/2024\/09\/maasleder_magazijn0_75A5554_grijs-600x338.jpg 600w\" sizes=\"(max-width: 1920px) 100vw, 1920px\" \/><\/div>                <\/div>\n                            <\/div>\n        <\/div>\n            <\/div>\n<\/section>\n\n\n<section id=\"content-2-block_30e28961cd2844e9eb71a013581c57d9\" class=\" align-items-top align-text-left align-right background-enabled text\">\n    <div class=\"background\" style=\"background-image: url('https:\/\/maasleder.com\/wp-content\/uploads\/2024\/08\/M703.jpg'); \">\n                <div class=\"container\">\n            <div class=\"row\">\n                \n                \n                \n                <div class=\"col-6\">\n                    <h2><span lang=\"DE\">Der Lederspezialist f\u00fcr moderne orthop\u00e4dische Schuhe f\u00fcr Damen, Herren und Kinder<\/span><\/h2>\n<p>Bestellen Sie in unserem Onlineshop Qualit\u00e4tsleder f\u00fcr orthop\u00e4dische Damen-, Herren- und Kinderschuhe. Haben Sie Fragen? Wir beraten Sie gerne!<\/p>\n                    <a href=\"https:\/\/maasleder.com\/de\/kontakt\/ \" target=\"\" class=\"btn-orange\">Kontaktieren Sie uns<\/a>\n                                    <\/div>\n                <div class=\"col-6\">\n                    <h2><span lang=\"DE\">Trendige orthop\u00e4dische Sneaker, Sandalen und andere medizinische Schuhe f\u00fcr Damen, Herren und Kinder<\/span><\/h2>\n<p>In der Vergangenheit war ein orthop\u00e4discher Schuh ein rein funktionelles Hilfsmittel, was dazu f\u00fchrte, dass es unter \u00e4sthetischen Gesichtspunkten nur wenige M\u00f6glichkeiten gab. Dank unserer Kollektion kann ein orthop\u00e4discher Schuh hergestellt werden, der den pers\u00f6nlichen W\u00fcnschen des Kunden entspricht. Dies erh\u00f6ht die Chance auf konsistentes Tragen und steigert somit die Wirksamkeit des medizinischen Hilfsmittels.<\/p>\n                    \n                                    <\/div>\n                \n                \n                            <\/div>\n        <\/div>\n            <\/div>\n<\/section>\n\n\n<section id=\"content-2-block_f1142c7c8addd7c8fc0c0635d8ae0b35\" class=\" align-items-top align-text-left align-left text_full_width\">\n    <div class=\"background\" style=\"\">\n                <div class=\"container\">\n            <div class=\"row\">\n                \n                                <div class=\"col-8\">\n                    <h2>MDR<\/h2>\n<p>Nach einer Umsetzungsfrist von vier Jahren ist am 26. Mai 2021 die europ\u00e4ische Verordnung (EU) 2017\/745 Medizinprodukteverordnung (Medical Devices Regulation (MDR)) in Kraft getreten. Diese Regelung hat Folgen f\u00fcr Hersteller von Medizinprodukten und Orthop\u00e4dieschuhhersteller, da sie strengere Sicherheits- und Qualit\u00e4tsanforderungen erf\u00fcllen m\u00fcssen.<\/p>\n<p>Maasleder k\u00fcmmert sich f\u00fcr Sie um alles im Bereich Ledereinkauf. Erfahren Sie mehr dar\u00fcber auf unserer Seite G\u00fctezeichen und Zertifizierungen.<\/p>\n<p><img decoding=\"async\" class=\"alignnone size-medium wp-image-7489\" src=\"https:\/\/maasleder.com\/wp-content\/uploads\/2024\/09\/mdr-1-300x119.png\" alt=\"MDR-keurmerk\" width=\"300\" height=\"119\" \/><\/p>\n<p>&nbsp;<\/p>\n                    <div class=\"button-container\">\n                        <a href=\"https:\/\/maasleder.com\/de\/gutezeichen\/\" target=\"\" class=\"btn-orange\">G\u00fctezeichen und Zertifizierungen<\/a>                        <a href=\"https:\/\/maasleder.com\/de\/webshop\/\" target=\"\" class=\"link\">Direkt bestellen<\/a>                    <\/div>\n                <\/div>\n                \n                \n                \n                            <\/div>\n        <\/div>\n            <\/div>\n<\/section>","protected":false},"excerpt":{"rendered":"","protected":false},"author":1,"featured_media":0,"parent":10111,"menu_order":0,"comment_status":"closed","ping_status":"closed","template":"","meta":{"_acf_changed":false,"footnotes":""},"class_list":["post-4588","page","type-page","status-publish","hentry"],"acf":[],"yoast_head":"<!-- This site is optimized with the Yoast SEO plugin v27.3 - https:\/\/yoast.com\/product\/yoast-seo-wordpress\/ -->\n<title>Maasleder | Modeleder f\u00fcr orthop\u00e4dische Schuhe<\/title>\n<meta name=\"description\" content=\"Wir bieten Qualit\u00e4tsleder f\u00fcr orthop\u00e4dische Schuhe f\u00fcr Damen, Herren und Kinder. Bestellen Sie ganz einfach online in unserem Onlineshop.\" \/>\n<meta name=\"robots\" content=\"index, follow, max-snippet:-1, max-image-preview:large, max-video-preview:-1\" \/>\n<link rel=\"canonical\" href=\"https:\/\/maasleder.com\/de\/branchen\/orthopaedie\/\" \/>\n<meta property=\"og:locale\" content=\"de_DE\" \/>\n<meta property=\"og:type\" content=\"article\" \/>\n<meta property=\"og:title\" content=\"Maasleder | Modeleder f\u00fcr orthop\u00e4dische Schuhe\" \/>\n<meta property=\"og:description\" content=\"Wir bieten Qualit\u00e4tsleder f\u00fcr orthop\u00e4dische Schuhe f\u00fcr Damen, Herren und Kinder. Bestellen Sie ganz einfach online in unserem Onlineshop.\" \/>\n<meta property=\"og:url\" content=\"https:\/\/maasleder.com\/de\/branchen\/orthopaedie\/\" \/>\n<meta property=\"og:site_name\" content=\"Maasleder\" \/>\n<meta property=\"article:modified_time\" content=\"2024-10-30T15:57:26+00:00\" \/>\n<meta name=\"twitter:card\" content=\"summary_large_image\" \/>\n<script type=\"application\/ld+json\" class=\"yoast-schema-graph\">{\"@context\":\"https:\\\/\\\/schema.org\",\"@graph\":[{\"@type\":\"WebPage\",\"@id\":\"https:\\\/\\\/maasleder.com\\\/de\\\/branchen\\\/orthopaedie\\\/\",\"url\":\"https:\\\/\\\/maasleder.com\\\/de\\\/branchen\\\/orthopaedie\\\/\",\"name\":\"Maasleder | Modeleder f\u00fcr orthop\u00e4dische Schuhe\",\"isPartOf\":{\"@id\":\"https:\\\/\\\/maasleder.com\\\/de\\\/#website\"},\"datePublished\":\"2022-10-26T05:12:54+00:00\",\"dateModified\":\"2024-10-30T15:57:26+00:00\",\"description\":\"Wir bieten Qualit\u00e4tsleder f\u00fcr orthop\u00e4dische Schuhe f\u00fcr Damen, Herren und Kinder. Bestellen Sie ganz einfach online in unserem Onlineshop.\",\"breadcrumb\":{\"@id\":\"https:\\\/\\\/maasleder.com\\\/de\\\/branchen\\\/orthopaedie\\\/#breadcrumb\"},\"inLanguage\":\"de\",\"potentialAction\":[{\"@type\":\"ReadAction\",\"target\":[\"https:\\\/\\\/maasleder.com\\\/de\\\/branchen\\\/orthopaedie\\\/\"]}]},{\"@type\":\"BreadcrumbList\",\"@id\":\"https:\\\/\\\/maasleder.com\\\/de\\\/branchen\\\/orthopaedie\\\/#breadcrumb\",\"itemListElement\":[{\"@type\":\"ListItem\",\"position\":1,\"name\":\"Home\",\"item\":\"https:\\\/\\\/maasleder.com\\\/de\\\/\"},{\"@type\":\"ListItem\",\"position\":2,\"name\":\"Branchen\",\"item\":\"https:\\\/\\\/maasleder.com\\\/de\\\/branchen\\\/\"},{\"@type\":\"ListItem\",\"position\":3,\"name\":\"Orthop\u00e4die\"}]},{\"@type\":\"WebSite\",\"@id\":\"https:\\\/\\\/maasleder.com\\\/de\\\/#website\",\"url\":\"https:\\\/\\\/maasleder.com\\\/de\\\/\",\"name\":\"Maasleder\",\"description\":\"Shop the best leather online\",\"publisher\":{\"@id\":\"https:\\\/\\\/maasleder.com\\\/de\\\/#organization\"},\"potentialAction\":[{\"@type\":\"SearchAction\",\"target\":{\"@type\":\"EntryPoint\",\"urlTemplate\":\"https:\\\/\\\/maasleder.com\\\/de\\\/?s={search_term_string}\"},\"query-input\":{\"@type\":\"PropertyValueSpecification\",\"valueRequired\":true,\"valueName\":\"search_term_string\"}}],\"inLanguage\":\"de\"},{\"@type\":\"Organization\",\"@id\":\"https:\\\/\\\/maasleder.com\\\/de\\\/#organization\",\"name\":\"Maasleder\",\"url\":\"https:\\\/\\\/maasleder.com\\\/de\\\/\",\"logo\":{\"@type\":\"ImageObject\",\"inLanguage\":\"de\",\"@id\":\"https:\\\/\\\/maasleder.com\\\/de\\\/#\\\/schema\\\/logo\\\/image\\\/\",\"url\":\"https:\\\/\\\/maasleder.com\\\/wp-content\\\/uploads\\\/2024\\\/01\\\/cropped-maasleder-logo-full.png\",\"contentUrl\":\"https:\\\/\\\/maasleder.com\\\/wp-content\\\/uploads\\\/2024\\\/01\\\/cropped-maasleder-logo-full.png\",\"width\":226,\"height\":53,\"caption\":\"Maasleder\"},\"image\":{\"@id\":\"https:\\\/\\\/maasleder.com\\\/de\\\/#\\\/schema\\\/logo\\\/image\\\/\"}}]}<\/script>\n<!-- \/ Yoast SEO plugin. -->","yoast_head_json":{"title":"Maasleder | Modeleder f\u00fcr orthop\u00e4dische Schuhe","description":"Wir bieten Qualit\u00e4tsleder f\u00fcr orthop\u00e4dische Schuhe f\u00fcr Damen, Herren und Kinder. Bestellen Sie ganz einfach online in unserem Onlineshop.","robots":{"index":"index","follow":"follow","max-snippet":"max-snippet:-1","max-image-preview":"max-image-preview:large","max-video-preview":"max-video-preview:-1"},"canonical":"https:\/\/maasleder.com\/de\/branchen\/orthopaedie\/","og_locale":"de_DE","og_type":"article","og_title":"Maasleder | Modeleder f\u00fcr orthop\u00e4dische Schuhe","og_description":"Wir bieten Qualit\u00e4tsleder f\u00fcr orthop\u00e4dische Schuhe f\u00fcr Damen, Herren und Kinder. Bestellen Sie ganz einfach online in unserem Onlineshop.","og_url":"https:\/\/maasleder.com\/de\/branchen\/orthopaedie\/","og_site_name":"Maasleder","article_modified_time":"2024-10-30T15:57:26+00:00","twitter_card":"summary_large_image","schema":{"@context":"https:\/\/schema.org","@graph":[{"@type":"WebPage","@id":"https:\/\/maasleder.com\/de\/branchen\/orthopaedie\/","url":"https:\/\/maasleder.com\/de\/branchen\/orthopaedie\/","name":"Maasleder | Modeleder f\u00fcr orthop\u00e4dische Schuhe","isPartOf":{"@id":"https:\/\/maasleder.com\/de\/#website"},"datePublished":"2022-10-26T05:12:54+00:00","dateModified":"2024-10-30T15:57:26+00:00","description":"Wir bieten Qualit\u00e4tsleder f\u00fcr orthop\u00e4dische Schuhe f\u00fcr Damen, Herren und Kinder. Bestellen Sie ganz einfach online in unserem Onlineshop.","breadcrumb":{"@id":"https:\/\/maasleder.com\/de\/branchen\/orthopaedie\/#breadcrumb"},"inLanguage":"de","potentialAction":[{"@type":"ReadAction","target":["https:\/\/maasleder.com\/de\/branchen\/orthopaedie\/"]}]},{"@type":"BreadcrumbList","@id":"https:\/\/maasleder.com\/de\/branchen\/orthopaedie\/#breadcrumb","itemListElement":[{"@type":"ListItem","position":1,"name":"Home","item":"https:\/\/maasleder.com\/de\/"},{"@type":"ListItem","position":2,"name":"Branchen","item":"https:\/\/maasleder.com\/de\/branchen\/"},{"@type":"ListItem","position":3,"name":"Orthop\u00e4die"}]},{"@type":"WebSite","@id":"https:\/\/maasleder.com\/de\/#website","url":"https:\/\/maasleder.com\/de\/","name":"Maasleder","description":"Shop the best leather online","publisher":{"@id":"https:\/\/maasleder.com\/de\/#organization"},"potentialAction":[{"@type":"SearchAction","target":{"@type":"EntryPoint","urlTemplate":"https:\/\/maasleder.com\/de\/?s={search_term_string}"},"query-input":{"@type":"PropertyValueSpecification","valueRequired":true,"valueName":"search_term_string"}}],"inLanguage":"de"},{"@type":"Organization","@id":"https:\/\/maasleder.com\/de\/#organization","name":"Maasleder","url":"https:\/\/maasleder.com\/de\/","logo":{"@type":"ImageObject","inLanguage":"de","@id":"https:\/\/maasleder.com\/de\/#\/schema\/logo\/image\/","url":"https:\/\/maasleder.com\/wp-content\/uploads\/2024\/01\/cropped-maasleder-logo-full.png","contentUrl":"https:\/\/maasleder.com\/wp-content\/uploads\/2024\/01\/cropped-maasleder-logo-full.png","width":226,"height":53,"caption":"Maasleder"},"image":{"@id":"https:\/\/maasleder.com\/de\/#\/schema\/logo\/image\/"}}]}},"_links":{"self":[{"href":"https:\/\/maasleder.com\/de\/wp-json\/wp\/v2\/pages\/4588","targetHints":{"allow":["GET"]}}],"collection":[{"href":"https:\/\/maasleder.com\/de\/wp-json\/wp\/v2\/pages"}],"about":[{"href":"https:\/\/maasleder.com\/de\/wp-json\/wp\/v2\/types\/page"}],"author":[{"embeddable":true,"href":"https:\/\/maasleder.com\/de\/wp-json\/wp\/v2\/users\/1"}],"replies":[{"embeddable":true,"href":"https:\/\/maasleder.com\/de\/wp-json\/wp\/v2\/comments?post=4588"}],"version-history":[{"count":10,"href":"https:\/\/maasleder.com\/de\/wp-json\/wp\/v2\/pages\/4588\/revisions"}],"predecessor-version":[{"id":11706,"href":"https:\/\/maasleder.com\/de\/wp-json\/wp\/v2\/pages\/4588\/revisions\/11706"}],"up":[{"embeddable":true,"href":"https:\/\/maasleder.com\/de\/wp-json\/wp\/v2\/pages\/10111"}],"wp:attachment":[{"href":"https:\/\/maasleder.com\/de\/wp-json\/wp\/v2\/media?parent=4588"}],"curies":[{"name":"wp","href":"https:\/\/api.w.org\/{rel}","templated":true}]}}