{"id":4578,"date":"2022-11-24T16:08:17","date_gmt":"2022-11-24T15:08:17","guid":{"rendered":"https:\/\/maasleder.thesequel.nl\/mdr\/"},"modified":"2024-10-30T14:47:58","modified_gmt":"2024-10-30T13:47:58","slug":"gutezeichen","status":"publish","type":"page","link":"https:\/\/maasleder.com\/de\/gutezeichen\/","title":{"rendered":"G\u00fctezeichen"},"content":{"rendered":"\n<section id=\"content-2-block_f166c93ccdf1ddd14da25f386b65bc1d\" class=\" is-style-afbeelding_positie_links m-0 align-items-top align-text-left align-left image-swirl-main image\">\n    <div class=\"background\" style=\"\">\n                <div class=\"container\">\n            <div class=\"row\">\n                \n                \n                \n                \n                                <div class=\"first-col col-6\">\n                    <h1><span lang=\"DE\">G\u00fctezeichen und Zertifizierungen<\/span><\/h1>\n<p>Soziale Unternehmensverantwortung und Nachhaltigkeit sind f\u00fcr uns eine Voraussetzung. Eine solide Beziehung zu unseren Kunden und Lieferanten ist von gr\u00f6\u00dfter Bedeutung. In der Zusammenarbeit mit Gerbereien achten wir sehr auf korrekte Arbeitsbedingungen und die Umwelt. Unsere Lieferanten sind an einen Verhaltenskodex gebunden.<\/p>\n                                                                            <\/div>\n\n                <div class=\"second-col  image-swirl col-6\">\n                    <svg xmlns=\"http:\/\/www.w3.org\/2000\/svg\" version=\"1.1\" viewBox=\"0 0 172.65 668\">\n    <path class=\"cls-1\"\n        d=\"M0,668h172.65c.5-48.62-25.46-102.33-67.16-129.49-15.68-10.21-31.7-17.13-47.56-25.52-28.47-15.06-46.84-54.39-37.01-82.3,3.7-10.52,12-17.99,20.33-21.89,15.14-7.09,31.16-12.25,47.22-17.17-.12-.3-.06-.15,0,0,9.92-4.01,20.38-6.83,29.63-12.27,18.34-10.77,29.57-30.95,33.15-60.41,3.3-27.18-2.41-54.47-19.31-81.83-6.63-10.73-13.39-21.33-20.07-32.01-20.81-33.23-26.39-62.46-17.14-91.72,3.26-10.31,6.61-20.74,11.23-29.51C118.05,60.9,118.73,32.07,112.94,0H0v668Z\" \/>\n<\/svg>                    <div class=\"image-container\"><img decoding=\"async\" width=\"1920\" height=\"1080\" src=\"https:\/\/maasleder.com\/wp-content\/uploads\/2024\/09\/maasleder-tests-leder.jpg\" class=\"attachment-full size-full\" alt=\"\" srcset=\"https:\/\/maasleder.com\/wp-content\/uploads\/2024\/09\/maasleder-tests-leder.jpg 1920w, https:\/\/maasleder.com\/wp-content\/uploads\/2024\/09\/maasleder-tests-leder-300x169.jpg 300w, https:\/\/maasleder.com\/wp-content\/uploads\/2024\/09\/maasleder-tests-leder-1024x576.jpg 1024w, https:\/\/maasleder.com\/wp-content\/uploads\/2024\/09\/maasleder-tests-leder-768x432.jpg 768w, https:\/\/maasleder.com\/wp-content\/uploads\/2024\/09\/maasleder-tests-leder-1536x864.jpg 1536w, https:\/\/maasleder.com\/wp-content\/uploads\/2024\/09\/maasleder-tests-leder-1000x563.jpg 1000w, https:\/\/maasleder.com\/wp-content\/uploads\/2024\/09\/maasleder-tests-leder-50x28.jpg 50w, https:\/\/maasleder.com\/wp-content\/uploads\/2024\/09\/maasleder-tests-leder-600x338.jpg 600w\" sizes=\"(max-width: 1920px) 100vw, 1920px\" \/><\/div>                <\/div>\n                            <\/div>\n        <\/div>\n            <\/div>\n<\/section>\n\n\n<section id=\"content-2-block_221eedbd1b7e0d9b2b6684fdc2f36fb8\" class=\" is-style-afbeelding_positie_rechts align-items-top align-text-left align-left text_full_width\">\n    <div class=\"background\" style=\"\">\n                <div class=\"container\">\n            <div class=\"row\">\n                \n                                <div class=\"col-8\">\n                    <h2>Intern und extern gepr\u00fcftes Leder, das der MDR-Verordnung entspricht<\/h2>\n<p>Unser Leder wird innen und au\u00dfen ausgiebig nach den aktuellen europ\u00e4ischen Richtlinien und unseren eigenen Qualit\u00e4tsanforderungen gepr\u00fcft. Bei Maasleder k\u00f6nnen Sie sicher sein, dass Sie ein ehrliches Produkt erhalten, das unter Ber\u00fccksichtigung aktueller gesellschaftlicher Themen hergestellt wird.<\/p>\n<p>Um eine verantwortungsvolle Verwendung in Medizinprodukten zu gew\u00e4hrleisten, entspricht unser Leder den Grunds\u00e4tzen der europ\u00e4ischen MDR-Verordnung.<\/p>\n<p><img decoding=\"async\" class=\"alignnone wp-image-7489 size-medium\" src=\"https:\/\/maasleder.com\/wp-content\/uploads\/2024\/09\/mdr-1-300x119.png\" alt=\"\" width=\"300\" height=\"119\" \/><\/p>\n<p>Nach einer Umsetzungsfrist von vier Jahren ist am 26. Mai 2021 die europ\u00e4ische Verordnung (EU) 2017\/745 Medizinprodukteverordnung (Medical Devices Regulation (MDR)) in Kraft getreten. Diese Verordnung hat Folgen f\u00fcr Hersteller von Medizinprodukten und Orthop\u00e4dieschuhhersteller, da sie strengere Sicherheits- und Qualit\u00e4tsanforderungen erf\u00fcllen m\u00fcssen.<\/p>\n<h2><strong>Qualit\u00e4tsmanagementsystem f\u00fcr eder von h\u00f6chster Qualit\u00e4t<\/strong><\/h2>\n<p>Maasleder k\u00fcmmert sich f\u00fcr Sie um alles im Bereich Ledereinkauf. Sie k\u00f6nnen sich darauf verlassen, dass Maasleder:<\/p>\n<ul>\n<li>ein Qualit\u00e4tsmanagementsystem basierend auf den Prinzipien von ISO 13485 implementiert hat;<\/li>\n<li>die h\u00f6chsten Qualit\u00e4tsstandards einh\u00e4lt;<\/li>\n<li>\u00fcber das ERP-System UNIT4 Multivers Extended verf\u00fcgt, das die R\u00fcckverfolgbarkeit vom Gerberei bis zur Lieferung gew\u00e4hrleistet;<\/li>\n<li>die zus\u00e4tzlichen Kriterien f\u00fcr Produkte erf\u00fcllt, die direkten Hautkontakt haben;<\/li>\n<li>seine Materialien in akkreditierten Laboren auf chemische und physikalische Eigenschaften testen l\u00e4sst.<\/li>\n<\/ul>\n<p>Die Anforderungen an die R\u00fcckverfolgbarkeit in der gesamten Lieferkette sind eine der \u00c4nderungen, die die MDR mit sich bringt. Ab M\u00e4rz 2021 werden wir daher die Chargennummern der gelieferten Artikel auf unsere Lieferscheine drucken.<\/p>\n<p>&nbsp;<\/p>\n<h2><strong>Fragen? Kontaktieren Sie uns<\/strong><\/h2>\n<p>Haben Sie Fragen zur MDR oder zur Art und Weise, wie Maasleder diese Gesetzgebung umsetzt? Dann kontaktieren Sie uns! Gerne beantworten wir Ihre Fragen und unterst\u00fctzen Sie konstruktiv bei Ihrer eigenen MDR-Konformit\u00e4t.<\/p>\n                    <div class=\"button-container\">\n                                                                    <\/div>\n                <\/div>\n                \n                \n                \n                            <\/div>\n        <\/div>\n            <\/div>\n<\/section>","protected":false},"excerpt":{"rendered":"","protected":false},"author":1,"featured_media":0,"parent":0,"menu_order":0,"comment_status":"closed","ping_status":"closed","template":"","meta":{"_acf_changed":false,"footnotes":""},"class_list":["post-4578","page","type-page","status-publish","hentry"],"acf":[],"yoast_head":"<!-- This site is optimized with the Yoast SEO plugin v27.3 - https:\/\/yoast.com\/product\/yoast-seo-wordpress\/ -->\n<title>Maasleder | G\u00fctezeichen<\/title>\n<meta name=\"description\" content=\"Alle unsere Leder werden verantwortungsbewusst produziert und entsprechen den geltenden europ\u00e4ischen Rechtsvorschriften.\" \/>\n<meta name=\"robots\" content=\"index, follow, max-snippet:-1, max-image-preview:large, max-video-preview:-1\" \/>\n<link rel=\"canonical\" href=\"https:\/\/maasleder.com\/de\/gutezeichen\/\" \/>\n<meta property=\"og:locale\" content=\"de_DE\" \/>\n<meta property=\"og:type\" content=\"article\" \/>\n<meta property=\"og:title\" content=\"Maasleder | G\u00fctezeichen\" \/>\n<meta property=\"og:description\" content=\"Alle unsere Leder werden verantwortungsbewusst produziert und entsprechen den geltenden europ\u00e4ischen Rechtsvorschriften.\" \/>\n<meta property=\"og:url\" content=\"https:\/\/maasleder.com\/de\/gutezeichen\/\" \/>\n<meta property=\"og:site_name\" content=\"Maasleder\" \/>\n<meta property=\"article:modified_time\" content=\"2024-10-30T13:47:58+00:00\" \/>\n<meta name=\"twitter:card\" content=\"summary_large_image\" \/>\n<script type=\"application\/ld+json\" class=\"yoast-schema-graph\">{\"@context\":\"https:\\\/\\\/schema.org\",\"@graph\":[{\"@type\":\"WebPage\",\"@id\":\"https:\\\/\\\/maasleder.com\\\/de\\\/gutezeichen\\\/\",\"url\":\"https:\\\/\\\/maasleder.com\\\/de\\\/gutezeichen\\\/\",\"name\":\"Maasleder | G\u00fctezeichen\",\"isPartOf\":{\"@id\":\"https:\\\/\\\/maasleder.com\\\/de\\\/#website\"},\"datePublished\":\"2022-11-24T15:08:17+00:00\",\"dateModified\":\"2024-10-30T13:47:58+00:00\",\"description\":\"Alle unsere Leder werden verantwortungsbewusst produziert und entsprechen den geltenden europ\u00e4ischen Rechtsvorschriften.\",\"breadcrumb\":{\"@id\":\"https:\\\/\\\/maasleder.com\\\/de\\\/gutezeichen\\\/#breadcrumb\"},\"inLanguage\":\"de\",\"potentialAction\":[{\"@type\":\"ReadAction\",\"target\":[\"https:\\\/\\\/maasleder.com\\\/de\\\/gutezeichen\\\/\"]}]},{\"@type\":\"BreadcrumbList\",\"@id\":\"https:\\\/\\\/maasleder.com\\\/de\\\/gutezeichen\\\/#breadcrumb\",\"itemListElement\":[{\"@type\":\"ListItem\",\"position\":1,\"name\":\"Home\",\"item\":\"https:\\\/\\\/maasleder.com\\\/de\\\/\"},{\"@type\":\"ListItem\",\"position\":2,\"name\":\"G\u00fctezeichen\"}]},{\"@type\":\"WebSite\",\"@id\":\"https:\\\/\\\/maasleder.com\\\/de\\\/#website\",\"url\":\"https:\\\/\\\/maasleder.com\\\/de\\\/\",\"name\":\"Maasleder\",\"description\":\"Shop the best leather online\",\"publisher\":{\"@id\":\"https:\\\/\\\/maasleder.com\\\/de\\\/#organization\"},\"potentialAction\":[{\"@type\":\"SearchAction\",\"target\":{\"@type\":\"EntryPoint\",\"urlTemplate\":\"https:\\\/\\\/maasleder.com\\\/de\\\/?s={search_term_string}\"},\"query-input\":{\"@type\":\"PropertyValueSpecification\",\"valueRequired\":true,\"valueName\":\"search_term_string\"}}],\"inLanguage\":\"de\"},{\"@type\":\"Organization\",\"@id\":\"https:\\\/\\\/maasleder.com\\\/de\\\/#organization\",\"name\":\"Maasleder\",\"url\":\"https:\\\/\\\/maasleder.com\\\/de\\\/\",\"logo\":{\"@type\":\"ImageObject\",\"inLanguage\":\"de\",\"@id\":\"https:\\\/\\\/maasleder.com\\\/de\\\/#\\\/schema\\\/logo\\\/image\\\/\",\"url\":\"https:\\\/\\\/maasleder.com\\\/wp-content\\\/uploads\\\/2024\\\/01\\\/cropped-maasleder-logo-full.png\",\"contentUrl\":\"https:\\\/\\\/maasleder.com\\\/wp-content\\\/uploads\\\/2024\\\/01\\\/cropped-maasleder-logo-full.png\",\"width\":226,\"height\":53,\"caption\":\"Maasleder\"},\"image\":{\"@id\":\"https:\\\/\\\/maasleder.com\\\/de\\\/#\\\/schema\\\/logo\\\/image\\\/\"}}]}<\/script>\n<!-- \/ Yoast SEO plugin. -->","yoast_head_json":{"title":"Maasleder | G\u00fctezeichen","description":"Alle unsere Leder werden verantwortungsbewusst produziert und entsprechen den geltenden europ\u00e4ischen Rechtsvorschriften.","robots":{"index":"index","follow":"follow","max-snippet":"max-snippet:-1","max-image-preview":"max-image-preview:large","max-video-preview":"max-video-preview:-1"},"canonical":"https:\/\/maasleder.com\/de\/gutezeichen\/","og_locale":"de_DE","og_type":"article","og_title":"Maasleder | G\u00fctezeichen","og_description":"Alle unsere Leder werden verantwortungsbewusst produziert und entsprechen den geltenden europ\u00e4ischen Rechtsvorschriften.","og_url":"https:\/\/maasleder.com\/de\/gutezeichen\/","og_site_name":"Maasleder","article_modified_time":"2024-10-30T13:47:58+00:00","twitter_card":"summary_large_image","schema":{"@context":"https:\/\/schema.org","@graph":[{"@type":"WebPage","@id":"https:\/\/maasleder.com\/de\/gutezeichen\/","url":"https:\/\/maasleder.com\/de\/gutezeichen\/","name":"Maasleder | G\u00fctezeichen","isPartOf":{"@id":"https:\/\/maasleder.com\/de\/#website"},"datePublished":"2022-11-24T15:08:17+00:00","dateModified":"2024-10-30T13:47:58+00:00","description":"Alle unsere Leder werden verantwortungsbewusst produziert und entsprechen den geltenden europ\u00e4ischen Rechtsvorschriften.","breadcrumb":{"@id":"https:\/\/maasleder.com\/de\/gutezeichen\/#breadcrumb"},"inLanguage":"de","potentialAction":[{"@type":"ReadAction","target":["https:\/\/maasleder.com\/de\/gutezeichen\/"]}]},{"@type":"BreadcrumbList","@id":"https:\/\/maasleder.com\/de\/gutezeichen\/#breadcrumb","itemListElement":[{"@type":"ListItem","position":1,"name":"Home","item":"https:\/\/maasleder.com\/de\/"},{"@type":"ListItem","position":2,"name":"G\u00fctezeichen"}]},{"@type":"WebSite","@id":"https:\/\/maasleder.com\/de\/#website","url":"https:\/\/maasleder.com\/de\/","name":"Maasleder","description":"Shop the best leather online","publisher":{"@id":"https:\/\/maasleder.com\/de\/#organization"},"potentialAction":[{"@type":"SearchAction","target":{"@type":"EntryPoint","urlTemplate":"https:\/\/maasleder.com\/de\/?s={search_term_string}"},"query-input":{"@type":"PropertyValueSpecification","valueRequired":true,"valueName":"search_term_string"}}],"inLanguage":"de"},{"@type":"Organization","@id":"https:\/\/maasleder.com\/de\/#organization","name":"Maasleder","url":"https:\/\/maasleder.com\/de\/","logo":{"@type":"ImageObject","inLanguage":"de","@id":"https:\/\/maasleder.com\/de\/#\/schema\/logo\/image\/","url":"https:\/\/maasleder.com\/wp-content\/uploads\/2024\/01\/cropped-maasleder-logo-full.png","contentUrl":"https:\/\/maasleder.com\/wp-content\/uploads\/2024\/01\/cropped-maasleder-logo-full.png","width":226,"height":53,"caption":"Maasleder"},"image":{"@id":"https:\/\/maasleder.com\/de\/#\/schema\/logo\/image\/"}}]}},"_links":{"self":[{"href":"https:\/\/maasleder.com\/de\/wp-json\/wp\/v2\/pages\/4578","targetHints":{"allow":["GET"]}}],"collection":[{"href":"https:\/\/maasleder.com\/de\/wp-json\/wp\/v2\/pages"}],"about":[{"href":"https:\/\/maasleder.com\/de\/wp-json\/wp\/v2\/types\/page"}],"author":[{"embeddable":true,"href":"https:\/\/maasleder.com\/de\/wp-json\/wp\/v2\/users\/1"}],"replies":[{"embeddable":true,"href":"https:\/\/maasleder.com\/de\/wp-json\/wp\/v2\/comments?post=4578"}],"version-history":[{"count":6,"href":"https:\/\/maasleder.com\/de\/wp-json\/wp\/v2\/pages\/4578\/revisions"}],"predecessor-version":[{"id":11687,"href":"https:\/\/maasleder.com\/de\/wp-json\/wp\/v2\/pages\/4578\/revisions\/11687"}],"wp:attachment":[{"href":"https:\/\/maasleder.com\/de\/wp-json\/wp\/v2\/media?parent=4578"}],"curies":[{"name":"wp","href":"https:\/\/api.w.org\/{rel}","templated":true}]}}