{"id":4562,"date":"2022-12-06T12:16:16","date_gmt":"2022-12-06T11:16:16","guid":{"rendered":"https:\/\/maasleder.thesequel.nl\/disclaimer\/"},"modified":"2024-09-27T11:52:41","modified_gmt":"2024-09-27T09:52:41","slug":"haftungsausschluss","status":"publish","type":"page","link":"https:\/\/maasleder.com\/de\/haftungsausschluss\/","title":{"rendered":"Haftungsausschluss"},"content":{"rendered":"\n<section id=\"content-2-block_018192ff16824a11d5925f04c353b635\" class=\" align-items-top align-text-left align-left text_full_width\">\n    <div class=\"background\" style=\"\">\n                <div class=\"container\">\n            <div class=\"row\">\n                \n                                <div class=\"col-8\">\n                    <h1>Haftungsausschluss<\/h1>\n<p>Die Nutzung der Website erfolgt auf eigene Kosten und Gefahr. G.A. Maas Leder B.V. haftet in keiner Weise f\u00fcr die Folgen Ihrer Nutzung der Website oder f\u00fcr direkte oder indirekte Sch\u00e4den, die durch den Inhalt der auf der Website bereitgestellten Informationen entstehen, unabh\u00e4ngig davon, ob diese von Dritten angeboten werden oder nicht. G.A. Maas Leder B.V. ist nicht verantwortlich f\u00fcr den Inhalt der Website, soweit diese von Dritten angeboten wird. G.A. Maas Leder B.V. beh\u00e4lt sich das Recht vor, von Dritten bereitgestellte Informationen zu \u00e4ndern und zu entfernen, wenn diese gegen das Gesetz, die guten Sitten, die \u00f6ffentliche Ordnung, die vereinbarten Bedingungen und die Netiquette versto\u00dfen.<\/p>\n<p><strong>INHALT DER WEBSITE<\/strong><\/p>\n<p>Die Informationen, Texte, Namen, Bilder, Fotos und Logos auf der Website werden von G.A. bereitgestellt. Maas Leder B.V. nur in der auf der Website angebotenen Weise zur Verf\u00fcgung gestellt. G.A. Maas Leder B.V. \u00fcbernimmt keine Gew\u00e4hr daf\u00fcr, dass der Inhalt der Website jederzeit und an jedem Ort korrekt, zuverl\u00e4ssig oder verf\u00fcgbar ist. G.A garantiert auch Maas Leder B.V. nicht, dass M\u00e4ngel und Fehler auf der Website sofort behoben werden und dass die Website frei von Viren und\/oder anderen sch\u00e4dlichen Computerprogrammen ist. Es ist strengstens untersagt, die Informationen, die Sie auf der Website finden, in irgendeiner Weise zu \u00e4ndern, zu modifizieren oder zu manipulieren.<\/p>\n<p>&nbsp;<\/p>\n<p><strong>HAFTUNGSAUSSCHLUSS-MAIL<\/strong><\/p>\n<p>\u201eDie mit dieser E-Mail gesendeten Informationen sind ausschlie\u00dflich f\u00fcr den\/die Adressaten bestimmt und k\u00f6nnen pers\u00f6nliche oder vertrauliche Informationen enthalten, die durch das Berufsgeheimnis gesch\u00fctzt sind. Eine Nutzung dieser Informationen durch andere Personen als den Adressaten sowie eine Nutzung durch Personen, die nicht zur Kenntnisnahme dieser Informationen berechtigt sind, ist untersagt. Wenn Sie nicht der Adressat sind oder nicht berechtigt sind, darauf zuzugreifen, ist eine Weitergabe, Vervielf\u00e4ltigung, Verbreitung und\/oder Weitergabe dieser Informationen an Dritte nicht gestattet und Sie werden gebeten, diese Nachricht zur\u00fcckzusenden und das Original zu vernichten. Sofern nicht ausdr\u00fccklich anders angegeben, haben wir keine Pr\u00fcfung der in dieser Nachricht oder einem Anhang enthaltenen Begr\u00fcndung(en) durchgef\u00fchrt.<\/p>\n<p>G.A. Maas Leder B.V. schlie\u00dft jegliche Haftung im Zusammenhang mit fehlerhafter, unvollst\u00e4ndiger oder nicht rechtzeitiger \u00dcbermittlung der Informationen per E-Mail aus.\u201c F\u00fcr unsere Leistungen gelten unsere Allgemeinen Gesch\u00e4ftsbedingungen, die eine Haftungsbeschr\u00e4nkung beinhalten. Sehen Sie sich hierzu unsere an\u00a0 <a href=\"https:\/\/maasleder.com\/de\/allgemeine-geschaftsbedingungen\/\">Allgemeine Gesch\u00e4ftsbedingungen.<\/a>\u201d<\/p>\n                    <div class=\"button-container\">\n                                                                    <\/div>\n                <\/div>\n                \n                \n                \n                            <\/div>\n        <\/div>\n            <\/div>\n<\/section>","protected":false},"excerpt":{"rendered":"","protected":false},"author":1,"featured_media":0,"parent":0,"menu_order":0,"comment_status":"closed","ping_status":"closed","template":"","meta":{"_acf_changed":false,"footnotes":""},"class_list":["post-4562","page","type-page","status-publish","hentry"],"acf":[],"yoast_head":"<!-- This site is optimized with the Yoast SEO plugin v27.3 - https:\/\/yoast.com\/product\/yoast-seo-wordpress\/ -->\n<title>Haftungsausschluss - Maasleder<\/title>\n<meta name=\"robots\" content=\"index, follow, max-snippet:-1, max-image-preview:large, max-video-preview:-1\" \/>\n<link rel=\"canonical\" href=\"https:\/\/maasleder.com\/de\/haftungsausschluss\/\" \/>\n<meta property=\"og:locale\" content=\"de_DE\" \/>\n<meta property=\"og:type\" content=\"article\" \/>\n<meta property=\"og:title\" content=\"Haftungsausschluss - Maasleder\" \/>\n<meta property=\"og:url\" content=\"https:\/\/maasleder.com\/de\/haftungsausschluss\/\" \/>\n<meta property=\"og:site_name\" content=\"Maasleder\" \/>\n<meta property=\"article:modified_time\" content=\"2024-09-27T09:52:41+00:00\" \/>\n<meta name=\"twitter:card\" content=\"summary_large_image\" \/>\n<script type=\"application\/ld+json\" class=\"yoast-schema-graph\">{\"@context\":\"https:\\\/\\\/schema.org\",\"@graph\":[{\"@type\":\"WebPage\",\"@id\":\"https:\\\/\\\/maasleder.com\\\/de\\\/haftungsausschluss\\\/\",\"url\":\"https:\\\/\\\/maasleder.com\\\/de\\\/haftungsausschluss\\\/\",\"name\":\"Haftungsausschluss - Maasleder\",\"isPartOf\":{\"@id\":\"https:\\\/\\\/maasleder.com\\\/de\\\/#website\"},\"datePublished\":\"2022-12-06T11:16:16+00:00\",\"dateModified\":\"2024-09-27T09:52:41+00:00\",\"breadcrumb\":{\"@id\":\"https:\\\/\\\/maasleder.com\\\/de\\\/haftungsausschluss\\\/#breadcrumb\"},\"inLanguage\":\"de\",\"potentialAction\":[{\"@type\":\"ReadAction\",\"target\":[\"https:\\\/\\\/maasleder.com\\\/de\\\/haftungsausschluss\\\/\"]}]},{\"@type\":\"BreadcrumbList\",\"@id\":\"https:\\\/\\\/maasleder.com\\\/de\\\/haftungsausschluss\\\/#breadcrumb\",\"itemListElement\":[{\"@type\":\"ListItem\",\"position\":1,\"name\":\"Home\",\"item\":\"https:\\\/\\\/maasleder.com\\\/de\\\/\"},{\"@type\":\"ListItem\",\"position\":2,\"name\":\"Haftungsausschluss\"}]},{\"@type\":\"WebSite\",\"@id\":\"https:\\\/\\\/maasleder.com\\\/de\\\/#website\",\"url\":\"https:\\\/\\\/maasleder.com\\\/de\\\/\",\"name\":\"Maasleder\",\"description\":\"Shop the best leather online\",\"publisher\":{\"@id\":\"https:\\\/\\\/maasleder.com\\\/de\\\/#organization\"},\"potentialAction\":[{\"@type\":\"SearchAction\",\"target\":{\"@type\":\"EntryPoint\",\"urlTemplate\":\"https:\\\/\\\/maasleder.com\\\/de\\\/?s={search_term_string}\"},\"query-input\":{\"@type\":\"PropertyValueSpecification\",\"valueRequired\":true,\"valueName\":\"search_term_string\"}}],\"inLanguage\":\"de\"},{\"@type\":\"Organization\",\"@id\":\"https:\\\/\\\/maasleder.com\\\/de\\\/#organization\",\"name\":\"Maasleder\",\"url\":\"https:\\\/\\\/maasleder.com\\\/de\\\/\",\"logo\":{\"@type\":\"ImageObject\",\"inLanguage\":\"de\",\"@id\":\"https:\\\/\\\/maasleder.com\\\/de\\\/#\\\/schema\\\/logo\\\/image\\\/\",\"url\":\"https:\\\/\\\/maasleder.com\\\/wp-content\\\/uploads\\\/2024\\\/01\\\/cropped-maasleder-logo-full.png\",\"contentUrl\":\"https:\\\/\\\/maasleder.com\\\/wp-content\\\/uploads\\\/2024\\\/01\\\/cropped-maasleder-logo-full.png\",\"width\":226,\"height\":53,\"caption\":\"Maasleder\"},\"image\":{\"@id\":\"https:\\\/\\\/maasleder.com\\\/de\\\/#\\\/schema\\\/logo\\\/image\\\/\"}}]}<\/script>\n<!-- \/ Yoast SEO plugin. -->","yoast_head_json":{"title":"Haftungsausschluss - Maasleder","robots":{"index":"index","follow":"follow","max-snippet":"max-snippet:-1","max-image-preview":"max-image-preview:large","max-video-preview":"max-video-preview:-1"},"canonical":"https:\/\/maasleder.com\/de\/haftungsausschluss\/","og_locale":"de_DE","og_type":"article","og_title":"Haftungsausschluss - Maasleder","og_url":"https:\/\/maasleder.com\/de\/haftungsausschluss\/","og_site_name":"Maasleder","article_modified_time":"2024-09-27T09:52:41+00:00","twitter_card":"summary_large_image","schema":{"@context":"https:\/\/schema.org","@graph":[{"@type":"WebPage","@id":"https:\/\/maasleder.com\/de\/haftungsausschluss\/","url":"https:\/\/maasleder.com\/de\/haftungsausschluss\/","name":"Haftungsausschluss - Maasleder","isPartOf":{"@id":"https:\/\/maasleder.com\/de\/#website"},"datePublished":"2022-12-06T11:16:16+00:00","dateModified":"2024-09-27T09:52:41+00:00","breadcrumb":{"@id":"https:\/\/maasleder.com\/de\/haftungsausschluss\/#breadcrumb"},"inLanguage":"de","potentialAction":[{"@type":"ReadAction","target":["https:\/\/maasleder.com\/de\/haftungsausschluss\/"]}]},{"@type":"BreadcrumbList","@id":"https:\/\/maasleder.com\/de\/haftungsausschluss\/#breadcrumb","itemListElement":[{"@type":"ListItem","position":1,"name":"Home","item":"https:\/\/maasleder.com\/de\/"},{"@type":"ListItem","position":2,"name":"Haftungsausschluss"}]},{"@type":"WebSite","@id":"https:\/\/maasleder.com\/de\/#website","url":"https:\/\/maasleder.com\/de\/","name":"Maasleder","description":"Shop the best leather online","publisher":{"@id":"https:\/\/maasleder.com\/de\/#organization"},"potentialAction":[{"@type":"SearchAction","target":{"@type":"EntryPoint","urlTemplate":"https:\/\/maasleder.com\/de\/?s={search_term_string}"},"query-input":{"@type":"PropertyValueSpecification","valueRequired":true,"valueName":"search_term_string"}}],"inLanguage":"de"},{"@type":"Organization","@id":"https:\/\/maasleder.com\/de\/#organization","name":"Maasleder","url":"https:\/\/maasleder.com\/de\/","logo":{"@type":"ImageObject","inLanguage":"de","@id":"https:\/\/maasleder.com\/de\/#\/schema\/logo\/image\/","url":"https:\/\/maasleder.com\/wp-content\/uploads\/2024\/01\/cropped-maasleder-logo-full.png","contentUrl":"https:\/\/maasleder.com\/wp-content\/uploads\/2024\/01\/cropped-maasleder-logo-full.png","width":226,"height":53,"caption":"Maasleder"},"image":{"@id":"https:\/\/maasleder.com\/de\/#\/schema\/logo\/image\/"}}]}},"_links":{"self":[{"href":"https:\/\/maasleder.com\/de\/wp-json\/wp\/v2\/pages\/4562","targetHints":{"allow":["GET"]}}],"collection":[{"href":"https:\/\/maasleder.com\/de\/wp-json\/wp\/v2\/pages"}],"about":[{"href":"https:\/\/maasleder.com\/de\/wp-json\/wp\/v2\/types\/page"}],"author":[{"embeddable":true,"href":"https:\/\/maasleder.com\/de\/wp-json\/wp\/v2\/users\/1"}],"replies":[{"embeddable":true,"href":"https:\/\/maasleder.com\/de\/wp-json\/wp\/v2\/comments?post=4562"}],"version-history":[{"count":3,"href":"https:\/\/maasleder.com\/de\/wp-json\/wp\/v2\/pages\/4562\/revisions"}],"predecessor-version":[{"id":10605,"href":"https:\/\/maasleder.com\/de\/wp-json\/wp\/v2\/pages\/4562\/revisions\/10605"}],"wp:attachment":[{"href":"https:\/\/maasleder.com\/de\/wp-json\/wp\/v2\/media?parent=4562"}],"curies":[{"name":"wp","href":"https:\/\/api.w.org\/{rel}","templated":true}]}}