{"id":4542,"date":"2022-10-26T11:59:28","date_gmt":"2022-10-26T09:59:28","guid":{"rendered":"https:\/\/maasleder.thesequel.nl\/agentschap\/"},"modified":"2024-10-30T14:22:50","modified_gmt":"2024-10-30T13:22:50","slug":"agentur","status":"publish","type":"page","link":"https:\/\/maasleder.com\/de\/branchen\/agentur\/","title":{"rendered":"Agentur"},"content":{"rendered":"\n<section id=\"content-2-block_af89a8217b9dfdef2dba818dacff5431\" class=\" m-0 is-style-afbeelding_positie_rechts align-items-top align-text-left align-left image\">\n    <div class=\"background\" style=\"\">\n                <div class=\"container\">\n            <div class=\"row\">\n                \n                \n                \n                \n                                <div class=\"first-col col-4\">\n                    <h1><span lang=\"DE\">Agentur und Lederimport<\/span><\/h1>\n<p>Seit vielen Jahren ist Maasleder der vertrauensw\u00fcrdige Vertreter f\u00fcr nationale und internationale Produzenten, wenn es um die Auswahl von Leder geht. Seit Anfang der 1960er Jahre vertreten wir mehrere renommierte Gerbereien aus Italien: Dem Land der Mode, des Designs und der Kreativit\u00e4t. Dies spiegelt sich deutlich in den Kollektionen wider, die zweimal im Jahr pr\u00e4sentiert werden. In enger Zusammenarbeit mit Gerbereien verfolgen wir die neuesten Innovationen auf dem Markt und reagieren kontinuierlich auf neue Entwicklungen. Dadurch k\u00f6nnen Sie von uns die neuesten Artikel und Farben erwarten.<\/p>\n                                                                            <\/div>\n\n                <div class=\"second-col  col-8\">\n                                        <div class=\"image-container\"><img decoding=\"async\" width=\"1920\" height=\"1080\" src=\"https:\/\/maasleder.com\/wp-content\/uploads\/2024\/09\/Maas-5.jpg\" class=\"attachment-full size-full\" alt=\"\" srcset=\"https:\/\/maasleder.com\/wp-content\/uploads\/2024\/09\/Maas-5.jpg 1920w, https:\/\/maasleder.com\/wp-content\/uploads\/2024\/09\/Maas-5-300x169.jpg 300w, https:\/\/maasleder.com\/wp-content\/uploads\/2024\/09\/Maas-5-1024x576.jpg 1024w, https:\/\/maasleder.com\/wp-content\/uploads\/2024\/09\/Maas-5-768x432.jpg 768w, https:\/\/maasleder.com\/wp-content\/uploads\/2024\/09\/Maas-5-1536x864.jpg 1536w, https:\/\/maasleder.com\/wp-content\/uploads\/2024\/09\/Maas-5-1000x563.jpg 1000w, https:\/\/maasleder.com\/wp-content\/uploads\/2024\/09\/Maas-5-50x28.jpg 50w, https:\/\/maasleder.com\/wp-content\/uploads\/2024\/09\/Maas-5-600x338.jpg 600w\" sizes=\"(max-width: 1920px) 100vw, 1920px\" \/><\/div>                <\/div>\n                            <\/div>\n        <\/div>\n            <\/div>\n<\/section>\n\n\n<section id=\"content-2-block_c742e88eaddee1cce1ef9f746f004818\" class=\" align-items-top align-text-left align-center background-enabled text_full_width\">\n    <div class=\"background\" style=\"background-image: url('https:\/\/maasleder.com\/wp-content\/uploads\/2024\/08\/M282-1.jpg'); \">\n                <div class=\"container\">\n            <div class=\"row\">\n                \n                                <div class=\"col-8\">\n                    <p style=\"text-align: center;\"><strong>Gemeinsam mit unseren Gerbereien finden wir auch f\u00fcr die Entwicklung Ihrer eigenen Artikel und Kollektion, vom Artikel bis zum kompletten Sortiment, eine passende L\u00f6sung. Das Leder wird auf Bestellung geliefert, genau dort, wo Sie es brauchen.<\/strong><\/p>\n<p style=\"text-align: center;\"><strong>Sind Sie daran interessiert, unsere Produkte im Ausland zu vertreten? Dann werden Sie Maasleder-Agent und bringen Sie unsere Leidenschaft f\u00fcr Leder weltweit auf ein neues Niveau.<\/strong><\/p>\n                    <div class=\"button-container\">\n                                                                    <\/div>\n                <\/div>\n                \n                \n                \n                            <\/div>\n        <\/div>\n            <\/div>\n<\/section>\n\n\n<section id=\"content-2-block_d1bb9abeacd02c1e81330ae50952a3ca\" class=\" align-items-top align-text-left align-right image-swirl-main image\">\n    <div class=\"background\" style=\"\">\n                <div class=\"container\">\n            <div class=\"row\">\n                \n                \n                \n                \n                                <div class=\"first-col col-6\">\n                    <h2><span lang=\"DE\">Import von Futterleder<\/span><\/h2>\n<p>In enger Zusammenarbeit mit verschiedenen Gerbereien importieren wir Futterleder f\u00fcr alle Arten von Anwendungen. Direkt von der Quelle bieten wir unseren Kunden eine gro\u00dfe Auswahl an Kalb-, Rind-, Lamm- und Ziegenfutter. Wir haben viele Farben und St\u00e4rken in unserer Kollektion, so dass es immer eine passende Lederhaut f\u00fcr Ihren Zweck gibt. Es ist m\u00f6glich, Ihr Futterleder zu perforieren, zu stanzen und mit einem Logo zu versehen.<\/p>\n                                        <a href=\"https:\/\/maasleder.com\/de\/farbkarte-bestellen\/\" target=\"\" class=\"btn-orange\">Farbkarte bestellen<\/a>                                    <\/div>\n\n                <div class=\"second-col  image-swirl col-6\">\n                    <svg xmlns=\"http:\/\/www.w3.org\/2000\/svg\" version=\"1.1\" viewBox=\"0 0 172.65 668\">\n    <path class=\"cls-1\"\n        d=\"M0,668h172.65c.5-48.62-25.46-102.33-67.16-129.49-15.68-10.21-31.7-17.13-47.56-25.52-28.47-15.06-46.84-54.39-37.01-82.3,3.7-10.52,12-17.99,20.33-21.89,15.14-7.09,31.16-12.25,47.22-17.17-.12-.3-.06-.15,0,0,9.92-4.01,20.38-6.83,29.63-12.27,18.34-10.77,29.57-30.95,33.15-60.41,3.3-27.18-2.41-54.47-19.31-81.83-6.63-10.73-13.39-21.33-20.07-32.01-20.81-33.23-26.39-62.46-17.14-91.72,3.26-10.31,6.61-20.74,11.23-29.51C118.05,60.9,118.73,32.07,112.94,0H0v668Z\" \/>\n<\/svg>                    <div class=\"image-container\"><img decoding=\"async\" width=\"1920\" height=\"879\" src=\"https:\/\/maasleder.com\/wp-content\/uploads\/2024\/09\/maasleder_zool_vanschoen_stikken-v2.jpg\" class=\"attachment-full size-full\" alt=\"\" srcset=\"https:\/\/maasleder.com\/wp-content\/uploads\/2024\/09\/maasleder_zool_vanschoen_stikken-v2.jpg 1920w, https:\/\/maasleder.com\/wp-content\/uploads\/2024\/09\/maasleder_zool_vanschoen_stikken-v2-300x137.jpg 300w, https:\/\/maasleder.com\/wp-content\/uploads\/2024\/09\/maasleder_zool_vanschoen_stikken-v2-1024x469.jpg 1024w, https:\/\/maasleder.com\/wp-content\/uploads\/2024\/09\/maasleder_zool_vanschoen_stikken-v2-768x352.jpg 768w, https:\/\/maasleder.com\/wp-content\/uploads\/2024\/09\/maasleder_zool_vanschoen_stikken-v2-1536x703.jpg 1536w, https:\/\/maasleder.com\/wp-content\/uploads\/2024\/09\/maasleder_zool_vanschoen_stikken-v2-1000x458.jpg 1000w, https:\/\/maasleder.com\/wp-content\/uploads\/2024\/09\/maasleder_zool_vanschoen_stikken-v2-50x23.jpg 50w, https:\/\/maasleder.com\/wp-content\/uploads\/2024\/09\/maasleder_zool_vanschoen_stikken-v2-600x275.jpg 600w\" sizes=\"(max-width: 1920px) 100vw, 1920px\" \/><\/div>                <\/div>\n                            <\/div>\n        <\/div>\n            <\/div>\n<\/section>\n\n\n<section id=\"content-2-block_2fe3259b4a8cd69afbbc3f7b49e08e0b\" class=\" align-items-top align-text-center align-center text_full_width\">\n    <div class=\"background\" style=\"\">\n                <div class=\"container\">\n            <div class=\"row\">\n                \n                                <div class=\"col-8\">\n                    <h2 style=\"text-align: center;\"><span lang=\"DE\">Interesse an einer Zusammenarbeit? Bitte kontaktieren Sie uns unverbindlich<\/span><\/h2>\n<p style=\"text-align: center;\">Interesse an einer Zusammenarbeit? Bitte kontaktieren Sie uns unverbindlich.<\/p>\n                    <div class=\"button-container\">\n                        <a href=\"mailto:office@maasleder.com\" target=\"\" class=\"btn-orange\">Senden Sie eine E-Mail<\/a>                        <a href=\"tel:0031416335031\" target=\"\" class=\"link\">Anrufen<\/a>                    <\/div>\n                <\/div>\n                \n                \n                \n                            <\/div>\n        <\/div>\n            <\/div>\n<\/section>","protected":false},"excerpt":{"rendered":"","protected":false},"author":1,"featured_media":0,"parent":10111,"menu_order":0,"comment_status":"closed","ping_status":"closed","template":"","meta":{"_acf_changed":false,"footnotes":""},"class_list":["post-4542","page","type-page","status-publish","hentry"],"acf":[],"yoast_head":"<!-- This site is optimized with the Yoast SEO plugin v27.3 - https:\/\/yoast.com\/product\/yoast-seo-wordpress\/ -->\n<title>Maasleder | Agentur und Import<\/title>\n<meta name=\"description\" content=\"Als zuverl\u00e4ssiger Partner f\u00fcr nationale und internationale Produzenten bieten wir ein Gesamtpaket aus Leder an. Erfahren Sie hier mehr.\" \/>\n<meta name=\"robots\" content=\"index, follow, max-snippet:-1, max-image-preview:large, max-video-preview:-1\" \/>\n<link rel=\"canonical\" href=\"https:\/\/maasleder.com\/de\/branchen\/agentur\/\" \/>\n<meta property=\"og:locale\" content=\"de_DE\" \/>\n<meta property=\"og:type\" content=\"article\" \/>\n<meta property=\"og:title\" content=\"Maasleder | Agentur und Import\" \/>\n<meta property=\"og:description\" content=\"Als zuverl\u00e4ssiger Partner f\u00fcr nationale und internationale Produzenten bieten wir ein Gesamtpaket aus Leder an. Erfahren Sie hier mehr.\" \/>\n<meta property=\"og:url\" content=\"https:\/\/maasleder.com\/de\/branchen\/agentur\/\" \/>\n<meta property=\"og:site_name\" content=\"Maasleder\" \/>\n<meta property=\"article:modified_time\" content=\"2024-10-30T13:22:50+00:00\" \/>\n<meta name=\"twitter:card\" content=\"summary_large_image\" \/>\n<script type=\"application\/ld+json\" class=\"yoast-schema-graph\">{\"@context\":\"https:\\\/\\\/schema.org\",\"@graph\":[{\"@type\":\"WebPage\",\"@id\":\"https:\\\/\\\/maasleder.com\\\/de\\\/branchen\\\/agentur\\\/\",\"url\":\"https:\\\/\\\/maasleder.com\\\/de\\\/branchen\\\/agentur\\\/\",\"name\":\"Maasleder | Agentur und Import\",\"isPartOf\":{\"@id\":\"https:\\\/\\\/maasleder.com\\\/de\\\/#website\"},\"datePublished\":\"2022-10-26T09:59:28+00:00\",\"dateModified\":\"2024-10-30T13:22:50+00:00\",\"description\":\"Als zuverl\u00e4ssiger Partner f\u00fcr nationale und internationale Produzenten bieten wir ein Gesamtpaket aus Leder an. Erfahren Sie hier mehr.\",\"breadcrumb\":{\"@id\":\"https:\\\/\\\/maasleder.com\\\/de\\\/branchen\\\/agentur\\\/#breadcrumb\"},\"inLanguage\":\"de\",\"potentialAction\":[{\"@type\":\"ReadAction\",\"target\":[\"https:\\\/\\\/maasleder.com\\\/de\\\/branchen\\\/agentur\\\/\"]}]},{\"@type\":\"BreadcrumbList\",\"@id\":\"https:\\\/\\\/maasleder.com\\\/de\\\/branchen\\\/agentur\\\/#breadcrumb\",\"itemListElement\":[{\"@type\":\"ListItem\",\"position\":1,\"name\":\"Home\",\"item\":\"https:\\\/\\\/maasleder.com\\\/de\\\/\"},{\"@type\":\"ListItem\",\"position\":2,\"name\":\"Branchen\",\"item\":\"https:\\\/\\\/maasleder.com\\\/de\\\/branchen\\\/\"},{\"@type\":\"ListItem\",\"position\":3,\"name\":\"Agentur\"}]},{\"@type\":\"WebSite\",\"@id\":\"https:\\\/\\\/maasleder.com\\\/de\\\/#website\",\"url\":\"https:\\\/\\\/maasleder.com\\\/de\\\/\",\"name\":\"Maasleder\",\"description\":\"Shop the best leather online\",\"publisher\":{\"@id\":\"https:\\\/\\\/maasleder.com\\\/de\\\/#organization\"},\"potentialAction\":[{\"@type\":\"SearchAction\",\"target\":{\"@type\":\"EntryPoint\",\"urlTemplate\":\"https:\\\/\\\/maasleder.com\\\/de\\\/?s={search_term_string}\"},\"query-input\":{\"@type\":\"PropertyValueSpecification\",\"valueRequired\":true,\"valueName\":\"search_term_string\"}}],\"inLanguage\":\"de\"},{\"@type\":\"Organization\",\"@id\":\"https:\\\/\\\/maasleder.com\\\/de\\\/#organization\",\"name\":\"Maasleder\",\"url\":\"https:\\\/\\\/maasleder.com\\\/de\\\/\",\"logo\":{\"@type\":\"ImageObject\",\"inLanguage\":\"de\",\"@id\":\"https:\\\/\\\/maasleder.com\\\/de\\\/#\\\/schema\\\/logo\\\/image\\\/\",\"url\":\"https:\\\/\\\/maasleder.com\\\/wp-content\\\/uploads\\\/2024\\\/01\\\/cropped-maasleder-logo-full.png\",\"contentUrl\":\"https:\\\/\\\/maasleder.com\\\/wp-content\\\/uploads\\\/2024\\\/01\\\/cropped-maasleder-logo-full.png\",\"width\":226,\"height\":53,\"caption\":\"Maasleder\"},\"image\":{\"@id\":\"https:\\\/\\\/maasleder.com\\\/de\\\/#\\\/schema\\\/logo\\\/image\\\/\"}}]}<\/script>\n<!-- \/ Yoast SEO plugin. -->","yoast_head_json":{"title":"Maasleder | Agentur und Import","description":"Als zuverl\u00e4ssiger Partner f\u00fcr nationale und internationale Produzenten bieten wir ein Gesamtpaket aus Leder an. Erfahren Sie hier mehr.","robots":{"index":"index","follow":"follow","max-snippet":"max-snippet:-1","max-image-preview":"max-image-preview:large","max-video-preview":"max-video-preview:-1"},"canonical":"https:\/\/maasleder.com\/de\/branchen\/agentur\/","og_locale":"de_DE","og_type":"article","og_title":"Maasleder | Agentur und Import","og_description":"Als zuverl\u00e4ssiger Partner f\u00fcr nationale und internationale Produzenten bieten wir ein Gesamtpaket aus Leder an. Erfahren Sie hier mehr.","og_url":"https:\/\/maasleder.com\/de\/branchen\/agentur\/","og_site_name":"Maasleder","article_modified_time":"2024-10-30T13:22:50+00:00","twitter_card":"summary_large_image","schema":{"@context":"https:\/\/schema.org","@graph":[{"@type":"WebPage","@id":"https:\/\/maasleder.com\/de\/branchen\/agentur\/","url":"https:\/\/maasleder.com\/de\/branchen\/agentur\/","name":"Maasleder | Agentur und Import","isPartOf":{"@id":"https:\/\/maasleder.com\/de\/#website"},"datePublished":"2022-10-26T09:59:28+00:00","dateModified":"2024-10-30T13:22:50+00:00","description":"Als zuverl\u00e4ssiger Partner f\u00fcr nationale und internationale Produzenten bieten wir ein Gesamtpaket aus Leder an. Erfahren Sie hier mehr.","breadcrumb":{"@id":"https:\/\/maasleder.com\/de\/branchen\/agentur\/#breadcrumb"},"inLanguage":"de","potentialAction":[{"@type":"ReadAction","target":["https:\/\/maasleder.com\/de\/branchen\/agentur\/"]}]},{"@type":"BreadcrumbList","@id":"https:\/\/maasleder.com\/de\/branchen\/agentur\/#breadcrumb","itemListElement":[{"@type":"ListItem","position":1,"name":"Home","item":"https:\/\/maasleder.com\/de\/"},{"@type":"ListItem","position":2,"name":"Branchen","item":"https:\/\/maasleder.com\/de\/branchen\/"},{"@type":"ListItem","position":3,"name":"Agentur"}]},{"@type":"WebSite","@id":"https:\/\/maasleder.com\/de\/#website","url":"https:\/\/maasleder.com\/de\/","name":"Maasleder","description":"Shop the best leather online","publisher":{"@id":"https:\/\/maasleder.com\/de\/#organization"},"potentialAction":[{"@type":"SearchAction","target":{"@type":"EntryPoint","urlTemplate":"https:\/\/maasleder.com\/de\/?s={search_term_string}"},"query-input":{"@type":"PropertyValueSpecification","valueRequired":true,"valueName":"search_term_string"}}],"inLanguage":"de"},{"@type":"Organization","@id":"https:\/\/maasleder.com\/de\/#organization","name":"Maasleder","url":"https:\/\/maasleder.com\/de\/","logo":{"@type":"ImageObject","inLanguage":"de","@id":"https:\/\/maasleder.com\/de\/#\/schema\/logo\/image\/","url":"https:\/\/maasleder.com\/wp-content\/uploads\/2024\/01\/cropped-maasleder-logo-full.png","contentUrl":"https:\/\/maasleder.com\/wp-content\/uploads\/2024\/01\/cropped-maasleder-logo-full.png","width":226,"height":53,"caption":"Maasleder"},"image":{"@id":"https:\/\/maasleder.com\/de\/#\/schema\/logo\/image\/"}}]}},"_links":{"self":[{"href":"https:\/\/maasleder.com\/de\/wp-json\/wp\/v2\/pages\/4542","targetHints":{"allow":["GET"]}}],"collection":[{"href":"https:\/\/maasleder.com\/de\/wp-json\/wp\/v2\/pages"}],"about":[{"href":"https:\/\/maasleder.com\/de\/wp-json\/wp\/v2\/types\/page"}],"author":[{"embeddable":true,"href":"https:\/\/maasleder.com\/de\/wp-json\/wp\/v2\/users\/1"}],"replies":[{"embeddable":true,"href":"https:\/\/maasleder.com\/de\/wp-json\/wp\/v2\/comments?post=4542"}],"version-history":[{"count":13,"href":"https:\/\/maasleder.com\/de\/wp-json\/wp\/v2\/pages\/4542\/revisions"}],"predecessor-version":[{"id":11675,"href":"https:\/\/maasleder.com\/de\/wp-json\/wp\/v2\/pages\/4542\/revisions\/11675"}],"up":[{"embeddable":true,"href":"https:\/\/maasleder.com\/de\/wp-json\/wp\/v2\/pages\/10111"}],"wp:attachment":[{"href":"https:\/\/maasleder.com\/de\/wp-json\/wp\/v2\/media?parent=4542"}],"curies":[{"name":"wp","href":"https:\/\/api.w.org\/{rel}","templated":true}]}}