{"id":14378,"date":"2026-03-30T15:02:13","date_gmt":"2026-03-30T13:02:13","guid":{"rendered":"https:\/\/maasleder.com\/?page_id=14378"},"modified":"2026-04-01T08:48:45","modified_gmt":"2026-04-01T06:48:45","slug":"maasleder-lamparter-partnerschaft","status":"publish","type":"page","link":"https:\/\/maasleder.com\/de\/uber-uns\/maasleder-lamparter-partnerschaft\/","title":{"rendered":"Nachricht Lamparter Partnerschaft"},"content":{"rendered":"\n<section id=\"content-1-block_7c84d9d06e6846d283cd4025cd3b8140\" class=\" align-items-top align-text-left\">\n    \n    <div class=\"container\">\n        <div class=\"row\">\n            \n            \n                        <div class=\"col-12\">\n                <h2 class=\"h3\"><\/h2>                <h1>MAASLEDER und Lamparter GmbH starten Partnerschaft<\/h1>\n            <\/div>\n            \n            \n        <\/div>\n    <\/div>\n<\/section>\n\n\n<section id=\"content-2-block_5069aa32d3669b9def7d71e0ec010bf0\" class=\" align-items-top align-text-left align-left text_full_width\">\n    <div class=\"background\" style=\"\">\n                <div class=\"container\">\n            <div class=\"row\">\n                \n                                <div class=\"col-8\">\n                    <p>Der Lederfachh\u00e4ndler MAASLEDER in Waalwijk kooperiert mit der Lamparter GmbH, Lederhandel &amp; Orthop\u00e4discher Service, mit Sitz in Lahr. Lamparter wird exklusiver Partner von MAASLEDER in S\u00fcddeutschland, im Elsass, in \u00d6sterreich und in der Schweiz. Lamparter ist ein f\u00fchrender Zulieferer f\u00fcr orthop\u00e4dische Schuhe und Fu\u00dfversorgungen in diesen Regionen und L\u00e4ndern und freut sich, das hochwertige Produktsortiment von MAASLEDER in sein Portfolio aufzunehmen.<\/p>\n<p>Die Unternehmer Gerard und Jurgen Maas sowie Martin und David Lamparter setzen mit dieser Partnerschaft eine Tradition fort. Zwischen den beiden Familienunternehmen bestanden bereits enge Verbindungen. Martin Lamparter erkl\u00e4rt: \u201eUnsere Beziehung reicht \u00fcber f\u00fcnfzig Jahre zur\u00fcck, bis in die fr\u00fchen 1970er-Jahre. Damals produzierte unser Unternehmen Chevreauxleder, das sich ideal f\u00fcr Damenschuhe eignete. Jan Maas, Gerards Vater, machte unser einzigartiges Produkt erfolgreich bei renommierten Schuhherstellern in den Niederlanden und Belgien bekannt.\u201c<\/p>\n<p><strong>Fokus auf den orthop\u00e4dischen Bereich<\/strong><\/p>\n<p>Martin Lamparter erinnert sich gern an die Zusammenarbeit in dieser Zeit. \u201eJan Maas besuchte unsere Fabrik regelm\u00e4\u00dfig mit Kunden. Als ich 1975 in unser Familienunternehmen eintrat, lud er mich zu Besuchen in italienische Gerbereien ein. Die dort gewonnenen Kenntnisse waren f\u00fcr Lamparter von entscheidender Bedeutung. Leider mussten wir 1995 unsere Lederproduktion einstellen. Wir verlagerten unseren Schwerpunkt auf ein Handelsunternehmen f\u00fcr den orthop\u00e4dischen Bereich. Jan Maas half uns bei diesem Kurswechsel, indem er sein Fachwissen einbrachte und uns unterst\u00fctzte. Damals unterschieden sich die auf dem deutschen Markt verwendeten Lederarten erheblich von denen in den Niederlanden. Daher konnten wir unsere Gesch\u00e4ftsbeziehung mit Jan und Gerard Maas leider nicht fortsetzen, haben aber stets guten Kontakt gehalten. Heute unterscheiden sich die Lederm\u00e4rkte in den europ\u00e4ischen L\u00e4ndern nicht mehr so stark. Das gab uns die M\u00f6glichkeit, unsere Gesch\u00e4ftsbeziehungen zu MAASLEDER wieder aufzunehmen. Wir tun dies mit Freude und Stolz, denn MAASLEDER ist als f\u00fchrender Lieferant von Qualit\u00e4tsleder f\u00fcr die orthop\u00e4dische Schuhtechnologie bekannt \u2013 mit einem unverwechselbaren Produktsortiment und einem einzigartigen Ruf.<\/p>\n<p>Jurgen Maas, Enkel von Jan und vierter Generation Inhaber von MAASLEDER: \u201eEs ist etwas Besonderes, dass sich unsere Wege wieder kreuzen. Wir sind stolz darauf, dass Lamparter unser exklusiver Vertreter in S\u00fcddeutschland, im Elsass, in \u00d6sterreich und in der Schweiz sein wird. Dank dieser Partnerschaft k\u00f6nnen wir direkt ab Lager in Lahr liefern. Unsere bestehenden Kunden in Deutschland freuen sich, nun auch einen lokalen Spezialisten mit umfassender Kenntnis des regionalen Marktes an ihrer Seite zu haben. F\u00fcr Lamparter-Kunden erg\u00e4nzt die Partnerschaft ihr bestehendes Angebot. Gemeinsam k\u00f6nnen wir Kunden in der orthop\u00e4dischen Schuhindustrie und im Handwerk die beste Beratung und hochwertige Lederprodukte bieten.\u201c<\/p>\n<p><strong>\u00dcber Lamparter und MAASLEDER<\/strong><\/p>\n<p>Lamparter wurde 1848 in Tuttlingen als Gerberei gegr\u00fcndet. 1930 zog das Familienunternehmen nach Lahr (Baden-W\u00fcrttemberg), wo es fast ein Jahrhundert sp\u00e4ter noch immer ans\u00e4ssig ist. Von der Gerberei zur Lederfabrik entwickelte sich das Unternehmen weiter zu einem spezialisierten Anbieter von orthop\u00e4dischen Anwendungen und orthop\u00e4discher Schuhtechnologie.<\/p>\n<p>MAASLEDER mit Sitz in Waalwijk (Niederlande) feiert im September sein 100-j\u00e4hriges Bestehen. Das Unternehmen ist ein international f\u00fchrender Lieferant von Leder f\u00fcr verschiedene lederverarbeitende Industrien mit Schwerpunkt auf Schuhen, Lederwaren und orthop\u00e4dischen Hilfsmitteln. MAASLEDER vertritt mehrere renommierte italienische Gerbereien und verf\u00fcgt \u00fcber eine eigene Kollektion an Oberleder und Futterleder. Die Zusammenarbeit mit der Lamparter GmbH Lederhandel &amp; Orthop\u00e4discher Service folgt auf die \u00dcbernahme von Van Oosterum Leder durch MAASLEDER.<\/p>\n<p>&nbsp;<\/p>\n<p><strong>F\u00fcr weitere Informationen wenden Sie sich bitte an:<\/strong><\/p>\n<p>MAASLEDER BV<\/p>\n<p>Jurgen Maas<\/p>\n<p>Industrieweg 40<\/p>\n<p>5145 PV Waalwijk (NL)<\/p>\n<p>Tel.: +31 416 33 50 31<\/p>\n<p>E-Mail: <a href=\"mailto:jurgen@maasleder.com\">jurgen@maasleder.com<\/a><\/p>\n<p>Website: <a href=\"https:\/\/maasleder.com\">https:\/\/maasleder.com<\/a><\/p>\n<p>&nbsp;<\/p>\n<p>Lamparter GmbH Lederhandel &amp; Orthop\u00e4dieservice Service<\/p>\n<p>Martin Lamparter<\/p>\n<p>Martin-Luther-Str. 23<\/p>\n<p>77933 Lahr (DE)<\/p>\n<p>+49 78 21 98 33 50<\/p>\n<p>E-Mail: <a href=\"mailto:welcome@lamparter-ortho.com\">welcome@lamparter-ortho.com<\/a><\/p>\n<p>Website: <a href=\"http:\/\/www.lamparter-ortho.com\">http:\/\/www.lamparter-ortho.com<\/a><\/p>\n                    <div class=\"button-container\">\n                                                                    <\/div>\n                <\/div>\n                \n                \n                \n                            <\/div>\n        <\/div>\n            <\/div>\n<\/section>\n\n\n<section id=\"content-2-block_10d52255a3d67e989c5549351fdb998e\" class=\" align-items-top align-text-left align-left image\">\n    <div class=\"background\" style=\"\">\n                <div class=\"container\">\n            <div class=\"row\">\n                \n                \n                \n                \n                                <div class=\"first-col col-6\">\n                    <p><img decoding=\"async\" class=\"alignnone wp-image-13442\" src=\"https:\/\/maasleder.com\/wp-content\/uploads\/2025\/10\/Logo_Maasleder_aug2013_RGB_150dpi-300x200.jpg\" alt=\"\" width=\"148\" height=\"98\" srcset=\"https:\/\/maasleder.com\/wp-content\/uploads\/2025\/10\/Logo_Maasleder_aug2013_RGB_150dpi-300x200.jpg 300w, https:\/\/maasleder.com\/wp-content\/uploads\/2025\/10\/Logo_Maasleder_aug2013_RGB_150dpi-50x33.jpg 50w, https:\/\/maasleder.com\/wp-content\/uploads\/2025\/10\/Logo_Maasleder_aug2013_RGB_150dpi.jpg 324w\" sizes=\"(max-width: 148px) 100vw, 148px\" \/>\u00a0 \u00a0 \u00a0 \u00a0 \u00a0 \u00a0 \u00a0 \u00a0 \u00a0 \u00a0 \u00a0 \u00a0 \u00a0 \u00a0 \u00a0 \u00a0 \u00a0 \u00a0 \u00a0 <img decoding=\"async\" class=\"alignnone wp-image-14380\" src=\"https:\/\/maasleder.com\/wp-content\/uploads\/2026\/03\/Lamparter-logo-bruin1-300x106.png\" alt=\"\" width=\"280\" height=\"99\" srcset=\"https:\/\/maasleder.com\/wp-content\/uploads\/2026\/03\/Lamparter-logo-bruin1-300x106.png 300w, https:\/\/maasleder.com\/wp-content\/uploads\/2026\/03\/Lamparter-logo-bruin1-768x271.png 768w, https:\/\/maasleder.com\/wp-content\/uploads\/2026\/03\/Lamparter-logo-bruin1-1000x353.png 1000w, https:\/\/maasleder.com\/wp-content\/uploads\/2026\/03\/Lamparter-logo-bruin1-50x18.png 50w, https:\/\/maasleder.com\/wp-content\/uploads\/2026\/03\/Lamparter-logo-bruin1-600x212.png 600w, https:\/\/maasleder.com\/wp-content\/uploads\/2026\/03\/Lamparter-logo-bruin1.png 1018w\" sizes=\"(max-width: 280px) 100vw, 280px\" \/><\/p>\n<p>&nbsp;<\/p>\n                                                                            <\/div>\n\n                <div class=\"second-col  col-6\">\n                                                        <\/div>\n                            <\/div>\n        <\/div>\n            <\/div>\n<\/section>","protected":false},"excerpt":{"rendered":"","protected":false},"author":641,"featured_media":0,"parent":10109,"menu_order":0,"comment_status":"closed","ping_status":"closed","template":"","meta":{"_acf_changed":false,"footnotes":""},"class_list":["post-14378","page","type-page","status-publish","hentry"],"acf":[],"yoast_head":"<!-- This site is optimized with the Yoast SEO plugin v27.4 - https:\/\/yoast.com\/product\/yoast-seo-wordpress\/ -->\n<title>Maasleder | Leer kopen<\/title>\n<meta name=\"description\" content=\"Bestel leervellen in kleine of grote volumes online. \u2713Ruime collectie leersoorten \u2713Eerlijke prijzen \u2713Uit voorraad leverbaar\" \/>\n<meta name=\"robots\" content=\"index, follow, max-snippet:-1, max-image-preview:large, max-video-preview:-1\" \/>\n<link rel=\"canonical\" href=\"https:\/\/maasleder.com\/de\/uber-uns\/maasleder-lamparter-partnerschaft\/\" \/>\n<meta property=\"og:locale\" content=\"de_DE\" \/>\n<meta property=\"og:type\" content=\"article\" \/>\n<meta property=\"og:title\" content=\"Maasleder | Leer kopen\" \/>\n<meta property=\"og:description\" content=\"Bestel leervellen in kleine of grote volumes online. \u2713Ruime collectie leersoorten \u2713Eerlijke prijzen \u2713Uit voorraad leverbaar\" \/>\n<meta property=\"og:url\" content=\"https:\/\/maasleder.com\/de\/uber-uns\/maasleder-lamparter-partnerschaft\/\" \/>\n<meta property=\"og:site_name\" content=\"Maasleder\" \/>\n<meta property=\"article:modified_time\" content=\"2026-04-01T06:48:45+00:00\" \/>\n<meta name=\"twitter:card\" content=\"summary_large_image\" \/>\n<script type=\"application\/ld+json\" class=\"yoast-schema-graph\">{\"@context\":\"https:\\\/\\\/schema.org\",\"@graph\":[{\"@type\":\"WebPage\",\"@id\":\"https:\\\/\\\/maasleder.com\\\/de\\\/uber-uns\\\/maasleder-lamparter-partnerschaft\\\/\",\"url\":\"https:\\\/\\\/maasleder.com\\\/de\\\/uber-uns\\\/maasleder-lamparter-partnerschaft\\\/\",\"name\":\"Maasleder | Leer kopen\",\"isPartOf\":{\"@id\":\"https:\\\/\\\/maasleder.com\\\/de\\\/#website\"},\"datePublished\":\"2026-03-30T13:02:13+00:00\",\"dateModified\":\"2026-04-01T06:48:45+00:00\",\"description\":\"Bestel leervellen in kleine of grote volumes online. \u2713Ruime collectie leersoorten \u2713Eerlijke prijzen \u2713Uit voorraad leverbaar\",\"breadcrumb\":{\"@id\":\"https:\\\/\\\/maasleder.com\\\/de\\\/uber-uns\\\/maasleder-lamparter-partnerschaft\\\/#breadcrumb\"},\"inLanguage\":\"de\",\"potentialAction\":[{\"@type\":\"ReadAction\",\"target\":[\"https:\\\/\\\/maasleder.com\\\/de\\\/uber-uns\\\/maasleder-lamparter-partnerschaft\\\/\"]}]},{\"@type\":\"BreadcrumbList\",\"@id\":\"https:\\\/\\\/maasleder.com\\\/de\\\/uber-uns\\\/maasleder-lamparter-partnerschaft\\\/#breadcrumb\",\"itemListElement\":[{\"@type\":\"ListItem\",\"position\":1,\"name\":\"Home\",\"item\":\"https:\\\/\\\/maasleder.com\\\/de\\\/\"},{\"@type\":\"ListItem\",\"position\":2,\"name\":\"\u00dcber uns\",\"item\":\"https:\\\/\\\/maasleder.com\\\/de\\\/uber-uns\\\/\"},{\"@type\":\"ListItem\",\"position\":3,\"name\":\"Nachricht Lamparter Partnerschaft\"}]},{\"@type\":\"WebSite\",\"@id\":\"https:\\\/\\\/maasleder.com\\\/de\\\/#website\",\"url\":\"https:\\\/\\\/maasleder.com\\\/de\\\/\",\"name\":\"Maasleder\",\"description\":\"Shop the best leather online\",\"publisher\":{\"@id\":\"https:\\\/\\\/maasleder.com\\\/de\\\/#organization\"},\"potentialAction\":[{\"@type\":\"SearchAction\",\"target\":{\"@type\":\"EntryPoint\",\"urlTemplate\":\"https:\\\/\\\/maasleder.com\\\/de\\\/?s={search_term_string}\"},\"query-input\":{\"@type\":\"PropertyValueSpecification\",\"valueRequired\":true,\"valueName\":\"search_term_string\"}}],\"inLanguage\":\"de\"},{\"@type\":\"Organization\",\"@id\":\"https:\\\/\\\/maasleder.com\\\/de\\\/#organization\",\"name\":\"Maasleder\",\"url\":\"https:\\\/\\\/maasleder.com\\\/de\\\/\",\"logo\":{\"@type\":\"ImageObject\",\"inLanguage\":\"de\",\"@id\":\"https:\\\/\\\/maasleder.com\\\/de\\\/#\\\/schema\\\/logo\\\/image\\\/\",\"url\":\"https:\\\/\\\/maasleder.com\\\/wp-content\\\/uploads\\\/2024\\\/01\\\/cropped-maasleder-logo-full.png\",\"contentUrl\":\"https:\\\/\\\/maasleder.com\\\/wp-content\\\/uploads\\\/2024\\\/01\\\/cropped-maasleder-logo-full.png\",\"width\":226,\"height\":53,\"caption\":\"Maasleder\"},\"image\":{\"@id\":\"https:\\\/\\\/maasleder.com\\\/de\\\/#\\\/schema\\\/logo\\\/image\\\/\"}}]}<\/script>\n<!-- \/ Yoast SEO plugin. -->","yoast_head_json":{"title":"Maasleder | Leer kopen","description":"Bestel leervellen in kleine of grote volumes online. \u2713Ruime collectie leersoorten \u2713Eerlijke prijzen \u2713Uit voorraad leverbaar","robots":{"index":"index","follow":"follow","max-snippet":"max-snippet:-1","max-image-preview":"max-image-preview:large","max-video-preview":"max-video-preview:-1"},"canonical":"https:\/\/maasleder.com\/de\/uber-uns\/maasleder-lamparter-partnerschaft\/","og_locale":"de_DE","og_type":"article","og_title":"Maasleder | Leer kopen","og_description":"Bestel leervellen in kleine of grote volumes online. \u2713Ruime collectie leersoorten \u2713Eerlijke prijzen \u2713Uit voorraad leverbaar","og_url":"https:\/\/maasleder.com\/de\/uber-uns\/maasleder-lamparter-partnerschaft\/","og_site_name":"Maasleder","article_modified_time":"2026-04-01T06:48:45+00:00","twitter_card":"summary_large_image","schema":{"@context":"https:\/\/schema.org","@graph":[{"@type":"WebPage","@id":"https:\/\/maasleder.com\/de\/uber-uns\/maasleder-lamparter-partnerschaft\/","url":"https:\/\/maasleder.com\/de\/uber-uns\/maasleder-lamparter-partnerschaft\/","name":"Maasleder | Leer kopen","isPartOf":{"@id":"https:\/\/maasleder.com\/de\/#website"},"datePublished":"2026-03-30T13:02:13+00:00","dateModified":"2026-04-01T06:48:45+00:00","description":"Bestel leervellen in kleine of grote volumes online. \u2713Ruime collectie leersoorten \u2713Eerlijke prijzen \u2713Uit voorraad leverbaar","breadcrumb":{"@id":"https:\/\/maasleder.com\/de\/uber-uns\/maasleder-lamparter-partnerschaft\/#breadcrumb"},"inLanguage":"de","potentialAction":[{"@type":"ReadAction","target":["https:\/\/maasleder.com\/de\/uber-uns\/maasleder-lamparter-partnerschaft\/"]}]},{"@type":"BreadcrumbList","@id":"https:\/\/maasleder.com\/de\/uber-uns\/maasleder-lamparter-partnerschaft\/#breadcrumb","itemListElement":[{"@type":"ListItem","position":1,"name":"Home","item":"https:\/\/maasleder.com\/de\/"},{"@type":"ListItem","position":2,"name":"\u00dcber uns","item":"https:\/\/maasleder.com\/de\/uber-uns\/"},{"@type":"ListItem","position":3,"name":"Nachricht Lamparter Partnerschaft"}]},{"@type":"WebSite","@id":"https:\/\/maasleder.com\/de\/#website","url":"https:\/\/maasleder.com\/de\/","name":"Maasleder","description":"Shop the best leather online","publisher":{"@id":"https:\/\/maasleder.com\/de\/#organization"},"potentialAction":[{"@type":"SearchAction","target":{"@type":"EntryPoint","urlTemplate":"https:\/\/maasleder.com\/de\/?s={search_term_string}"},"query-input":{"@type":"PropertyValueSpecification","valueRequired":true,"valueName":"search_term_string"}}],"inLanguage":"de"},{"@type":"Organization","@id":"https:\/\/maasleder.com\/de\/#organization","name":"Maasleder","url":"https:\/\/maasleder.com\/de\/","logo":{"@type":"ImageObject","inLanguage":"de","@id":"https:\/\/maasleder.com\/de\/#\/schema\/logo\/image\/","url":"https:\/\/maasleder.com\/wp-content\/uploads\/2024\/01\/cropped-maasleder-logo-full.png","contentUrl":"https:\/\/maasleder.com\/wp-content\/uploads\/2024\/01\/cropped-maasleder-logo-full.png","width":226,"height":53,"caption":"Maasleder"},"image":{"@id":"https:\/\/maasleder.com\/de\/#\/schema\/logo\/image\/"}}]}},"_links":{"self":[{"href":"https:\/\/maasleder.com\/de\/wp-json\/wp\/v2\/pages\/14378","targetHints":{"allow":["GET"]}}],"collection":[{"href":"https:\/\/maasleder.com\/de\/wp-json\/wp\/v2\/pages"}],"about":[{"href":"https:\/\/maasleder.com\/de\/wp-json\/wp\/v2\/types\/page"}],"author":[{"embeddable":true,"href":"https:\/\/maasleder.com\/de\/wp-json\/wp\/v2\/users\/641"}],"replies":[{"embeddable":true,"href":"https:\/\/maasleder.com\/de\/wp-json\/wp\/v2\/comments?post=14378"}],"version-history":[{"count":9,"href":"https:\/\/maasleder.com\/de\/wp-json\/wp\/v2\/pages\/14378\/revisions"}],"predecessor-version":[{"id":14411,"href":"https:\/\/maasleder.com\/de\/wp-json\/wp\/v2\/pages\/14378\/revisions\/14411"}],"up":[{"embeddable":true,"href":"https:\/\/maasleder.com\/de\/wp-json\/wp\/v2\/pages\/10109"}],"wp:attachment":[{"href":"https:\/\/maasleder.com\/de\/wp-json\/wp\/v2\/media?parent=14378"}],"curies":[{"name":"wp","href":"https:\/\/api.w.org\/{rel}","templated":true}]}}