{"id":13416,"date":"2025-10-15T11:10:07","date_gmt":"2025-10-15T09:10:07","guid":{"rendered":"https:\/\/maasleder.com\/?page_id=13416"},"modified":"2025-10-15T16:13:04","modified_gmt":"2025-10-15T14:13:04","slug":"nachricht-ubernahme-vol","status":"publish","type":"page","link":"https:\/\/maasleder.com\/de\/uber-uns\/nachricht-ubernahme-vol\/","title":{"rendered":"Nachricht ubernahme VOL"},"content":{"rendered":"\n<section id=\"content-2-block_54a6875e5899f168e246ceada5cd0e49\" class=\" align-items-top align-text-left align-left text_full_width\">\n    <div class=\"background\" style=\"\">\n                <div class=\"container\">\n            <div class=\"row\">\n                \n                                <div class=\"col-8\">\n                    <h1 style=\"text-align: left;\" data-pm-slice=\"1 1 []\"><strong>MAASLEDER \u00fcbernimmt Van Oosterum Leder<\/strong><\/h1>\n                    <div class=\"button-container\">\n                                                                    <\/div>\n                <\/div>\n                \n                \n                \n                            <\/div>\n        <\/div>\n            <\/div>\n<\/section>\n\n\n<section id=\"video-block_567b4806cdb194860b51afbf887d2d8b\" class=\" align-items-top align-text-left\">\n    <div class=\"container\">\n        <div class=\"row\">\n            <div class=\"col-12\">\n                <div class=\"video-container\" data-video-id=\"k2Toq5fT-AE\" data-hash-id=\"\"><img src=https:\/\/img.youtube.com\/vi\/k2Toq5fT-AE\/maxresdefault.jpg alt=\"Youtube video thumbnail\" class=\"video-thumbnail\"><svg xmlns=\"http:\/\/www.w3.org\/2000\/svg\" width=\"45.395\" height=\"45.395\" viewBox=\"0 0 45.395 45.395\">\n    <path id=\"Path_704\" data-name=\"Path 704\"\n        d=\"M20.158,34.911,33.776,24.7,20.158,14.484ZM24.7,2a22.7,22.7,0,1,0,22.7,22.7A22.706,22.706,0,0,0,24.7,2Zm0,40.855A18.158,18.158,0,1,1,42.855,24.7,18.182,18.182,0,0,1,24.7,42.855Z\"\n        transform=\"translate(-2 -2)\" fill=\"#fff\" \/>\n<\/svg><\/div>            <\/div>\n        <\/div>\n    <\/div>\n<\/section>\n\n\n\n<section id=\"content-2-block_f8bcb4411d70bd8ccde6234ddd9d31a2\" class=\" align-items-top align-text-left align-left text_full_width\">\n    <div class=\"background\" style=\"\">\n                <div class=\"container\">\n            <div class=\"row\">\n                \n                                <div class=\"col-8\">\n                    <p data-pm-slice=\"1 1 []\"><strong>Der Lederhandel MAASLEDER aus Waalwijk \u00fcbernimmt Van Oosterum Leder. Dank der \u00dcbernahme ist die Zukunft des Familienunternehmens aus Raamsdonksveer gesichert, so Evert van Oosterum. Evert van Oosterum bleibt auch nach der \u00dcbernahme als General Manager aktiv eingebunden; Markenname und Identit\u00e4t von Van Oosterum Leder bleiben ebenfalls erhalten.<\/strong><\/p>\n<p>&nbsp;<\/p>\n<p>MAASLEDER aus Waalwijk steht kurz vor seinem hundertj\u00e4hrigen Firmenjubil\u00e4um; im September 2026 wird das Familienunternehmen hundert Jahre alt. Das Unternehmen ist ein f\u00fchrender internationaler Lieferant von Leder f\u00fcr verschiedene lederverarbeitende Branchen, mit langj\u00e4hrigem Schwerpunkt auf Schuhen. MAASLEDER vertritt mehrere renommierte italienische Gerbereien und ist als Spezialist mit einer breiten eigenen Kollektion in den Bereichen Oberleder und Futterleder etabliert. Gerard Maas vertraut MAASLEDER seinem Sohn Jurgen an, der als vierte Generation seit sechs Jahren im Unternehmen t\u00e4tig ist.<br \/>\nEvert van Oosterum, Eigent\u00fcmer von Van Oosterum Leder in Raamsdonksveer, hat hingegen keine Nachfolge in seiner Familie. Mit Blick auf die Zukunft entschied er sich, sein Familienunternehmen an MAASLEDER zu \u00fcbertragen. &#8222;Ein gro\u00dfer Schritt&#8220;, so Evert van Oosterum. &#8222;Van Oosterum Leder wurde 1929 von meinem Gro\u00dfvater Jan gegr\u00fcndet; mein Vater Gerard war hier rund sechzig Jahre t\u00e4tig. MAASLEDER hat als Familienunternehmen dieselbe DNA und misst Qualit\u00e4t und Service einen hohen Stellenwert bei. Ich bin stolz darauf, dass MAASLEDER den Markennamen Van Oosterum Leder beibeh\u00e4lt. Die Zusammenarbeit bedeutet, dass wir die Kontinuit\u00e4t von Lieferung und Service garantieren k\u00f6nnen.&#8220;<\/p>\n<p><strong>Umbau und Erweiterung<\/strong><\/p>\n<p>Van Oosterum Leder wird am Termin in das Geb\u00e4ude von MAASLEDER in Waalwijk umziehen, nur rund 15 Autominuten von Raamsdonksveer entfernt. Das Firmengeb\u00e4ude von MAASLEDER wird umgebaut und erweitert. Gerard und Jurgen Maas freuen sich \u00fcber diesen Schritt, den sie mit ihrem Unternehmen setzen. Jurgen Maas: &#8222;Dank der Kr\u00e4fteb\u00fcndelung zwischen zwei starken, soliden Unternehmen, die jeweils einen hervorragenden Ruf f\u00fcr Qualit\u00e4tsleder und enormes Fachwissen besitzen, k\u00f6nnen wir gemeinsam in Innovation investieren und unseren Kunden ein noch vollst\u00e4ndigeres Sortiment anbieten. Die anhaltende Einbindung von Evert van Oosterum unterstreicht unsere gemeinsame Zukunftsvision und garantiert Kontinuit\u00e4t f\u00fcr die Gesch\u00e4ftsbeziehungen von Van Oosterum Leder. Zudem bringt er sein Fachwissen und seine Erfahrung ein. Zusammen b\u00fcndeln wir fast 200 Jahre Handwerkskunst und blicken voller Zuversicht nach vorn. Gemeinsam bauen wir an einer starken Zukunft \u2013 f\u00fcr unsere Unternehmen, f\u00fcr unsere Mitarbeiter und vor allem f\u00fcr unsere Kunden.&#8220;<\/p>\n<p>&nbsp;<\/p>\n<p><strong>Fachmesse in K\u00f6ln<\/strong><\/p>\n<p>Kunden und Gesch\u00e4ftspartner werden pers\u00f6nlich \u00fcber die \u00dcbernahme informiert. Die Unternehmer Maas und Van Oosterum pr\u00e4sentieren sich am 24. und 25. Oktober auf der internationalen Fachmesse Orthop\u00e4die Schuh Technik in K\u00f6ln erstmals gemeinsam.<\/p>\n<p>&nbsp;<\/p>\n<p>&nbsp;<\/p>\n<p data-pm-slice=\"1 1 []\"><strong>F\u00fcr weitere Informationen nehmen Sie bitte Kontakt auf mit<\/strong><\/p>\n<p>MAASLEDER BV<\/p>\n<p>Jurgen Maas, Operativer Direktor<\/p>\n<p>Industrieweg 40<\/p>\n<p>5145 PV Waalwijk<\/p>\n<p>T + 31 416 33 50 31<\/p>\n<p>E <a href=\"mailto:jurgen@maasleder.com\">jurgen@maasleder.com<\/a><\/p>\n                    <div class=\"button-container\">\n                                                                    <\/div>\n                <\/div>\n                \n                \n                \n                            <\/div>\n        <\/div>\n            <\/div>\n<\/section>\n\n\n<section id=\"content-2-block_f6e2c165fce89153f5260a1e37bbc7ea\" class=\" align-items-top align-text-left align-left text\">\n    <div class=\"background\" style=\"\">\n                <div class=\"container\">\n            <div class=\"row\">\n                \n                \n                \n                <div class=\"col-6\">\n                    <p><img decoding=\"async\" class=\"alignnone wp-image-13442\" src=\"https:\/\/maasleder.com\/wp-content\/uploads\/2025\/10\/Logo_Maasleder_aug2013_RGB_150dpi-300x200.jpg\" alt=\"\" width=\"167\" height=\"111\" srcset=\"https:\/\/maasleder.com\/wp-content\/uploads\/2025\/10\/Logo_Maasleder_aug2013_RGB_150dpi-300x200.jpg 300w, https:\/\/maasleder.com\/wp-content\/uploads\/2025\/10\/Logo_Maasleder_aug2013_RGB_150dpi-50x33.jpg 50w, https:\/\/maasleder.com\/wp-content\/uploads\/2025\/10\/Logo_Maasleder_aug2013_RGB_150dpi.jpg 324w\" sizes=\"(max-width: 167px) 100vw, 167px\" \/>\u00a0 \u00a0 \u00a0 \u00a0 \u00a0 \u00a0<img decoding=\"async\" class=\"alignnone size-medium wp-image-13452\" src=\"https:\/\/maasleder.com\/wp-content\/uploads\/2025\/10\/VAN-OOSTERUM-LEDER_300DPI-RGB-1-300x72.jpg\" alt=\"\" width=\"300\" height=\"72\" srcset=\"https:\/\/maasleder.com\/wp-content\/uploads\/2025\/10\/VAN-OOSTERUM-LEDER_300DPI-RGB-1-300x72.jpg 300w, https:\/\/maasleder.com\/wp-content\/uploads\/2025\/10\/VAN-OOSTERUM-LEDER_300DPI-RGB-1-1024x246.jpg 1024w, https:\/\/maasleder.com\/wp-content\/uploads\/2025\/10\/VAN-OOSTERUM-LEDER_300DPI-RGB-1-768x185.jpg 768w, https:\/\/maasleder.com\/wp-content\/uploads\/2025\/10\/VAN-OOSTERUM-LEDER_300DPI-RGB-1-1536x370.jpg 1536w, https:\/\/maasleder.com\/wp-content\/uploads\/2025\/10\/VAN-OOSTERUM-LEDER_300DPI-RGB-1-1000x241.jpg 1000w, https:\/\/maasleder.com\/wp-content\/uploads\/2025\/10\/VAN-OOSTERUM-LEDER_300DPI-RGB-1-50x12.jpg 50w, https:\/\/maasleder.com\/wp-content\/uploads\/2025\/10\/VAN-OOSTERUM-LEDER_300DPI-RGB-1-600x144.jpg 600w, https:\/\/maasleder.com\/wp-content\/uploads\/2025\/10\/VAN-OOSTERUM-LEDER_300DPI-RGB-1.jpg 1920w\" sizes=\"(max-width: 300px) 100vw, 300px\" \/><\/p>\n                    \n                                    <\/div>\n                <div class=\"col-6\">\n                    <p>&nbsp;<\/p>\n<p>&nbsp;<\/p>\n                    \n                                    <\/div>\n                \n                \n                            <\/div>\n        <\/div>\n            <\/div>\n<\/section>","protected":false},"excerpt":{"rendered":"","protected":false},"author":641,"featured_media":0,"parent":10109,"menu_order":0,"comment_status":"closed","ping_status":"closed","template":"","meta":{"_acf_changed":false,"footnotes":""},"class_list":["post-13416","page","type-page","status-publish","hentry"],"acf":[],"yoast_head":"<!-- This site is optimized with the Yoast SEO plugin v27.4 - https:\/\/yoast.com\/product\/yoast-seo-wordpress\/ -->\n<title>Maasleder | Leer kopen<\/title>\n<meta name=\"description\" content=\"Bestel leervellen in kleine of grote volumes online. \u2713Ruime collectie leersoorten \u2713Eerlijke prijzen \u2713Uit voorraad leverbaar\" \/>\n<meta name=\"robots\" content=\"index, follow, max-snippet:-1, max-image-preview:large, max-video-preview:-1\" \/>\n<link rel=\"canonical\" href=\"https:\/\/maasleder.com\/de\/uber-uns\/nachricht-ubernahme-vol\/\" \/>\n<meta property=\"og:locale\" content=\"de_DE\" \/>\n<meta property=\"og:type\" content=\"article\" \/>\n<meta property=\"og:title\" content=\"Maasleder | Leer kopen\" \/>\n<meta property=\"og:description\" content=\"Bestel leervellen in kleine of grote volumes online. \u2713Ruime collectie leersoorten \u2713Eerlijke prijzen \u2713Uit voorraad leverbaar\" \/>\n<meta property=\"og:url\" content=\"https:\/\/maasleder.com\/de\/uber-uns\/nachricht-ubernahme-vol\/\" \/>\n<meta property=\"og:site_name\" content=\"Maasleder\" \/>\n<meta property=\"article:modified_time\" content=\"2025-10-15T14:13:04+00:00\" \/>\n<meta name=\"twitter:card\" content=\"summary_large_image\" \/>\n<script type=\"application\/ld+json\" class=\"yoast-schema-graph\">{\"@context\":\"https:\\\/\\\/schema.org\",\"@graph\":[{\"@type\":\"WebPage\",\"@id\":\"https:\\\/\\\/maasleder.com\\\/de\\\/uber-uns\\\/nachricht-ubernahme-vol\\\/\",\"url\":\"https:\\\/\\\/maasleder.com\\\/de\\\/uber-uns\\\/nachricht-ubernahme-vol\\\/\",\"name\":\"Maasleder | Leer kopen\",\"isPartOf\":{\"@id\":\"https:\\\/\\\/maasleder.com\\\/de\\\/#website\"},\"datePublished\":\"2025-10-15T09:10:07+00:00\",\"dateModified\":\"2025-10-15T14:13:04+00:00\",\"description\":\"Bestel leervellen in kleine of grote volumes online. \u2713Ruime collectie leersoorten \u2713Eerlijke prijzen \u2713Uit voorraad leverbaar\",\"breadcrumb\":{\"@id\":\"https:\\\/\\\/maasleder.com\\\/de\\\/uber-uns\\\/nachricht-ubernahme-vol\\\/#breadcrumb\"},\"inLanguage\":\"de\",\"potentialAction\":[{\"@type\":\"ReadAction\",\"target\":[\"https:\\\/\\\/maasleder.com\\\/de\\\/uber-uns\\\/nachricht-ubernahme-vol\\\/\"]}]},{\"@type\":\"BreadcrumbList\",\"@id\":\"https:\\\/\\\/maasleder.com\\\/de\\\/uber-uns\\\/nachricht-ubernahme-vol\\\/#breadcrumb\",\"itemListElement\":[{\"@type\":\"ListItem\",\"position\":1,\"name\":\"Home\",\"item\":\"https:\\\/\\\/maasleder.com\\\/de\\\/\"},{\"@type\":\"ListItem\",\"position\":2,\"name\":\"\u00dcber uns\",\"item\":\"https:\\\/\\\/maasleder.com\\\/de\\\/uber-uns\\\/\"},{\"@type\":\"ListItem\",\"position\":3,\"name\":\"Nachricht ubernahme VOL\"}]},{\"@type\":\"WebSite\",\"@id\":\"https:\\\/\\\/maasleder.com\\\/de\\\/#website\",\"url\":\"https:\\\/\\\/maasleder.com\\\/de\\\/\",\"name\":\"Maasleder\",\"description\":\"Shop the best leather online\",\"publisher\":{\"@id\":\"https:\\\/\\\/maasleder.com\\\/de\\\/#organization\"},\"potentialAction\":[{\"@type\":\"SearchAction\",\"target\":{\"@type\":\"EntryPoint\",\"urlTemplate\":\"https:\\\/\\\/maasleder.com\\\/de\\\/?s={search_term_string}\"},\"query-input\":{\"@type\":\"PropertyValueSpecification\",\"valueRequired\":true,\"valueName\":\"search_term_string\"}}],\"inLanguage\":\"de\"},{\"@type\":\"Organization\",\"@id\":\"https:\\\/\\\/maasleder.com\\\/de\\\/#organization\",\"name\":\"Maasleder\",\"url\":\"https:\\\/\\\/maasleder.com\\\/de\\\/\",\"logo\":{\"@type\":\"ImageObject\",\"inLanguage\":\"de\",\"@id\":\"https:\\\/\\\/maasleder.com\\\/de\\\/#\\\/schema\\\/logo\\\/image\\\/\",\"url\":\"https:\\\/\\\/maasleder.com\\\/wp-content\\\/uploads\\\/2024\\\/01\\\/cropped-maasleder-logo-full.png\",\"contentUrl\":\"https:\\\/\\\/maasleder.com\\\/wp-content\\\/uploads\\\/2024\\\/01\\\/cropped-maasleder-logo-full.png\",\"width\":226,\"height\":53,\"caption\":\"Maasleder\"},\"image\":{\"@id\":\"https:\\\/\\\/maasleder.com\\\/de\\\/#\\\/schema\\\/logo\\\/image\\\/\"}}]}<\/script>\n<!-- \/ Yoast SEO plugin. -->","yoast_head_json":{"title":"Maasleder | Leer kopen","description":"Bestel leervellen in kleine of grote volumes online. \u2713Ruime collectie leersoorten \u2713Eerlijke prijzen \u2713Uit voorraad leverbaar","robots":{"index":"index","follow":"follow","max-snippet":"max-snippet:-1","max-image-preview":"max-image-preview:large","max-video-preview":"max-video-preview:-1"},"canonical":"https:\/\/maasleder.com\/de\/uber-uns\/nachricht-ubernahme-vol\/","og_locale":"de_DE","og_type":"article","og_title":"Maasleder | Leer kopen","og_description":"Bestel leervellen in kleine of grote volumes online. \u2713Ruime collectie leersoorten \u2713Eerlijke prijzen \u2713Uit voorraad leverbaar","og_url":"https:\/\/maasleder.com\/de\/uber-uns\/nachricht-ubernahme-vol\/","og_site_name":"Maasleder","article_modified_time":"2025-10-15T14:13:04+00:00","twitter_card":"summary_large_image","schema":{"@context":"https:\/\/schema.org","@graph":[{"@type":"WebPage","@id":"https:\/\/maasleder.com\/de\/uber-uns\/nachricht-ubernahme-vol\/","url":"https:\/\/maasleder.com\/de\/uber-uns\/nachricht-ubernahme-vol\/","name":"Maasleder | Leer kopen","isPartOf":{"@id":"https:\/\/maasleder.com\/de\/#website"},"datePublished":"2025-10-15T09:10:07+00:00","dateModified":"2025-10-15T14:13:04+00:00","description":"Bestel leervellen in kleine of grote volumes online. \u2713Ruime collectie leersoorten \u2713Eerlijke prijzen \u2713Uit voorraad leverbaar","breadcrumb":{"@id":"https:\/\/maasleder.com\/de\/uber-uns\/nachricht-ubernahme-vol\/#breadcrumb"},"inLanguage":"de","potentialAction":[{"@type":"ReadAction","target":["https:\/\/maasleder.com\/de\/uber-uns\/nachricht-ubernahme-vol\/"]}]},{"@type":"BreadcrumbList","@id":"https:\/\/maasleder.com\/de\/uber-uns\/nachricht-ubernahme-vol\/#breadcrumb","itemListElement":[{"@type":"ListItem","position":1,"name":"Home","item":"https:\/\/maasleder.com\/de\/"},{"@type":"ListItem","position":2,"name":"\u00dcber uns","item":"https:\/\/maasleder.com\/de\/uber-uns\/"},{"@type":"ListItem","position":3,"name":"Nachricht ubernahme VOL"}]},{"@type":"WebSite","@id":"https:\/\/maasleder.com\/de\/#website","url":"https:\/\/maasleder.com\/de\/","name":"Maasleder","description":"Shop the best leather online","publisher":{"@id":"https:\/\/maasleder.com\/de\/#organization"},"potentialAction":[{"@type":"SearchAction","target":{"@type":"EntryPoint","urlTemplate":"https:\/\/maasleder.com\/de\/?s={search_term_string}"},"query-input":{"@type":"PropertyValueSpecification","valueRequired":true,"valueName":"search_term_string"}}],"inLanguage":"de"},{"@type":"Organization","@id":"https:\/\/maasleder.com\/de\/#organization","name":"Maasleder","url":"https:\/\/maasleder.com\/de\/","logo":{"@type":"ImageObject","inLanguage":"de","@id":"https:\/\/maasleder.com\/de\/#\/schema\/logo\/image\/","url":"https:\/\/maasleder.com\/wp-content\/uploads\/2024\/01\/cropped-maasleder-logo-full.png","contentUrl":"https:\/\/maasleder.com\/wp-content\/uploads\/2024\/01\/cropped-maasleder-logo-full.png","width":226,"height":53,"caption":"Maasleder"},"image":{"@id":"https:\/\/maasleder.com\/de\/#\/schema\/logo\/image\/"}}]}},"_links":{"self":[{"href":"https:\/\/maasleder.com\/de\/wp-json\/wp\/v2\/pages\/13416","targetHints":{"allow":["GET"]}}],"collection":[{"href":"https:\/\/maasleder.com\/de\/wp-json\/wp\/v2\/pages"}],"about":[{"href":"https:\/\/maasleder.com\/de\/wp-json\/wp\/v2\/types\/page"}],"author":[{"embeddable":true,"href":"https:\/\/maasleder.com\/de\/wp-json\/wp\/v2\/users\/641"}],"replies":[{"embeddable":true,"href":"https:\/\/maasleder.com\/de\/wp-json\/wp\/v2\/comments?post=13416"}],"version-history":[{"count":11,"href":"https:\/\/maasleder.com\/de\/wp-json\/wp\/v2\/pages\/13416\/revisions"}],"predecessor-version":[{"id":13516,"href":"https:\/\/maasleder.com\/de\/wp-json\/wp\/v2\/pages\/13416\/revisions\/13516"}],"up":[{"embeddable":true,"href":"https:\/\/maasleder.com\/de\/wp-json\/wp\/v2\/pages\/10109"}],"wp:attachment":[{"href":"https:\/\/maasleder.com\/de\/wp-json\/wp\/v2\/media?parent=13416"}],"curies":[{"name":"wp","href":"https:\/\/api.w.org\/{rel}","templated":true}]}}