{"id":11712,"date":"2024-08-28T10:42:53","date_gmt":"2024-08-28T08:42:53","guid":{"rendered":"https:\/\/maasleder.com\/branchen\/andere-industrien\/"},"modified":"2024-10-31T11:39:30","modified_gmt":"2024-10-31T10:39:30","slug":"sonstige","status":"publish","type":"page","link":"https:\/\/maasleder.com\/de\/branchen\/sonstige\/","title":{"rendered":"Sonstige Branchen"},"content":{"rendered":"\n<section id=\"content-2-block_85606e176d683b8b8f2610167a8bfd5b\" class=\" m-0 align-items-top align-text-left align-left image-swirl-main image\">\n    <div class=\"background\" style=\"\">\n                <div class=\"container\">\n            <div class=\"row\">\n                \n                \n                \n                \n                                <div class=\"first-col col-6\">\n                    <h1>Sonstige Branchen<\/h1>\n<p>Wir bieten eine sehr breite Kollektion mit einer gro\u00dfen Auswahl an Farben, die f\u00fcr viele verschiedene Anwendungen geeignet sind. Denken Sie nicht nur an Mode und Schuhe, sondern auch an Innenarchitektur und Kunstprojekte. Weil wir flexibel liefern, verf\u00fcgen Sie schnell \u00fcber das passende Leder f\u00fcr Ihr Projekt, genau in der Menge, die Sie ben\u00f6tigen. Die M\u00f6glichkeiten sind unendlich! Neugierig? Kontaktieren Sie uns f\u00fcr ein unverbindliches Angebot.<\/p>\n                                        <a href=\"https:\/\/maasleder.com\/de\/kontakt\/\" target=\"\" class=\"btn-orange\">Kontakt aufnehmen<\/a>                                    <\/div>\n\n                <div class=\"second-col  image-swirl col-6\">\n                    <svg xmlns=\"http:\/\/www.w3.org\/2000\/svg\" version=\"1.1\" viewBox=\"0 0 172.65 668\">\n    <path class=\"cls-1\"\n        d=\"M0,668h172.65c.5-48.62-25.46-102.33-67.16-129.49-15.68-10.21-31.7-17.13-47.56-25.52-28.47-15.06-46.84-54.39-37.01-82.3,3.7-10.52,12-17.99,20.33-21.89,15.14-7.09,31.16-12.25,47.22-17.17-.12-.3-.06-.15,0,0,9.92-4.01,20.38-6.83,29.63-12.27,18.34-10.77,29.57-30.95,33.15-60.41,3.3-27.18-2.41-54.47-19.31-81.83-6.63-10.73-13.39-21.33-20.07-32.01-20.81-33.23-26.39-62.46-17.14-91.72,3.26-10.31,6.61-20.74,11.23-29.51C118.05,60.9,118.73,32.07,112.94,0H0v668Z\" \/>\n<\/svg>                    <div class=\"image-container\"><img decoding=\"async\" width=\"1920\" height=\"1080\" src=\"https:\/\/maasleder.com\/wp-content\/uploads\/2024\/09\/MAASLEDER_LEATHER_TANNERY_WAALWIJK_NETHERLANDS.jpg\" class=\"attachment-full size-full\" alt=\"\" srcset=\"https:\/\/maasleder.com\/wp-content\/uploads\/2024\/09\/MAASLEDER_LEATHER_TANNERY_WAALWIJK_NETHERLANDS.jpg 1920w, https:\/\/maasleder.com\/wp-content\/uploads\/2024\/09\/MAASLEDER_LEATHER_TANNERY_WAALWIJK_NETHERLANDS-300x169.jpg 300w, https:\/\/maasleder.com\/wp-content\/uploads\/2024\/09\/MAASLEDER_LEATHER_TANNERY_WAALWIJK_NETHERLANDS-1024x576.jpg 1024w, https:\/\/maasleder.com\/wp-content\/uploads\/2024\/09\/MAASLEDER_LEATHER_TANNERY_WAALWIJK_NETHERLANDS-768x432.jpg 768w, https:\/\/maasleder.com\/wp-content\/uploads\/2024\/09\/MAASLEDER_LEATHER_TANNERY_WAALWIJK_NETHERLANDS-1536x864.jpg 1536w, https:\/\/maasleder.com\/wp-content\/uploads\/2024\/09\/MAASLEDER_LEATHER_TANNERY_WAALWIJK_NETHERLANDS-1000x563.jpg 1000w, https:\/\/maasleder.com\/wp-content\/uploads\/2024\/09\/MAASLEDER_LEATHER_TANNERY_WAALWIJK_NETHERLANDS-50x28.jpg 50w, https:\/\/maasleder.com\/wp-content\/uploads\/2024\/09\/MAASLEDER_LEATHER_TANNERY_WAALWIJK_NETHERLANDS-600x338.jpg 600w\" sizes=\"(max-width: 1920px) 100vw, 1920px\" \/><\/div>                <\/div>\n                            <\/div>\n        <\/div>\n            <\/div>\n<\/section>","protected":false},"excerpt":{"rendered":"","protected":false},"author":1,"featured_media":0,"parent":10111,"menu_order":0,"comment_status":"closed","ping_status":"closed","template":"","meta":{"_acf_changed":false,"footnotes":""},"class_list":["post-11712","page","type-page","status-publish","hentry"],"acf":[],"yoast_head":"<!-- This site is optimized with the Yoast SEO plugin v27.3 - https:\/\/yoast.com\/product\/yoast-seo-wordpress\/ -->\n<title>Maasleder | Andere Industrien<\/title>\n<meta name=\"description\" content=\"Wir liefern Qualit\u00e4tsleder f\u00fcr verschiedene Branchen. Haben Sie einen gro\u00dfen Auftrag oder nur ein kleines Projekt? Fordern Sie ein unverbindliches Angebot an.\" \/>\n<meta name=\"robots\" content=\"index, follow, max-snippet:-1, max-image-preview:large, max-video-preview:-1\" \/>\n<link rel=\"canonical\" href=\"https:\/\/maasleder.com\/de\/branchen\/sonstige\/\" \/>\n<meta property=\"og:locale\" content=\"de_DE\" \/>\n<meta property=\"og:type\" content=\"article\" \/>\n<meta property=\"og:title\" content=\"Maasleder | Andere Industrien\" \/>\n<meta property=\"og:description\" content=\"Wir liefern Qualit\u00e4tsleder f\u00fcr verschiedene Branchen. Haben Sie einen gro\u00dfen Auftrag oder nur ein kleines Projekt? Fordern Sie ein unverbindliches Angebot an.\" \/>\n<meta property=\"og:url\" content=\"https:\/\/maasleder.com\/de\/branchen\/sonstige\/\" \/>\n<meta property=\"og:site_name\" content=\"Maasleder\" \/>\n<meta property=\"article:modified_time\" content=\"2024-10-31T10:39:30+00:00\" \/>\n<meta name=\"twitter:card\" content=\"summary_large_image\" \/>\n<script type=\"application\/ld+json\" class=\"yoast-schema-graph\">{\"@context\":\"https:\\\/\\\/schema.org\",\"@graph\":[{\"@type\":\"WebPage\",\"@id\":\"https:\\\/\\\/maasleder.com\\\/de\\\/branchen\\\/sonstige\\\/\",\"url\":\"https:\\\/\\\/maasleder.com\\\/de\\\/branchen\\\/sonstige\\\/\",\"name\":\"Maasleder | Andere Industrien\",\"isPartOf\":{\"@id\":\"https:\\\/\\\/maasleder.com\\\/de\\\/#website\"},\"datePublished\":\"2024-08-28T08:42:53+00:00\",\"dateModified\":\"2024-10-31T10:39:30+00:00\",\"description\":\"Wir liefern Qualit\u00e4tsleder f\u00fcr verschiedene Branchen. Haben Sie einen gro\u00dfen Auftrag oder nur ein kleines Projekt? Fordern Sie ein unverbindliches Angebot an.\",\"breadcrumb\":{\"@id\":\"https:\\\/\\\/maasleder.com\\\/de\\\/branchen\\\/sonstige\\\/#breadcrumb\"},\"inLanguage\":\"de\",\"potentialAction\":[{\"@type\":\"ReadAction\",\"target\":[\"https:\\\/\\\/maasleder.com\\\/de\\\/branchen\\\/sonstige\\\/\"]}]},{\"@type\":\"BreadcrumbList\",\"@id\":\"https:\\\/\\\/maasleder.com\\\/de\\\/branchen\\\/sonstige\\\/#breadcrumb\",\"itemListElement\":[{\"@type\":\"ListItem\",\"position\":1,\"name\":\"Home\",\"item\":\"https:\\\/\\\/maasleder.com\\\/de\\\/\"},{\"@type\":\"ListItem\",\"position\":2,\"name\":\"Branchen\",\"item\":\"https:\\\/\\\/maasleder.com\\\/de\\\/branchen\\\/\"},{\"@type\":\"ListItem\",\"position\":3,\"name\":\"Sonstige Branchen\"}]},{\"@type\":\"WebSite\",\"@id\":\"https:\\\/\\\/maasleder.com\\\/de\\\/#website\",\"url\":\"https:\\\/\\\/maasleder.com\\\/de\\\/\",\"name\":\"Maasleder\",\"description\":\"Shop the best leather online\",\"publisher\":{\"@id\":\"https:\\\/\\\/maasleder.com\\\/de\\\/#organization\"},\"potentialAction\":[{\"@type\":\"SearchAction\",\"target\":{\"@type\":\"EntryPoint\",\"urlTemplate\":\"https:\\\/\\\/maasleder.com\\\/de\\\/?s={search_term_string}\"},\"query-input\":{\"@type\":\"PropertyValueSpecification\",\"valueRequired\":true,\"valueName\":\"search_term_string\"}}],\"inLanguage\":\"de\"},{\"@type\":\"Organization\",\"@id\":\"https:\\\/\\\/maasleder.com\\\/de\\\/#organization\",\"name\":\"Maasleder\",\"url\":\"https:\\\/\\\/maasleder.com\\\/de\\\/\",\"logo\":{\"@type\":\"ImageObject\",\"inLanguage\":\"de\",\"@id\":\"https:\\\/\\\/maasleder.com\\\/de\\\/#\\\/schema\\\/logo\\\/image\\\/\",\"url\":\"https:\\\/\\\/maasleder.com\\\/wp-content\\\/uploads\\\/2024\\\/01\\\/cropped-maasleder-logo-full.png\",\"contentUrl\":\"https:\\\/\\\/maasleder.com\\\/wp-content\\\/uploads\\\/2024\\\/01\\\/cropped-maasleder-logo-full.png\",\"width\":226,\"height\":53,\"caption\":\"Maasleder\"},\"image\":{\"@id\":\"https:\\\/\\\/maasleder.com\\\/de\\\/#\\\/schema\\\/logo\\\/image\\\/\"}}]}<\/script>\n<!-- \/ Yoast SEO plugin. -->","yoast_head_json":{"title":"Maasleder | Andere Industrien","description":"Wir liefern Qualit\u00e4tsleder f\u00fcr verschiedene Branchen. Haben Sie einen gro\u00dfen Auftrag oder nur ein kleines Projekt? Fordern Sie ein unverbindliches Angebot an.","robots":{"index":"index","follow":"follow","max-snippet":"max-snippet:-1","max-image-preview":"max-image-preview:large","max-video-preview":"max-video-preview:-1"},"canonical":"https:\/\/maasleder.com\/de\/branchen\/sonstige\/","og_locale":"de_DE","og_type":"article","og_title":"Maasleder | Andere Industrien","og_description":"Wir liefern Qualit\u00e4tsleder f\u00fcr verschiedene Branchen. Haben Sie einen gro\u00dfen Auftrag oder nur ein kleines Projekt? Fordern Sie ein unverbindliches Angebot an.","og_url":"https:\/\/maasleder.com\/de\/branchen\/sonstige\/","og_site_name":"Maasleder","article_modified_time":"2024-10-31T10:39:30+00:00","twitter_card":"summary_large_image","schema":{"@context":"https:\/\/schema.org","@graph":[{"@type":"WebPage","@id":"https:\/\/maasleder.com\/de\/branchen\/sonstige\/","url":"https:\/\/maasleder.com\/de\/branchen\/sonstige\/","name":"Maasleder | Andere Industrien","isPartOf":{"@id":"https:\/\/maasleder.com\/de\/#website"},"datePublished":"2024-08-28T08:42:53+00:00","dateModified":"2024-10-31T10:39:30+00:00","description":"Wir liefern Qualit\u00e4tsleder f\u00fcr verschiedene Branchen. Haben Sie einen gro\u00dfen Auftrag oder nur ein kleines Projekt? Fordern Sie ein unverbindliches Angebot an.","breadcrumb":{"@id":"https:\/\/maasleder.com\/de\/branchen\/sonstige\/#breadcrumb"},"inLanguage":"de","potentialAction":[{"@type":"ReadAction","target":["https:\/\/maasleder.com\/de\/branchen\/sonstige\/"]}]},{"@type":"BreadcrumbList","@id":"https:\/\/maasleder.com\/de\/branchen\/sonstige\/#breadcrumb","itemListElement":[{"@type":"ListItem","position":1,"name":"Home","item":"https:\/\/maasleder.com\/de\/"},{"@type":"ListItem","position":2,"name":"Branchen","item":"https:\/\/maasleder.com\/de\/branchen\/"},{"@type":"ListItem","position":3,"name":"Sonstige Branchen"}]},{"@type":"WebSite","@id":"https:\/\/maasleder.com\/de\/#website","url":"https:\/\/maasleder.com\/de\/","name":"Maasleder","description":"Shop the best leather online","publisher":{"@id":"https:\/\/maasleder.com\/de\/#organization"},"potentialAction":[{"@type":"SearchAction","target":{"@type":"EntryPoint","urlTemplate":"https:\/\/maasleder.com\/de\/?s={search_term_string}"},"query-input":{"@type":"PropertyValueSpecification","valueRequired":true,"valueName":"search_term_string"}}],"inLanguage":"de"},{"@type":"Organization","@id":"https:\/\/maasleder.com\/de\/#organization","name":"Maasleder","url":"https:\/\/maasleder.com\/de\/","logo":{"@type":"ImageObject","inLanguage":"de","@id":"https:\/\/maasleder.com\/de\/#\/schema\/logo\/image\/","url":"https:\/\/maasleder.com\/wp-content\/uploads\/2024\/01\/cropped-maasleder-logo-full.png","contentUrl":"https:\/\/maasleder.com\/wp-content\/uploads\/2024\/01\/cropped-maasleder-logo-full.png","width":226,"height":53,"caption":"Maasleder"},"image":{"@id":"https:\/\/maasleder.com\/de\/#\/schema\/logo\/image\/"}}]}},"_links":{"self":[{"href":"https:\/\/maasleder.com\/de\/wp-json\/wp\/v2\/pages\/11712","targetHints":{"allow":["GET"]}}],"collection":[{"href":"https:\/\/maasleder.com\/de\/wp-json\/wp\/v2\/pages"}],"about":[{"href":"https:\/\/maasleder.com\/de\/wp-json\/wp\/v2\/types\/page"}],"author":[{"embeddable":true,"href":"https:\/\/maasleder.com\/de\/wp-json\/wp\/v2\/users\/1"}],"replies":[{"embeddable":true,"href":"https:\/\/maasleder.com\/de\/wp-json\/wp\/v2\/comments?post=11712"}],"version-history":[{"count":3,"href":"https:\/\/maasleder.com\/de\/wp-json\/wp\/v2\/pages\/11712\/revisions"}],"predecessor-version":[{"id":11715,"href":"https:\/\/maasleder.com\/de\/wp-json\/wp\/v2\/pages\/11712\/revisions\/11715"}],"up":[{"embeddable":true,"href":"https:\/\/maasleder.com\/de\/wp-json\/wp\/v2\/pages\/10111"}],"wp:attachment":[{"href":"https:\/\/maasleder.com\/de\/wp-json\/wp\/v2\/media?parent=11712"}],"curies":[{"name":"wp","href":"https:\/\/api.w.org\/{rel}","templated":true}]}}