{"id":10152,"date":"2022-09-20T14:58:59","date_gmt":"2022-09-20T12:58:59","guid":{"rendered":"https:\/\/maasleder.com\/privacy-policy\/"},"modified":"2024-10-02T14:40:52","modified_gmt":"2024-10-02T12:40:52","slug":"privacy-policy","status":"publish","type":"page","link":"https:\/\/maasleder.com\/de\/privacy-policy\/","title":{"rendered":"Privacy Policy"},"content":{"rendered":"\n<section id=\"content-2-block_1c0a8788b1aad8446cbd3e1e5783f3b0\" class=\" align-items-top align-text-left align-left text_full_width\">\n    <div class=\"background\" style=\"\">\n                <div class=\"container\">\n            <div class=\"row\">\n                \n                                <div class=\"col-8\">\n                    <h1>Datenschutzbestimmungen<\/h1>\n<p>DATENSCHUTZERKL\u00c4RUNG MAASLEDER B.V. (im Folgenden als &#8222;Maasleder&#8220; bezeichnet)<\/p>\n<p>Pers\u00f6nliche Daten<\/p>\n<p>Diese Erkl\u00e4rung ist f\u00fcr die Kunden und\/oder Lieferanten von Maasleder bestimmt. Diese Erkl\u00e4rung beschreibt, wie Maasleder mit den von Ihnen zur Verf\u00fcgung gestellten personenbezogenen Daten umgeht. Ein &#8222;personenbezogenes Datum&#8220; sagt etwas \u00fcber eine nat\u00fcrliche Person aus oder k\u00f6nnte etwas \u00fcber sie aussagen. Ein Teil der Daten wird relativ schnell als personenbezogene Daten eingestuft und kann zu personenbezogenen Daten werden, wenn er mit anderen Daten kombiniert wird.<\/p>\n<p>Durch die Nutzung der von uns angebotenen Dienste teilen Sie uns auch personenbezogene Daten mit, die f\u00fcr die Erf\u00fcllung unserer Vereinbarung erforderlich sind. Wir speichern und verwenden nur die personenbezogenen Daten, die Sie uns direkt zur Verf\u00fcgung stellen oder bei deren \u00dcbermittlung klar ist, dass sie uns zur Verarbeitung zur Verf\u00fcgung gestellt werden.<\/p>\n<p>Auf der Grundlage &#8222;Erforderlich f\u00fcr die Erf\u00fcllung eines Vertrags&#8220; k\u00f6nnen wir je nach dem von Ihnen in Anspruch genommenen Dienst folgende personenbezogene Daten anfordern<\/p>\n<ul>\n<li>Name und Adressdaten<\/li>\n<li>E-Mail Adresse<\/li>\n<li>Telefonnummer<\/li>\n<\/ul>\n<p>Dies gilt sowohl f\u00fcr unsere (potenziellen) Kunden als auch f\u00fcr die Parteien, von denen wir Waren und\/oder Dienstleistungen beziehen.<\/p>\n<p>Ohne diese Angaben w\u00e4re es nicht m\u00f6glich, Ihnen ein Angebot oder eine Bestellung zukommen zu lassen, zu bestimmen, welche Spezifikationen oder W\u00fcnsche eine bestimmte Dienstleistung erf\u00fcllen soll, Arbeiten auszuf\u00fchren, Rechnungen zu stellen, zu bezahlen und mit Ihnen reibungslos und effizient \u00fcber die Ausf\u00fchrung des Vertrags zu kommunizieren.<\/p>\n<p>Um Ihnen den Einkauf in unserem Webshop so angenehm wie m\u00f6glich zu gestalten, speichern wir mit Ihrem Einverst\u00e4ndnis Ihre pers\u00f6nlichen Daten und die Daten, die sich auf Ihre Bestellungen und die Inanspruchnahme unserer Dienstleistungen beziehen. Dadurch k\u00f6nnen wir die Website personalisieren und ihre Benutzerfreundlichkeit verbessern.<\/p>\n<p>Sie sind nicht verpflichtet, uns Ihre personenbezogenen Daten mitzuteilen. Wenn Sie uns jedoch keine oder nur unzureichende personenbezogene Daten zur Verf\u00fcgung stellen, sind wir m\u00f6glicherweise nicht in der Lage, die oben genannten T\u00e4tigkeiten auszuf\u00fchren.<\/p>\n<p>&nbsp;<\/p>\n<p>&nbsp;<\/p>\n<p><strong>Weitergabe an Dritte<br \/>\n<\/strong>Ihre Daten werden ausdr\u00fccklich nicht an Dritte weitergegeben, es sei denn, diese sind unmittelbar an der Ausf\u00fchrung des Vertrags zwischen Ihnen und uns beteiligt oder eine gesetzliche Bestimmung verpflichtet uns dazu. Im \u00dcbrigen haben wir mit diesen Dritten immer Verarbeitungsvertr\u00e4ge abgeschlossen, so dass wir Vereinbarungen dar\u00fcber getroffen haben, wie diese Dritten die personenbezogenen Daten behandeln sollen.<\/p>\n<p>&nbsp;<\/p>\n<p><strong>Cookies<br \/>\n<\/strong>Cookies sind kleine Textdateien, die auf Ihrem Computer, Tablet oder Smartphone gespeichert werden, wenn Sie unsere Website besuchen. In diesen Textdateien werden Informationen gespeichert, die von der Website bei einem sp\u00e4teren Besuch wiedererkannt werden k\u00f6nnen.<\/p>\n<p>Wir setzen auch funktionale Cookies ein. Wir tun dies, um die Nutzung unserer Website einfach zu gestalten.<\/p>\n<p>Wir verwenden die Verkn\u00fcpfung mit Google Analytics auf unserer Website, haben aber alle Anstrengungen unternommen, um dies f\u00fcr unsere Kunden so sicher wie m\u00f6glich zu halten. In diesem Rahmen haben wir einen Verarbeitungsvertrag mit The Sequel geschlossen, die unsere Website verwaltet.<\/p>\n<p>&nbsp;<\/p>\n<p><strong>Aufbewahrungsfrist personenbezogener Daten<\/strong><\/p>\n<p>Ihre personenbezogenen Daten werden nicht l\u00e4nger aufbewahrt, als es f\u00fcr die Erf\u00fcllung des Vertrags erforderlich ist, und zwar auf der Grundlage der gesetzlichen Aufbewahrungs- und Dokumentationspflichten und unter Ber\u00fccksichtigung der Datenminimierung.<\/p>\n<p>&nbsp;<\/p>\n<p><strong>Ihre Rechte<\/strong><\/p>\n<p>Sie haben das Recht:<\/p>\n<ul>\n<li>Ihre eigenen personenbezogenen Daten einzusehen und\/oder zu erhalten.<\/li>\n<li>Ihre eigenen personenbezogenen Daten zu \u00e4ndern oder \u00e4ndern zu lassen, wenn sie Ungenauigkeiten enthalten<\/li>\n<li>Ihre eigenen personenbezogenen Daten l\u00f6schen zu lassen oder deren Verwendung einzuschr\u00e4nken<\/li>\n<li>Ihre pers\u00f6nlichen Daten von uns an eine andere Partei \u00fcbertragen zu lassen.<\/li>\n<\/ul>\n<p>&nbsp;<\/p>\n<p>Sie k\u00f6nnen auch der Erhebung und Verwendung Ihrer Daten widersprechen oder eine Beschwerde bei der Datenschutzbeh\u00f6rde einreichen.<\/p>\n<p>Um Ihre Rechte auszu\u00fcben, wenden Sie sich bitte an:<\/p>\n<p>Maasleder B.V.<br \/>\nIndustrieweg 40<\/p>\n<p>5145 PV Waalwijk<br \/>\ntel. 0416-335031<br \/>\noffice@maasleder.com<\/p>\n<p>&nbsp;<\/p>\n<p>Selbstverst\u00e4ndlich k\u00f6nnen Sie sich auch bei Fragen oder f\u00fcr weitere Informationen \u00fcber die Erhebung und Verwendung Ihrer personenbezogenen Daten an uns wenden.<\/p>\n<p>Diese Datenschutzerkl\u00e4rung ist ab dem 26. August 2024 g\u00fcltig. Maasleder beh\u00e4lt sich das Recht vor, diese Datenschutzerkl\u00e4rung zu \u00e4ndern. Es wird empfohlen, diese Erkl\u00e4rung regelm\u00e4\u00dfig zu konsultieren, damit Sie \u00fcber solche \u00c4nderungen informiert sind.<\/p>\n                    <div class=\"button-container\">\n                                                                    <\/div>\n                <\/div>\n                \n                \n                \n                            <\/div>\n        <\/div>\n            <\/div>\n<\/section>","protected":false},"excerpt":{"rendered":"","protected":false},"author":1,"featured_media":0,"parent":0,"menu_order":0,"comment_status":"closed","ping_status":"closed","template":"","meta":{"_acf_changed":false,"footnotes":""},"class_list":["post-10152","page","type-page","status-publish","hentry"],"acf":[],"yoast_head":"<!-- This site is optimized with the Yoast SEO plugin v27.3 - https:\/\/yoast.com\/product\/yoast-seo-wordpress\/ -->\n<title>Maasleder - Privacy policy<\/title>\n<meta name=\"description\" content=\"Bekijk hier onze privacy policy.\" \/>\n<meta name=\"robots\" content=\"index, follow, max-snippet:-1, max-image-preview:large, max-video-preview:-1\" \/>\n<link rel=\"canonical\" href=\"https:\/\/maasleder.com\/de\/privacy-policy\/\" \/>\n<meta property=\"og:locale\" content=\"de_DE\" \/>\n<meta property=\"og:type\" content=\"article\" \/>\n<meta property=\"og:title\" content=\"Maasleder - Privacy policy\" \/>\n<meta property=\"og:description\" content=\"Bekijk hier onze privacy policy.\" \/>\n<meta property=\"og:url\" content=\"https:\/\/maasleder.com\/de\/privacy-policy\/\" \/>\n<meta property=\"og:site_name\" content=\"Maasleder\" \/>\n<meta property=\"article:modified_time\" content=\"2024-10-02T12:40:52+00:00\" \/>\n<meta name=\"twitter:card\" content=\"summary_large_image\" \/>\n<script type=\"application\/ld+json\" class=\"yoast-schema-graph\">{\"@context\":\"https:\\\/\\\/schema.org\",\"@graph\":[{\"@type\":\"WebPage\",\"@id\":\"https:\\\/\\\/maasleder.com\\\/de\\\/privacy-policy\\\/\",\"url\":\"https:\\\/\\\/maasleder.com\\\/de\\\/privacy-policy\\\/\",\"name\":\"Maasleder - Privacy policy\",\"isPartOf\":{\"@id\":\"https:\\\/\\\/maasleder.com\\\/de\\\/#website\"},\"datePublished\":\"2022-09-20T12:58:59+00:00\",\"dateModified\":\"2024-10-02T12:40:52+00:00\",\"description\":\"Bekijk hier onze privacy policy.\",\"breadcrumb\":{\"@id\":\"https:\\\/\\\/maasleder.com\\\/de\\\/privacy-policy\\\/#breadcrumb\"},\"inLanguage\":\"de\",\"potentialAction\":[{\"@type\":\"ReadAction\",\"target\":[\"https:\\\/\\\/maasleder.com\\\/de\\\/privacy-policy\\\/\"]}]},{\"@type\":\"BreadcrumbList\",\"@id\":\"https:\\\/\\\/maasleder.com\\\/de\\\/privacy-policy\\\/#breadcrumb\",\"itemListElement\":[{\"@type\":\"ListItem\",\"position\":1,\"name\":\"Home\",\"item\":\"https:\\\/\\\/maasleder.com\\\/de\\\/\"},{\"@type\":\"ListItem\",\"position\":2,\"name\":\"Privacy Policy\"}]},{\"@type\":\"WebSite\",\"@id\":\"https:\\\/\\\/maasleder.com\\\/de\\\/#website\",\"url\":\"https:\\\/\\\/maasleder.com\\\/de\\\/\",\"name\":\"Maasleder\",\"description\":\"Shop the best leather online\",\"publisher\":{\"@id\":\"https:\\\/\\\/maasleder.com\\\/de\\\/#organization\"},\"potentialAction\":[{\"@type\":\"SearchAction\",\"target\":{\"@type\":\"EntryPoint\",\"urlTemplate\":\"https:\\\/\\\/maasleder.com\\\/de\\\/?s={search_term_string}\"},\"query-input\":{\"@type\":\"PropertyValueSpecification\",\"valueRequired\":true,\"valueName\":\"search_term_string\"}}],\"inLanguage\":\"de\"},{\"@type\":\"Organization\",\"@id\":\"https:\\\/\\\/maasleder.com\\\/de\\\/#organization\",\"name\":\"Maasleder\",\"url\":\"https:\\\/\\\/maasleder.com\\\/de\\\/\",\"logo\":{\"@type\":\"ImageObject\",\"inLanguage\":\"de\",\"@id\":\"https:\\\/\\\/maasleder.com\\\/de\\\/#\\\/schema\\\/logo\\\/image\\\/\",\"url\":\"https:\\\/\\\/maasleder.com\\\/wp-content\\\/uploads\\\/2024\\\/01\\\/cropped-maasleder-logo-full.png\",\"contentUrl\":\"https:\\\/\\\/maasleder.com\\\/wp-content\\\/uploads\\\/2024\\\/01\\\/cropped-maasleder-logo-full.png\",\"width\":226,\"height\":53,\"caption\":\"Maasleder\"},\"image\":{\"@id\":\"https:\\\/\\\/maasleder.com\\\/de\\\/#\\\/schema\\\/logo\\\/image\\\/\"}}]}<\/script>\n<!-- \/ Yoast SEO plugin. -->","yoast_head_json":{"title":"Maasleder - Privacy policy","description":"Bekijk hier onze privacy policy.","robots":{"index":"index","follow":"follow","max-snippet":"max-snippet:-1","max-image-preview":"max-image-preview:large","max-video-preview":"max-video-preview:-1"},"canonical":"https:\/\/maasleder.com\/de\/privacy-policy\/","og_locale":"de_DE","og_type":"article","og_title":"Maasleder - Privacy policy","og_description":"Bekijk hier onze privacy policy.","og_url":"https:\/\/maasleder.com\/de\/privacy-policy\/","og_site_name":"Maasleder","article_modified_time":"2024-10-02T12:40:52+00:00","twitter_card":"summary_large_image","schema":{"@context":"https:\/\/schema.org","@graph":[{"@type":"WebPage","@id":"https:\/\/maasleder.com\/de\/privacy-policy\/","url":"https:\/\/maasleder.com\/de\/privacy-policy\/","name":"Maasleder - Privacy policy","isPartOf":{"@id":"https:\/\/maasleder.com\/de\/#website"},"datePublished":"2022-09-20T12:58:59+00:00","dateModified":"2024-10-02T12:40:52+00:00","description":"Bekijk hier onze privacy policy.","breadcrumb":{"@id":"https:\/\/maasleder.com\/de\/privacy-policy\/#breadcrumb"},"inLanguage":"de","potentialAction":[{"@type":"ReadAction","target":["https:\/\/maasleder.com\/de\/privacy-policy\/"]}]},{"@type":"BreadcrumbList","@id":"https:\/\/maasleder.com\/de\/privacy-policy\/#breadcrumb","itemListElement":[{"@type":"ListItem","position":1,"name":"Home","item":"https:\/\/maasleder.com\/de\/"},{"@type":"ListItem","position":2,"name":"Privacy Policy"}]},{"@type":"WebSite","@id":"https:\/\/maasleder.com\/de\/#website","url":"https:\/\/maasleder.com\/de\/","name":"Maasleder","description":"Shop the best leather online","publisher":{"@id":"https:\/\/maasleder.com\/de\/#organization"},"potentialAction":[{"@type":"SearchAction","target":{"@type":"EntryPoint","urlTemplate":"https:\/\/maasleder.com\/de\/?s={search_term_string}"},"query-input":{"@type":"PropertyValueSpecification","valueRequired":true,"valueName":"search_term_string"}}],"inLanguage":"de"},{"@type":"Organization","@id":"https:\/\/maasleder.com\/de\/#organization","name":"Maasleder","url":"https:\/\/maasleder.com\/de\/","logo":{"@type":"ImageObject","inLanguage":"de","@id":"https:\/\/maasleder.com\/de\/#\/schema\/logo\/image\/","url":"https:\/\/maasleder.com\/wp-content\/uploads\/2024\/01\/cropped-maasleder-logo-full.png","contentUrl":"https:\/\/maasleder.com\/wp-content\/uploads\/2024\/01\/cropped-maasleder-logo-full.png","width":226,"height":53,"caption":"Maasleder"},"image":{"@id":"https:\/\/maasleder.com\/de\/#\/schema\/logo\/image\/"}}]}},"_links":{"self":[{"href":"https:\/\/maasleder.com\/de\/wp-json\/wp\/v2\/pages\/10152","targetHints":{"allow":["GET"]}}],"collection":[{"href":"https:\/\/maasleder.com\/de\/wp-json\/wp\/v2\/pages"}],"about":[{"href":"https:\/\/maasleder.com\/de\/wp-json\/wp\/v2\/types\/page"}],"author":[{"embeddable":true,"href":"https:\/\/maasleder.com\/de\/wp-json\/wp\/v2\/users\/1"}],"replies":[{"embeddable":true,"href":"https:\/\/maasleder.com\/de\/wp-json\/wp\/v2\/comments?post=10152"}],"version-history":[{"count":2,"href":"https:\/\/maasleder.com\/de\/wp-json\/wp\/v2\/pages\/10152\/revisions"}],"predecessor-version":[{"id":11469,"href":"https:\/\/maasleder.com\/de\/wp-json\/wp\/v2\/pages\/10152\/revisions\/11469"}],"wp:attachment":[{"href":"https:\/\/maasleder.com\/de\/wp-json\/wp\/v2\/media?parent=10152"}],"curies":[{"name":"wp","href":"https:\/\/api.w.org\/{rel}","templated":true}]}}