{"id":10121,"date":"2024-01-17T13:54:29","date_gmt":"2024-01-17T12:54:29","guid":{"rendered":"https:\/\/maasleder.com\/faq\/"},"modified":"2024-10-30T14:55:42","modified_gmt":"2024-10-30T13:55:42","slug":"faq","status":"publish","type":"page","link":"https:\/\/maasleder.com\/de\/faq\/","title":{"rendered":"FAQ"},"content":{"rendered":"\n<section id=\"header-1block_4a2d3361d5c356142a64c4b26465c4cf\"\n    class=\" align-items-top align-text-left \">\n    \n    <div class=\"container\">\n        <div class=\"row\">\n            <div class=\"col-6\">\n                <div class=\"breadcrumb-container\"><span><span><a href=\"https:\/\/maasleder.com\/de\/\">Home<\/a><\/span><\/span><\/div>\n                <h1><h1><strong>H\u00e4ufig gestellte Fragen (FAQ)<\/strong><\/h1>\n<p>&nbsp;<\/p>\n<\/h1>                <p>Sehen Sie sich hier h\u00e4ufig gestellte Fragen von Kunden an. Ist Ihre Frage nicht aufgef\u00fchrt? Dann senden Sie eine E-Mail an <a href=\"mailto:info@maasleder.nl\">office@maasleder.com<\/a><\/p>\n<p>&nbsp;<\/p>\n<div class=\"faq-container\">\n<ul>\n<li class=\"question-container\"><span class=\"question\">Wie viele Lederarten f\u00fchren Sie?<\/span>\n<div class=\"answer\">\n<p>Wir haben hunderte verschiedene <a href=\"https:\/\/maasleder.com\/de\/lederkollektion\/lederarten\/\">Lederarten<\/a> in unserem Sortiment. Im Bereich Oberleder f\u00fchren wir Glattleder, gewalktes Leder, Wildleder, Nubuk, bedrucktes Leder, Fantasie-Leder und Lackleder. Den Bereich Futterleder haben wir in verschiedene Produktgruppen unterteilt: Finished, Naked, Natura, Comfort und Insole.<\/p>\n<\/div>\n<\/li>\n<li class=\"question-container\"><span class=\"question\">Woher wei\u00df ich, welche Art von Leder ich ben\u00f6tige?<\/span>\n<div class=\"answer\">\n<p>Jedes Projekt ist anders, deshalb empfehlen wir Ihnen, sich telefonisch oder per E-Mail mit uns in Verbindung zu setzen, damit wir gemeinsam die beste Lederart f\u00fcr Ihr Projekt ermitteln k\u00f6nnen.<\/p>\n<\/div>\n<\/li>\n<li class=\"question-container\"><span class=\"question\">Warum ist mein Lederst\u00fcck nicht rechteckig?<\/span>\n<div class=\"answer\">\n<p>Leder ist ein Naturprodukt und kommt nicht von der Stange. Wir sagen immer: \u201eJedes St\u00fcck Leder ist einzigartig\u201c und das stimmt wirklich. Eine Lederhaut hat eine bestimmte Form. Aus diesem Grund k\u00f6nnen wir keine Lederst\u00fccke mit genauen Ma\u00dfen liefern. Sie erhalten also kein rechteckiges oder quadratisches St\u00fcck Leder mit exakten L\u00e4ngen- und Breitenma\u00dfen. Sie bekommen jedoch die gew\u00fcnschte Menge, die Sie bestellt haben, oder etwas mehr. Dies h\u00e4ngt von der Form der Lederhaut ab. In unserem Onlineshop haben wir die durchschnittliche St\u00fcckgr\u00f6\u00dfe angegeben. Ber\u00fccksichtigen Sie bei der Bestellung eventuelle Schnittverluste, damit Sie immer gen\u00fcgend Leder f\u00fcr Ihr Projekt haben.<\/p>\n<\/div>\n<\/li>\n<li class=\"question-container\"><span class=\"question\">Mein Lederst\u00fcck hat ein anderes Ma\u00df als ich bestellt habe.<\/span>\n<div class=\"answer\">\n<p>Dies ist in den meisten F\u00e4llen so. Wir versuchen immer, die richtige Menge zu liefern, aber Leder ist ein Naturprodukt mit der Form eines Tieres. Aus diesem Grund kann die Gr\u00f6\u00dfe des Lederst\u00fccks manchmal leicht von der von Ihnen bestellten Menge abweichen.<\/p>\n<p>Ben\u00f6tigen Sie ein besonderes Ma\u00df? Bitte teilen Sie uns dies vorab in den Anmerkungen mit, wenn Sie Ihre Bestellung aufgeben. Dann k\u00f6nnen wir dies bei den Produkten ber\u00fccksichtigen, die wir zu diesem Zeitpunkt auf Lager haben.<\/p>\n<\/div>\n<\/li>\n<li class=\"question-container\"><span class=\"question\">Ich bin eine Privatperson, kann ich Sie kontaktieren?<\/span>\n<div class=\"answer\">\n<p>Wir sind ein Gro\u00dfh\u00e4ndler, aber auch als Privatperson k\u00f6nnen Sie gerne bei uns bestellen. Bitte beachten Sie, dass die Preise in unserem Onlineshop keine Mehrwertsteuer enthalten.<\/p>\n<\/div>\n<\/li>\n<li class=\"question-container\"><span class=\"question\">Ist mein Produkt auf Lager?<\/span>\n<div class=\"answer\">\n<p>Alle Artikel in unserem Onlineshop sind jederzeit auf Lager. Gelegentlich kann es vorkommen, dass wir nicht sofort liefern k\u00f6nnen. Wir werden Sie immer so schnell wie m\u00f6glich dar\u00fcber informieren und Ihnen auch mitteilen, wann Sie mit der Bestellung rechnen k\u00f6nnen.<\/p>\n<\/div>\n<\/li>\n<li class=\"question-container\"><span class=\"question\">Kann ich aus dem Ausland bestellen?<\/span>\n<div class=\"answer\">\n<p>Ja, Sie k\u00f6nnen in unserem Onlineshop aus dem Ausland bestellen und sich ins Ausland liefern lassen.<\/p>\n<\/div>\n<\/li>\n<li class=\"question-container\"><span class=\"question\">Was ist die Mindestbestellmenge?<\/span>\n<div class=\"answer\">\n<p>Wir hantieren keine Mindestbestellmenge. Sie k\u00f6nnen pro Haut bestellen, sodass wir genau das liefern, was Sie brauchen.<\/p>\n<\/div>\n<\/li>\n<li class=\"question-container\"><span class=\"question\">In welchen Mengen\/Abmessungen liefern Sie Leder?<\/span>\n<div class=\"answer\">\n<p>Wir liefern pro Hautst\u00fcck, pro Paket und pro m2. Sie k\u00f6nnen pro Artikel angeben, ob Sie es pro Hautst\u00fcck, Paket oder m2 erhalten m\u00f6chten.<\/p>\n<p>In unserem Onlineshop ist die Menge standardm\u00e4\u00dfig auf \u201epro Hautst\u00fcck\u201c eingestellt. Diese Standardeinstellung kann sp\u00e4ter auf Ihrer Kontoseite ge\u00e4ndert werden. Ein Hautst\u00fcck wird einzeln geliefert. In einem Paket befinden sich mehrere Hautst\u00fccke, dies variiert nach Artikel. Wenn Sie pro m2 bestellen, wissen Sie immer genau, wie viel Sie geliefert bekommen.<\/p>\n<p>Die Rechnungsstellung erfolgt immer in Quadratmetern.<\/p>\n<\/div>\n<\/li>\n<li class=\"question-container\"><span class=\"question\">Wie kann ich ein Konto erstellen?<\/span>\n<div class=\"answer\">\n<p>\u00dcber diesen <a href=\"about:blank\">Link<\/a> k\u00f6nnen Sie ein Konto beantragen. Geben Sie hier alle Ihre Daten ein. Sie erhalten dann innerhalb weniger Augenblicke eine Best\u00e4tigung Ihrer Anmeldung. Wenn wir Fragen haben oder weitere Informationen zur Verarbeitung Ihrer Daten ben\u00f6tigen, werden wir Sie automatisch \u00fcber die angegebenen Kontaktdaten kontaktieren.<\/p>\n<\/div>\n<\/li>\n<li class=\"question-container\"><span class=\"question\">Sind die Artikelfarben auf der Website korrekt?<\/span>\n<div class=\"answer\">\n<p>\u00dcber diesen Link k\u00f6nnen Sie ein Konto erstellen. Geben Sie hier alle Ihre Daten ein. Sie erhalten dann innerhalb weniger Augenblicke eine Best\u00e4tigung Ihrer Anmeldung. Wenn wir Fragen haben oder weitere Informationen zur Verarbeitung Ihrer Bestellung ben\u00f6tigen, werden wir Sie automatisch \u00fcber die angegebenen Kontaktdaten kontaktieren.<\/p>\n<\/div>\n<\/li>\n<li class=\"question-container\"><span class=\"question\">Wie kann ich meine Bestellung stornieren?<\/span>\n<div class=\"answer\">\n<p>Sie k\u00f6nnen Ihre Bestellung nur stornieren, wenn sie noch nicht versandt wurde. Bitte kontaktieren Sie uns, damit wir Ihre Bestellung nach M\u00f6glichkeit stornieren und die Zahlung zur\u00fcckerstatten k\u00f6nnen.<\/p>\n<\/div>\n<\/li>\n<li class=\"question-container\"><span class=\"question\">Wie kann ich bezahlen?<\/span>\n<div class=\"answer\">\n<p>Bei einer ersten Bestellung bitten wir Sie, den Rechnungsbetrag vor dem Versand zu \u00fcberweisen. Wir tun dies, weil die Gr\u00f6\u00dfe jedes Lederst\u00fccks einzigartig ist, so dass der Endpreis erst bei der Auswahl des Lederst\u00fccks berechnet wird. Aus diesem Grund ist es nicht m\u00f6glich, direkt in unserem Onlineshop zu bezahlen. Die Bestellungen, die danach aufgegeben werden, k\u00f6nnen Sie auf Rechnung bezahlen.<\/p>\n<\/div>\n<\/li>\n<li class=\"question-container\"><span class=\"question\">Welche Zahlungsfrist handhaben Sie? Muss ich per Vorkasse bezahlen oder ist auch eine Zahlung auf Rechnung m\u00f6glich?<\/span>\n<div class=\"answer\">\n<p>Bei einer ersten Bestellung bitten wir Sie, den Rechnungsbetrag vor dem Versand zu \u00fcberweisen. Anschlie\u00dfende Bestellungen liefern wir auf Rechnung.<\/p>\n<\/div>\n<\/li>\n<li class=\"question-container\"><span class=\"question\">Wo finde ich meine Rechnung?<\/span>\n<div class=\"answer\">\n<p>Ihre Rechnung finden Sie in Ihrer Bestell\u00fcbersicht. Dazu m\u00fcssen Sie sich zun\u00e4chst in Ihr Konto einloggen. In der Bestell\u00fcbersicht finden Sie dann alle Ihre get\u00e4tigten Bestellungen und Rechnungen.<\/p>\n<\/div>\n<\/li>\n<li class=\"question-container\"><span class=\"question\">Warum habe ich noch keine Auftragsbest\u00e4tigung erhalten? <\/span>\n<div class=\"answer\">\n<p>In der Regel erhalten Sie Ihre Auftragsbest\u00e4tigung innerhalb weniger Augenblicke per E-Mail. \u00dcberpr\u00fcfen Sie auch Ihren Spamordner, manchmal landen Bestellbest\u00e4tigungen dort. Sie haben innerhalb von 10 Minuten immer noch keine Auftragsbest\u00e4tigung erhalten? Bitte kontaktieren Sie uns.<\/p>\n<\/div>\n<\/li>\n<li class=\"question-container\"><span class=\"question\">Wie lange dauert es, bis meine Bestellung versandt wird?<\/span>\n<div class=\"answer\">\n<p>Ihre Bestellung wird in der Regel innerhalb von 48 Stunden versandt.<\/p>\n<\/div>\n<\/li>\n<li class=\"question-container\"><span class=\"question\">Welche Lieferzeit gilt f\u00fcr meine Bestellung?<\/span>\n<div class=\"answer\">\n<p>Niederlande: 1-2 Werktage.<\/p>\n<p>Belgien: 1-2 Werktage.<\/p>\n<p>Deutschland: 2-3 Werktage.<\/p>\n<p>&nbsp;<\/p>\n<p>Sonstige L\u00e4nder: Bitte kontaktieren Sie uns. Wir informieren Sie gerne \u00fcber die Lieferzeit.<\/p>\n<\/div>\n<\/li>\n<li class=\"question-container\"><span class=\"question\">Wie hoch sind die Versandkosten?<\/span>\n<div class=\"answer\">\n<p>Niederlande: 9,00 \u20ac f\u00fcr Sendungen mit einem Bestellwert unter 300 \u20ac.<\/p>\n<p>Belgien: 11,00 \u20ac f\u00fcr Sendungen mit einem Bestellwert unter 300 \u20ac.<\/p>\n<p>Deutschland: 11,00 \u20ac f\u00fcr Sendungen mit einem Bestellwert unter 450 \u20ac.<\/p>\n<p>&nbsp;<\/p>\n<p>Sonstige L\u00e4nder: Bitte kontaktieren Sie uns. Wir informieren Sie gerne \u00fcber die Versandkosten.<\/p>\n<p>Sendungen mit einem h\u00f6heren Bestellwert als oben angegeben werden versandkostenfrei verschickt.<\/p>\n<\/div>\n<\/li>\n<li class=\"question-container\"><span class=\"question\">Wie kann ich mit Ihnen in Kontakt treten?<\/span>\n<div class=\"answer\">\n<p>Wir sind werktags von 08.00-12.00 Uhr und von 13.00-17.00 Uhr ge\u00f6ffnet. Sie erreichen uns unter der Telefonnummer +31 (0)416 33 50 31. Besuche sind nur nach Vereinbarung m\u00f6glich.<\/p>\n<p>Unsere Adresse:<\/p>\n<p>G. A. Maasleder<br \/>\nIndustrieweg 40<br \/>\n5145 PV Waalwijk<\/p>\n<p>&nbsp;<\/p>\n<p>E-Mail: <a href=\"mailto:office@maasleder.com\">office@maasleder.com<\/a><\/p>\n<p>Tel.: <a href=\"tel:0031416335031\">+31 (0)416 33 50 31<\/a><br \/>\nMo-Fr 8:00-12:00 Uhr\/13:00-17:00 Uhr<\/p>\n<p>Besuche sind nur nach Vereinbarung m\u00f6glich.<\/p>\n<\/div>\n<\/li>\n<li class=\"question-container\"><span class=\"question\">Ich habe eine Frage zu einer Rechnung oder Bezahlung.<\/span>\n<div class=\"answer\">\n<p>Bitte wenden Sie sich an unsere Verwaltungsabteilung \u00fcber finance@maasleder.com oder telefonisch unter <a href=\"tel:0031416335031\">+31 (0)416-335031<\/a>.<\/p>\n<\/div>\n<\/li>\n<li class=\"question-container\"><span class=\"question\">Ich habe eine Beschwerde<\/span>\n<div class=\"answer\">\n<p>Wir bem\u00fchen uns, Ihre Bestellung zu Ihrer vollsten Zufriedenheit zu liefern. Gibt es dennoch etwas, das Sie uns mitteilen m\u00f6chten? Dann senden Sie Ihre Beschwerde bitte an <a href=\"about:blank\">office@maasleder.com<\/a>. Wir werden dann so schnell wie m\u00f6glich nach einer geeigneten L\u00f6sung suchen und Sie erhalten immer innerhalb von 48 Stunden eine Antwort von uns.<\/p>\n<\/div>\n<\/li>\n<li class=\"question-container\"><span class=\"question\">Haben Sie einen Showroom?<\/span>\n<div class=\"answer\">\n<p>Ja, wir haben einen Showroom. Sie k\u00f6nnen unseren Showroom nur nach Vereinbarung besuchen. Dar\u00fcber hinaus ist es m\u00f6glich, unsere Ledermuster mit unserer Farbkarte direkt online zu bestellen. Hier finden Sie alle unsere Ledermuster in einer sch\u00f6nen \u00dcbersicht. <a href=\"about:blank\">Bestellen Sie die Farbkarte online<\/a>.<\/p>\n<p><strong>Showroom-Adresse<\/strong><\/p>\n<p>G. A. Maasleder<br \/>\nIndustrieweg 40<br \/>\n5145 PV Waalwijk<\/p>\n<p>Tel.: <a href=\"tel:0031416335031\">+31 (0)416 33 50 31<\/a><\/p>\n<p>Mo-Fr 8:00-12:00 Uhr\/13:00-17:00 Uhr<\/p>\n<p>&nbsp;<\/p>\n<p>Besuche sind nur nach Vereinbarung m\u00f6glich.<\/p>\n<\/div>\n<\/li>\n<li class=\"question-container\"><span class=\"question\">Wie kann ich Agent oder Importeur von Maasleder-Produkten werden?<\/span>\n<div class=\"answer\">\n<p>M\u00f6chten Sie Agent oder Importeur werden? Dann k\u00f6nnen Sie einen Termin in unserer Zentrale in Waalwijk vereinbaren. Bitte kontaktieren Sie uns telefonisch unter <a href=\"tel:0031416335031\">+31 (0)416 33 50 31<\/a>.<\/p>\n<\/div>\n<\/li>\n<li class=\"question-container\"><span class=\"question\">Wie kann ich ein Angebot anfordern?<\/span>\n<div class=\"answer\">\n<p>Sie k\u00f6nnen Ihre Anfrage an folgende E-Mail-Adresse senden: <a href=\"mailto:office@maasleder.com\">office@maasleder.com<\/a>. Sie erhalten immer innerhalb von 48 Stunden eine Antwort von uns.<\/p>\n<\/div>\n<\/li>\n<li class=\"question-container\"><span class=\"question\">Wie kann ich als Gesch\u00e4ftskunde bezahlen?<\/span>\n<div class=\"answer\">\n<p>Bei einer ersten Bestellung bitten wir Sie, den Rechnungsbetrag vor dem Versand zu \u00fcberweisen. Wir tun dies, weil die Gr\u00f6\u00dfe jedes Lederst\u00fccks einzigartig ist, so dass der Endpreis erst bei der Auswahl des Lederst\u00fccks berechnet wird. Aus diesem Grund ist es nicht m\u00f6glich, direkt in unserem Onlineshop zu bezahlen. Die Bestellungen, die danach aufgegeben werden, k\u00f6nnen Sie auf Rechnung bezahlen.<\/p>\n<\/div>\n<\/li>\n<li class=\"question-container\"><span class=\"question\">Arbeiten bei Maasleder<\/span>\n<div class=\"answer\">\n<p>Wir sind immer auf der Suche nach engagierten Kollegen. Sehen Sie sich hier <a href=\"https:\/\/maasleder.com\/de\/stellenangebote\/\">aktuelle Stellenangebote<\/a> an. Senden Sie Ihr Anschreiben inklusive Lebenslauf per E-Mail an <a href=\"mailto:administration@maasleder.com\">administration@maasleder.com<\/a>. Auch Initiativbewerbungen sind jederzeit willkommen.<\/p>\n<\/div>\n<\/li>\n<\/ul>\n<\/div>\n\n                \n                            <\/div>\n\n\n        <\/div>\n    <\/div>\n    <\/section>","protected":false},"excerpt":{"rendered":"","protected":false},"author":1,"featured_media":0,"parent":0,"menu_order":0,"comment_status":"closed","ping_status":"closed","template":"","meta":{"_acf_changed":false,"footnotes":""},"class_list":["post-10121","page","type-page","status-publish","hentry"],"acf":[],"yoast_head":"<!-- This site is optimized with the Yoast SEO plugin v27.3 - https:\/\/yoast.com\/product\/yoast-seo-wordpress\/ -->\n<title>Maasleder | H\u00e4ufig gestellte Fragen (FAQ)<\/title>\n<meta name=\"description\" content=\"Sehen Sie sich hier h\u00e4ufig gestellte Fragen zu unseren Produkten und Dienstleistungen an. Ist Ihre Frage nicht aufgef\u00fchrt? Senden Sie eine E-Mail an office@maasleder.com\" \/>\n<meta name=\"robots\" content=\"index, follow, max-snippet:-1, max-image-preview:large, max-video-preview:-1\" \/>\n<link rel=\"canonical\" href=\"https:\/\/maasleder.com\/de\/faq\/\" \/>\n<meta property=\"og:locale\" content=\"de_DE\" \/>\n<meta property=\"og:type\" content=\"article\" \/>\n<meta property=\"og:title\" content=\"Maasleder | H\u00e4ufig gestellte Fragen (FAQ)\" \/>\n<meta property=\"og:description\" content=\"Sehen Sie sich hier h\u00e4ufig gestellte Fragen zu unseren Produkten und Dienstleistungen an. Ist Ihre Frage nicht aufgef\u00fchrt? Senden Sie eine E-Mail an office@maasleder.com\" \/>\n<meta property=\"og:url\" content=\"https:\/\/maasleder.com\/de\/faq\/\" \/>\n<meta property=\"og:site_name\" content=\"Maasleder\" \/>\n<meta property=\"article:modified_time\" content=\"2024-10-30T13:55:42+00:00\" \/>\n<meta name=\"twitter:card\" content=\"summary_large_image\" \/>\n<script type=\"application\/ld+json\" class=\"yoast-schema-graph\">{\"@context\":\"https:\\\/\\\/schema.org\",\"@graph\":[{\"@type\":\"WebPage\",\"@id\":\"https:\\\/\\\/maasleder.com\\\/de\\\/faq\\\/\",\"url\":\"https:\\\/\\\/maasleder.com\\\/de\\\/faq\\\/\",\"name\":\"Maasleder | H\u00e4ufig gestellte Fragen (FAQ)\",\"isPartOf\":{\"@id\":\"https:\\\/\\\/maasleder.com\\\/de\\\/#website\"},\"datePublished\":\"2024-01-17T12:54:29+00:00\",\"dateModified\":\"2024-10-30T13:55:42+00:00\",\"description\":\"Sehen Sie sich hier h\u00e4ufig gestellte Fragen zu unseren Produkten und Dienstleistungen an. Ist Ihre Frage nicht aufgef\u00fchrt? Senden Sie eine E-Mail an office@maasleder.com\",\"breadcrumb\":{\"@id\":\"https:\\\/\\\/maasleder.com\\\/de\\\/faq\\\/#breadcrumb\"},\"inLanguage\":\"de\",\"potentialAction\":[{\"@type\":\"ReadAction\",\"target\":[\"https:\\\/\\\/maasleder.com\\\/de\\\/faq\\\/\"]}]},{\"@type\":\"BreadcrumbList\",\"@id\":\"https:\\\/\\\/maasleder.com\\\/de\\\/faq\\\/#breadcrumb\",\"itemListElement\":[{\"@type\":\"ListItem\",\"position\":1,\"name\":\"Home\",\"item\":\"https:\\\/\\\/maasleder.com\\\/de\\\/\"},{\"@type\":\"ListItem\",\"position\":2,\"name\":\"FAQ\"}]},{\"@type\":\"WebSite\",\"@id\":\"https:\\\/\\\/maasleder.com\\\/de\\\/#website\",\"url\":\"https:\\\/\\\/maasleder.com\\\/de\\\/\",\"name\":\"Maasleder\",\"description\":\"Shop the best leather online\",\"publisher\":{\"@id\":\"https:\\\/\\\/maasleder.com\\\/de\\\/#organization\"},\"potentialAction\":[{\"@type\":\"SearchAction\",\"target\":{\"@type\":\"EntryPoint\",\"urlTemplate\":\"https:\\\/\\\/maasleder.com\\\/de\\\/?s={search_term_string}\"},\"query-input\":{\"@type\":\"PropertyValueSpecification\",\"valueRequired\":true,\"valueName\":\"search_term_string\"}}],\"inLanguage\":\"de\"},{\"@type\":\"Organization\",\"@id\":\"https:\\\/\\\/maasleder.com\\\/de\\\/#organization\",\"name\":\"Maasleder\",\"url\":\"https:\\\/\\\/maasleder.com\\\/de\\\/\",\"logo\":{\"@type\":\"ImageObject\",\"inLanguage\":\"de\",\"@id\":\"https:\\\/\\\/maasleder.com\\\/de\\\/#\\\/schema\\\/logo\\\/image\\\/\",\"url\":\"https:\\\/\\\/maasleder.com\\\/wp-content\\\/uploads\\\/2024\\\/01\\\/cropped-maasleder-logo-full.png\",\"contentUrl\":\"https:\\\/\\\/maasleder.com\\\/wp-content\\\/uploads\\\/2024\\\/01\\\/cropped-maasleder-logo-full.png\",\"width\":226,\"height\":53,\"caption\":\"Maasleder\"},\"image\":{\"@id\":\"https:\\\/\\\/maasleder.com\\\/de\\\/#\\\/schema\\\/logo\\\/image\\\/\"}}]}<\/script>\n<!-- \/ Yoast SEO plugin. -->","yoast_head_json":{"title":"Maasleder | H\u00e4ufig gestellte Fragen (FAQ)","description":"Sehen Sie sich hier h\u00e4ufig gestellte Fragen zu unseren Produkten und Dienstleistungen an. Ist Ihre Frage nicht aufgef\u00fchrt? Senden Sie eine E-Mail an office@maasleder.com","robots":{"index":"index","follow":"follow","max-snippet":"max-snippet:-1","max-image-preview":"max-image-preview:large","max-video-preview":"max-video-preview:-1"},"canonical":"https:\/\/maasleder.com\/de\/faq\/","og_locale":"de_DE","og_type":"article","og_title":"Maasleder | H\u00e4ufig gestellte Fragen (FAQ)","og_description":"Sehen Sie sich hier h\u00e4ufig gestellte Fragen zu unseren Produkten und Dienstleistungen an. Ist Ihre Frage nicht aufgef\u00fchrt? Senden Sie eine E-Mail an office@maasleder.com","og_url":"https:\/\/maasleder.com\/de\/faq\/","og_site_name":"Maasleder","article_modified_time":"2024-10-30T13:55:42+00:00","twitter_card":"summary_large_image","schema":{"@context":"https:\/\/schema.org","@graph":[{"@type":"WebPage","@id":"https:\/\/maasleder.com\/de\/faq\/","url":"https:\/\/maasleder.com\/de\/faq\/","name":"Maasleder | H\u00e4ufig gestellte Fragen (FAQ)","isPartOf":{"@id":"https:\/\/maasleder.com\/de\/#website"},"datePublished":"2024-01-17T12:54:29+00:00","dateModified":"2024-10-30T13:55:42+00:00","description":"Sehen Sie sich hier h\u00e4ufig gestellte Fragen zu unseren Produkten und Dienstleistungen an. Ist Ihre Frage nicht aufgef\u00fchrt? Senden Sie eine E-Mail an office@maasleder.com","breadcrumb":{"@id":"https:\/\/maasleder.com\/de\/faq\/#breadcrumb"},"inLanguage":"de","potentialAction":[{"@type":"ReadAction","target":["https:\/\/maasleder.com\/de\/faq\/"]}]},{"@type":"BreadcrumbList","@id":"https:\/\/maasleder.com\/de\/faq\/#breadcrumb","itemListElement":[{"@type":"ListItem","position":1,"name":"Home","item":"https:\/\/maasleder.com\/de\/"},{"@type":"ListItem","position":2,"name":"FAQ"}]},{"@type":"WebSite","@id":"https:\/\/maasleder.com\/de\/#website","url":"https:\/\/maasleder.com\/de\/","name":"Maasleder","description":"Shop the best leather online","publisher":{"@id":"https:\/\/maasleder.com\/de\/#organization"},"potentialAction":[{"@type":"SearchAction","target":{"@type":"EntryPoint","urlTemplate":"https:\/\/maasleder.com\/de\/?s={search_term_string}"},"query-input":{"@type":"PropertyValueSpecification","valueRequired":true,"valueName":"search_term_string"}}],"inLanguage":"de"},{"@type":"Organization","@id":"https:\/\/maasleder.com\/de\/#organization","name":"Maasleder","url":"https:\/\/maasleder.com\/de\/","logo":{"@type":"ImageObject","inLanguage":"de","@id":"https:\/\/maasleder.com\/de\/#\/schema\/logo\/image\/","url":"https:\/\/maasleder.com\/wp-content\/uploads\/2024\/01\/cropped-maasleder-logo-full.png","contentUrl":"https:\/\/maasleder.com\/wp-content\/uploads\/2024\/01\/cropped-maasleder-logo-full.png","width":226,"height":53,"caption":"Maasleder"},"image":{"@id":"https:\/\/maasleder.com\/de\/#\/schema\/logo\/image\/"}}]}},"_links":{"self":[{"href":"https:\/\/maasleder.com\/de\/wp-json\/wp\/v2\/pages\/10121","targetHints":{"allow":["GET"]}}],"collection":[{"href":"https:\/\/maasleder.com\/de\/wp-json\/wp\/v2\/pages"}],"about":[{"href":"https:\/\/maasleder.com\/de\/wp-json\/wp\/v2\/types\/page"}],"author":[{"embeddable":true,"href":"https:\/\/maasleder.com\/de\/wp-json\/wp\/v2\/users\/1"}],"replies":[{"embeddable":true,"href":"https:\/\/maasleder.com\/de\/wp-json\/wp\/v2\/comments?post=10121"}],"version-history":[{"count":3,"href":"https:\/\/maasleder.com\/de\/wp-json\/wp\/v2\/pages\/10121\/revisions"}],"predecessor-version":[{"id":11690,"href":"https:\/\/maasleder.com\/de\/wp-json\/wp\/v2\/pages\/10121\/revisions\/11690"}],"wp:attachment":[{"href":"https:\/\/maasleder.com\/de\/wp-json\/wp\/v2\/media?parent=10121"}],"curies":[{"name":"wp","href":"https:\/\/api.w.org\/{rel}","templated":true}]}}