{"id":10117,"date":"2024-08-28T10:32:42","date_gmt":"2024-08-28T08:32:42","guid":{"rendered":"https:\/\/maasleder.com\/leer-kopen\/"},"modified":"2024-10-30T12:20:13","modified_gmt":"2024-10-30T11:20:13","slug":"leder-kaufen","status":"publish","type":"page","link":"https:\/\/maasleder.com\/de\/leder-kaufen\/","title":{"rendered":"Leder kaufen"},"content":{"rendered":"\n<section id=\"header-1block_db1e1b5cd8d0ca9d10a8508d8f1738ad\"\n    class=\" align-items-top align-text-left align-left image-effect\">\n        <div class=\"container-image\">\n        <img decoding=\"async\" src=\"https:\/\/maasleder.com\/wp-content\/themes\/sq-theme\/assets\/images\/leervel_1.png\" alt=\"\" class=\"img-5\">\n        <img decoding=\"async\" src=\"https:\/\/maasleder.com\/wp-content\/themes\/sq-theme\/assets\/images\/leervel_2.png\" alt=\"\" class=\"img-4\">\n        <img decoding=\"async\" src=\"https:\/\/maasleder.com\/wp-content\/themes\/sq-theme\/assets\/images\/leervel_3.png\" alt=\"\" class=\"img-3\">\n        <img decoding=\"async\" src=\"https:\/\/maasleder.com\/wp-content\/themes\/sq-theme\/assets\/images\/leervel_4.png\" alt=\"\" class=\"img-2\">\n        <img decoding=\"async\" src=\"https:\/\/maasleder.com\/wp-content\/themes\/sq-theme\/assets\/images\/leervel_5.png\" alt=\"\" class=\"img-1\">\n        <img decoding=\"async\" src=\"https:\/\/maasleder.com\/wp-content\/themes\/sq-theme\/assets\/images\/leervel_6.png\" alt=\"\" class=\"img-0\">\n    <\/div>\n    \n    <div class=\"container\">\n        <div class=\"row\">\n            <div class=\"col-6\">\n                <div class=\"breadcrumb-container\"><span><span><a href=\"https:\/\/maasleder.com\/de\/\">Home<\/a><\/span><\/span><\/div>\n                <h1><h1><span lang=\"DE\">Leder kaufen<\/span><\/h1>\n<p>Sind Sie auf der Suche nach Leder f\u00fcr modische Anwendungen in Schuhen, Taschen oder Lederwaren? Oder handelt es sich bei dem Endprodukt um ein orthop\u00e4disches Medizinprodukt wie einen ma\u00dfgefertigten Schuh, eine Prothese oder eine Orthese? Unabh\u00e4ngig von der Anwendung k\u00f6nnen Sie sich auf einen passenden Artikel in unserer Kollektion verlassen. Gerne denken wir mit Ihnen \u00fcber die richtige Lederart nach und beraten Sie bei Bedarf \u00fcber deren Verwendung und die verschiedenen Anwendungsm\u00f6glichkeiten. So haben Sie immer die optimale Lederart f\u00fcr Ihr Endprodukt.<\/p>\n<\/h1>                \n                \n                                <div class=\"button-container\">\n                    <a href=\"https:\/\/maasleder.com\/de\/webshop\/\" target=\"\" class=\"btn-orange\">Leder online bestellen<\/a>                                    <\/div>\n                            <\/div>\n\n\n        <\/div>\n    <\/div>\n    <\/section>\n\n\n<section id=\"content-2-block_43d604a5cea0346d522aca3957e70e4d\" class=\" align-items-top align-text-left align-right image-swirl-main image\">\n    <div class=\"background\" style=\"\">\n                <div class=\"container\">\n            <div class=\"row\">\n                \n                \n                \n                \n                                <div class=\"first-col col-6\">\n                    <h2><span lang=\"DE\">Entdecken Sie die Kollektion: f\u00fcr jede Anwendung das passende Produkt<\/span><\/h2>\n<p>Mit einer sehr umfangreichen Lederkollektion haben wir f\u00fcr jeden Wunsch das passende Lederst\u00fcck vorr\u00e4tig. Sehen Sie alle Artikel unserer Kollektion in unserem Onlineshop.<\/p>\n                                        <a href=\"https:\/\/maasleder.com\/de\/webshop\/\" target=\"\" class=\"btn-orange\">Sehen Sie sich unser Sortiment an <\/a>                                    <\/div>\n\n                <div class=\"second-col  image-swirl col-6\">\n                    <svg xmlns=\"http:\/\/www.w3.org\/2000\/svg\" version=\"1.1\" viewBox=\"0 0 172.65 668\">\n    <path class=\"cls-1\"\n        d=\"M0,668h172.65c.5-48.62-25.46-102.33-67.16-129.49-15.68-10.21-31.7-17.13-47.56-25.52-28.47-15.06-46.84-54.39-37.01-82.3,3.7-10.52,12-17.99,20.33-21.89,15.14-7.09,31.16-12.25,47.22-17.17-.12-.3-.06-.15,0,0,9.92-4.01,20.38-6.83,29.63-12.27,18.34-10.77,29.57-30.95,33.15-60.41,3.3-27.18-2.41-54.47-19.31-81.83-6.63-10.73-13.39-21.33-20.07-32.01-20.81-33.23-26.39-62.46-17.14-91.72,3.26-10.31,6.61-20.74,11.23-29.51C118.05,60.9,118.73,32.07,112.94,0H0v668Z\" \/>\n<\/svg>                    <div class=\"image-container\"><img decoding=\"async\" width=\"1920\" height=\"1080\" src=\"https:\/\/maasleder.com\/wp-content\/uploads\/2024\/09\/maasleder_magazijn0_75A5554.jpg\" class=\"attachment-full size-full\" alt=\"\" srcset=\"https:\/\/maasleder.com\/wp-content\/uploads\/2024\/09\/maasleder_magazijn0_75A5554.jpg 1920w, https:\/\/maasleder.com\/wp-content\/uploads\/2024\/09\/maasleder_magazijn0_75A5554-300x169.jpg 300w, https:\/\/maasleder.com\/wp-content\/uploads\/2024\/09\/maasleder_magazijn0_75A5554-1024x576.jpg 1024w, https:\/\/maasleder.com\/wp-content\/uploads\/2024\/09\/maasleder_magazijn0_75A5554-768x432.jpg 768w, https:\/\/maasleder.com\/wp-content\/uploads\/2024\/09\/maasleder_magazijn0_75A5554-1536x864.jpg 1536w, https:\/\/maasleder.com\/wp-content\/uploads\/2024\/09\/maasleder_magazijn0_75A5554-1000x563.jpg 1000w, https:\/\/maasleder.com\/wp-content\/uploads\/2024\/09\/maasleder_magazijn0_75A5554-50x28.jpg 50w, https:\/\/maasleder.com\/wp-content\/uploads\/2024\/09\/maasleder_magazijn0_75A5554-600x338.jpg 600w\" sizes=\"(max-width: 1920px) 100vw, 1920px\" \/><\/div>                <\/div>\n                            <\/div>\n        <\/div>\n            <\/div>\n<\/section>\n\n\n<section id=\"content-2-block_6b3c139749e15fb01119bcea5f45155b\" class=\" align-items-top align-text-left align-left image-swirl-main image\">\n    <div class=\"background\" style=\"\">\n                <div class=\"container\">\n            <div class=\"row\">\n                \n                \n                \n                \n                                <div class=\"first-col col-6\">\n                    <h2><span lang=\"DE\">Neue Kollektion September 2024<\/span><\/h2>\n<p>Unsere neue Kollektion ist seit September 2024 auf den Markt. Wir haben unser gesamtes Sortiment erheblich optimiert, sodass es nahtlos auf die gegenw\u00e4rtigen Marktbed\u00fcrfnisse und die aktuellen Modetrends abgestimmt ist. Die Basismaterialien wurden weiter verfeinert und mit modischen neuen Farben aufgefrischt. Mit einem komplett erneuerten Angebot an Fantasieleder bieten wir ein ausgewogenes Sortiment an Lederarten mit Pr\u00e4gungen oder Drucken an. Die Kombinationsm\u00f6glichkeiten mit Basic-Artikeln wie Mousse, Puresoft, Velvet oder Wildleder sind so umfangreich wie nie zuvor. Sehen Sie sich alle neuen Farben im Onlineshop an oder bestellen Sie unsere Farbkarte.<\/p>\n                                        <a href=\"https:\/\/maasleder.com\/de\/lederkollektion\/\" target=\"\" class=\"btn-orange\">Alle Lederarten ansehen<\/a>                                    <\/div>\n\n                <div class=\"second-col  image-swirl col-6\">\n                    <svg xmlns=\"http:\/\/www.w3.org\/2000\/svg\" version=\"1.1\" viewBox=\"0 0 172.65 668\">\n    <path class=\"cls-1\"\n        d=\"M0,668h172.65c.5-48.62-25.46-102.33-67.16-129.49-15.68-10.21-31.7-17.13-47.56-25.52-28.47-15.06-46.84-54.39-37.01-82.3,3.7-10.52,12-17.99,20.33-21.89,15.14-7.09,31.16-12.25,47.22-17.17-.12-.3-.06-.15,0,0,9.92-4.01,20.38-6.83,29.63-12.27,18.34-10.77,29.57-30.95,33.15-60.41,3.3-27.18-2.41-54.47-19.31-81.83-6.63-10.73-13.39-21.33-20.07-32.01-20.81-33.23-26.39-62.46-17.14-91.72,3.26-10.31,6.61-20.74,11.23-29.51C118.05,60.9,118.73,32.07,112.94,0H0v668Z\" \/>\n<\/svg>                    <div class=\"image-container\"><img decoding=\"async\" width=\"1920\" height=\"1080\" src=\"https:\/\/maasleder.com\/wp-content\/uploads\/2024\/09\/maasleder_leervellen_75A5584.jpg\" class=\"attachment-full size-full\" alt=\"\" srcset=\"https:\/\/maasleder.com\/wp-content\/uploads\/2024\/09\/maasleder_leervellen_75A5584.jpg 1920w, https:\/\/maasleder.com\/wp-content\/uploads\/2024\/09\/maasleder_leervellen_75A5584-300x169.jpg 300w, https:\/\/maasleder.com\/wp-content\/uploads\/2024\/09\/maasleder_leervellen_75A5584-1024x576.jpg 1024w, https:\/\/maasleder.com\/wp-content\/uploads\/2024\/09\/maasleder_leervellen_75A5584-768x432.jpg 768w, https:\/\/maasleder.com\/wp-content\/uploads\/2024\/09\/maasleder_leervellen_75A5584-1536x864.jpg 1536w, https:\/\/maasleder.com\/wp-content\/uploads\/2024\/09\/maasleder_leervellen_75A5584-1000x563.jpg 1000w, https:\/\/maasleder.com\/wp-content\/uploads\/2024\/09\/maasleder_leervellen_75A5584-50x28.jpg 50w, https:\/\/maasleder.com\/wp-content\/uploads\/2024\/09\/maasleder_leervellen_75A5584-600x338.jpg 600w\" sizes=\"(max-width: 1920px) 100vw, 1920px\" \/><\/div>                <\/div>\n                            <\/div>\n        <\/div>\n            <\/div>\n<\/section>\n\n\n<section id=\"content-2-block_86258f0c270df6e65b88f3330101b13f\" class=\" align-items-top align-text-left align-center text_full_width\">\n    <div class=\"background\" style=\"\">\n                <div class=\"container\">\n            <div class=\"row\">\n                \n                                <div class=\"col-8\">\n                    <h2><span lang=\"DE\">Ben\u00f6tigen Sie Beratung beim Lederkauf? Wir sind Ihnen gerne behilflich.<\/span><\/h2>\n<p>Sind Sie auf der Suche nach einer Charge Leder und m\u00f6chten Sie die M\u00f6glichkeiten besprechen? Oder m\u00f6chten Sie Lederst\u00fccke \u00fcber den Onlineshop kaufen, wissen aber nicht genau, welche Art von Material Sie ben\u00f6tigen? Gerne beraten wir Sie unverbindlich, welcher Artikel f\u00fcr Ihre Anwendung geeignet ist.<\/p>\n                    <div class=\"button-container\">\n                        <a href=\"tel:00310416335031\" target=\"\" class=\"btn-orange\">Rufen Sie uns an<\/a>                        <a href=\"mailto:office@maasleder.com\" target=\"\" class=\"link\">Senden Sie uns eine E-Mail<\/a>                    <\/div>\n                <\/div>\n                \n                \n                \n                            <\/div>\n        <\/div>\n            <\/div>\n<\/section>","protected":false},"excerpt":{"rendered":"","protected":false},"author":1,"featured_media":0,"parent":0,"menu_order":0,"comment_status":"closed","ping_status":"closed","template":"","meta":{"_acf_changed":false,"footnotes":""},"class_list":["post-10117","page","type-page","status-publish","hentry"],"acf":[],"yoast_head":"<!-- This site is optimized with the Yoast SEO plugin v27.3 - https:\/\/yoast.com\/product\/yoast-seo-wordpress\/ -->\n<title>Maasleder | Leder kaufen<\/title>\n<meta name=\"description\" content=\"Bestellen Sie Lederh\u00e4ute in kleinen oder gro\u00dfen Mengen online. \u2713Gro\u00dfe Auswahl an Leder \u2713Faire Preise \u2713Ab Lager lieferbar\" \/>\n<meta name=\"robots\" content=\"index, follow, max-snippet:-1, max-image-preview:large, max-video-preview:-1\" \/>\n<link rel=\"canonical\" href=\"https:\/\/maasleder.com\/de\/leder-kaufen\/\" \/>\n<meta property=\"og:locale\" content=\"de_DE\" \/>\n<meta property=\"og:type\" content=\"article\" \/>\n<meta property=\"og:title\" content=\"Maasleder | Leder kaufen\" \/>\n<meta property=\"og:description\" content=\"Bestellen Sie Lederh\u00e4ute in kleinen oder gro\u00dfen Mengen online. \u2713Gro\u00dfe Auswahl an Leder \u2713Faire Preise \u2713Ab Lager lieferbar\" \/>\n<meta property=\"og:url\" content=\"https:\/\/maasleder.com\/de\/leder-kaufen\/\" \/>\n<meta property=\"og:site_name\" content=\"Maasleder\" \/>\n<meta property=\"article:modified_time\" content=\"2024-10-30T11:20:13+00:00\" \/>\n<meta name=\"twitter:card\" content=\"summary_large_image\" \/>\n<script type=\"application\/ld+json\" class=\"yoast-schema-graph\">{\"@context\":\"https:\\\/\\\/schema.org\",\"@graph\":[{\"@type\":\"WebPage\",\"@id\":\"https:\\\/\\\/maasleder.com\\\/de\\\/leder-kaufen\\\/\",\"url\":\"https:\\\/\\\/maasleder.com\\\/de\\\/leder-kaufen\\\/\",\"name\":\"Maasleder | Leder kaufen\",\"isPartOf\":{\"@id\":\"https:\\\/\\\/maasleder.com\\\/de\\\/#website\"},\"datePublished\":\"2024-08-28T08:32:42+00:00\",\"dateModified\":\"2024-10-30T11:20:13+00:00\",\"description\":\"Bestellen Sie Lederh\u00e4ute in kleinen oder gro\u00dfen Mengen online. \u2713Gro\u00dfe Auswahl an Leder \u2713Faire Preise \u2713Ab Lager lieferbar\",\"breadcrumb\":{\"@id\":\"https:\\\/\\\/maasleder.com\\\/de\\\/leder-kaufen\\\/#breadcrumb\"},\"inLanguage\":\"de\",\"potentialAction\":[{\"@type\":\"ReadAction\",\"target\":[\"https:\\\/\\\/maasleder.com\\\/de\\\/leder-kaufen\\\/\"]}]},{\"@type\":\"BreadcrumbList\",\"@id\":\"https:\\\/\\\/maasleder.com\\\/de\\\/leder-kaufen\\\/#breadcrumb\",\"itemListElement\":[{\"@type\":\"ListItem\",\"position\":1,\"name\":\"Home\",\"item\":\"https:\\\/\\\/maasleder.com\\\/de\\\/\"},{\"@type\":\"ListItem\",\"position\":2,\"name\":\"Leder kaufen\"}]},{\"@type\":\"WebSite\",\"@id\":\"https:\\\/\\\/maasleder.com\\\/de\\\/#website\",\"url\":\"https:\\\/\\\/maasleder.com\\\/de\\\/\",\"name\":\"Maasleder\",\"description\":\"Shop the best leather online\",\"publisher\":{\"@id\":\"https:\\\/\\\/maasleder.com\\\/de\\\/#organization\"},\"potentialAction\":[{\"@type\":\"SearchAction\",\"target\":{\"@type\":\"EntryPoint\",\"urlTemplate\":\"https:\\\/\\\/maasleder.com\\\/de\\\/?s={search_term_string}\"},\"query-input\":{\"@type\":\"PropertyValueSpecification\",\"valueRequired\":true,\"valueName\":\"search_term_string\"}}],\"inLanguage\":\"de\"},{\"@type\":\"Organization\",\"@id\":\"https:\\\/\\\/maasleder.com\\\/de\\\/#organization\",\"name\":\"Maasleder\",\"url\":\"https:\\\/\\\/maasleder.com\\\/de\\\/\",\"logo\":{\"@type\":\"ImageObject\",\"inLanguage\":\"de\",\"@id\":\"https:\\\/\\\/maasleder.com\\\/de\\\/#\\\/schema\\\/logo\\\/image\\\/\",\"url\":\"https:\\\/\\\/maasleder.com\\\/wp-content\\\/uploads\\\/2024\\\/01\\\/cropped-maasleder-logo-full.png\",\"contentUrl\":\"https:\\\/\\\/maasleder.com\\\/wp-content\\\/uploads\\\/2024\\\/01\\\/cropped-maasleder-logo-full.png\",\"width\":226,\"height\":53,\"caption\":\"Maasleder\"},\"image\":{\"@id\":\"https:\\\/\\\/maasleder.com\\\/de\\\/#\\\/schema\\\/logo\\\/image\\\/\"}}]}<\/script>\n<!-- \/ Yoast SEO plugin. -->","yoast_head_json":{"title":"Maasleder | Leder kaufen","description":"Bestellen Sie Lederh\u00e4ute in kleinen oder gro\u00dfen Mengen online. \u2713Gro\u00dfe Auswahl an Leder \u2713Faire Preise \u2713Ab Lager lieferbar","robots":{"index":"index","follow":"follow","max-snippet":"max-snippet:-1","max-image-preview":"max-image-preview:large","max-video-preview":"max-video-preview:-1"},"canonical":"https:\/\/maasleder.com\/de\/leder-kaufen\/","og_locale":"de_DE","og_type":"article","og_title":"Maasleder | Leder kaufen","og_description":"Bestellen Sie Lederh\u00e4ute in kleinen oder gro\u00dfen Mengen online. \u2713Gro\u00dfe Auswahl an Leder \u2713Faire Preise \u2713Ab Lager lieferbar","og_url":"https:\/\/maasleder.com\/de\/leder-kaufen\/","og_site_name":"Maasleder","article_modified_time":"2024-10-30T11:20:13+00:00","twitter_card":"summary_large_image","schema":{"@context":"https:\/\/schema.org","@graph":[{"@type":"WebPage","@id":"https:\/\/maasleder.com\/de\/leder-kaufen\/","url":"https:\/\/maasleder.com\/de\/leder-kaufen\/","name":"Maasleder | Leder kaufen","isPartOf":{"@id":"https:\/\/maasleder.com\/de\/#website"},"datePublished":"2024-08-28T08:32:42+00:00","dateModified":"2024-10-30T11:20:13+00:00","description":"Bestellen Sie Lederh\u00e4ute in kleinen oder gro\u00dfen Mengen online. \u2713Gro\u00dfe Auswahl an Leder \u2713Faire Preise \u2713Ab Lager lieferbar","breadcrumb":{"@id":"https:\/\/maasleder.com\/de\/leder-kaufen\/#breadcrumb"},"inLanguage":"de","potentialAction":[{"@type":"ReadAction","target":["https:\/\/maasleder.com\/de\/leder-kaufen\/"]}]},{"@type":"BreadcrumbList","@id":"https:\/\/maasleder.com\/de\/leder-kaufen\/#breadcrumb","itemListElement":[{"@type":"ListItem","position":1,"name":"Home","item":"https:\/\/maasleder.com\/de\/"},{"@type":"ListItem","position":2,"name":"Leder kaufen"}]},{"@type":"WebSite","@id":"https:\/\/maasleder.com\/de\/#website","url":"https:\/\/maasleder.com\/de\/","name":"Maasleder","description":"Shop the best leather online","publisher":{"@id":"https:\/\/maasleder.com\/de\/#organization"},"potentialAction":[{"@type":"SearchAction","target":{"@type":"EntryPoint","urlTemplate":"https:\/\/maasleder.com\/de\/?s={search_term_string}"},"query-input":{"@type":"PropertyValueSpecification","valueRequired":true,"valueName":"search_term_string"}}],"inLanguage":"de"},{"@type":"Organization","@id":"https:\/\/maasleder.com\/de\/#organization","name":"Maasleder","url":"https:\/\/maasleder.com\/de\/","logo":{"@type":"ImageObject","inLanguage":"de","@id":"https:\/\/maasleder.com\/de\/#\/schema\/logo\/image\/","url":"https:\/\/maasleder.com\/wp-content\/uploads\/2024\/01\/cropped-maasleder-logo-full.png","contentUrl":"https:\/\/maasleder.com\/wp-content\/uploads\/2024\/01\/cropped-maasleder-logo-full.png","width":226,"height":53,"caption":"Maasleder"},"image":{"@id":"https:\/\/maasleder.com\/de\/#\/schema\/logo\/image\/"}}]}},"_links":{"self":[{"href":"https:\/\/maasleder.com\/de\/wp-json\/wp\/v2\/pages\/10117","targetHints":{"allow":["GET"]}}],"collection":[{"href":"https:\/\/maasleder.com\/de\/wp-json\/wp\/v2\/pages"}],"about":[{"href":"https:\/\/maasleder.com\/de\/wp-json\/wp\/v2\/types\/page"}],"author":[{"embeddable":true,"href":"https:\/\/maasleder.com\/de\/wp-json\/wp\/v2\/users\/1"}],"replies":[{"embeddable":true,"href":"https:\/\/maasleder.com\/de\/wp-json\/wp\/v2\/comments?post=10117"}],"version-history":[{"count":11,"href":"https:\/\/maasleder.com\/de\/wp-json\/wp\/v2\/pages\/10117\/revisions"}],"predecessor-version":[{"id":11657,"href":"https:\/\/maasleder.com\/de\/wp-json\/wp\/v2\/pages\/10117\/revisions\/11657"}],"wp:attachment":[{"href":"https:\/\/maasleder.com\/de\/wp-json\/wp\/v2\/media?parent=10117"}],"curies":[{"name":"wp","href":"https:\/\/api.w.org\/{rel}","templated":true}]}}