{"id":10109,"date":"2024-08-28T10:41:05","date_gmt":"2024-08-28T08:41:05","guid":{"rendered":"https:\/\/maasleder.com\/over-ons\/"},"modified":"2024-10-30T14:42:28","modified_gmt":"2024-10-30T13:42:28","slug":"uber-uns","status":"publish","type":"page","link":"https:\/\/maasleder.com\/de\/uber-uns\/","title":{"rendered":"\u00dcber uns"},"content":{"rendered":"\n<section id=\"content-2-block_63dc4f436b71e7a2edcbc7bdcaaab1a8\" class=\" m-0 align-items-top align-text-left align-left image-swirl-main image\">\n    <div class=\"background\" style=\"\">\n                <div class=\"container\">\n            <div class=\"row\">\n                \n                \n                \n                \n                                <div class=\"first-col col-4\">\n                    <h1>\u00dcber uns<\/h1>\n<p><em>In der Lederbranche seit 1926<\/em><\/p>\n<p>Zu Beginn des zwanzigsten Jahrhunderts war Waalwijk das Herz der florierenden niederl\u00e4ndischen Schuh- und Lederindustrie. 1926 gr\u00fcndet Gerrit Maas sein Unternehmen unter dem Namen G.A. Maas Leder. 1958 \u00fcbernahm sein Sohn Jan Maas die Leitung, 1985 folgte dessen Sohn Gerard Maas. Die Leidenschaft f\u00fcr Leder befindet sich eindeutig in der DNA der Familie Maas. Seit dem 1. Juli 2019 ist auch Gerards Sohn J\u00fcrgen in das Unternehmen eingetreten und die Tradition setzt sich vom Vater auf den Sohn fort.<\/p>\n                                                                            <\/div>\n\n                <div class=\"second-col  image-swirl col-8\">\n                    <svg xmlns=\"http:\/\/www.w3.org\/2000\/svg\" version=\"1.1\" viewBox=\"0 0 172.65 668\">\n    <path class=\"cls-1\"\n        d=\"M0,668h172.65c.5-48.62-25.46-102.33-67.16-129.49-15.68-10.21-31.7-17.13-47.56-25.52-28.47-15.06-46.84-54.39-37.01-82.3,3.7-10.52,12-17.99,20.33-21.89,15.14-7.09,31.16-12.25,47.22-17.17-.12-.3-.06-.15,0,0,9.92-4.01,20.38-6.83,29.63-12.27,18.34-10.77,29.57-30.95,33.15-60.41,3.3-27.18-2.41-54.47-19.31-81.83-6.63-10.73-13.39-21.33-20.07-32.01-20.81-33.23-26.39-62.46-17.14-91.72,3.26-10.31,6.61-20.74,11.23-29.51C118.05,60.9,118.73,32.07,112.94,0H0v668Z\" \/>\n<\/svg>                    <div class=\"image-container\"><img decoding=\"async\" width=\"1920\" height=\"1080\" src=\"https:\/\/maasleder.com\/wp-content\/uploads\/2024\/09\/Maasleder12545-bedirjfspand.jpg\" class=\"attachment-full size-full\" alt=\"\" srcset=\"https:\/\/maasleder.com\/wp-content\/uploads\/2024\/09\/Maasleder12545-bedirjfspand.jpg 1920w, https:\/\/maasleder.com\/wp-content\/uploads\/2024\/09\/Maasleder12545-bedirjfspand-300x169.jpg 300w, https:\/\/maasleder.com\/wp-content\/uploads\/2024\/09\/Maasleder12545-bedirjfspand-1024x576.jpg 1024w, https:\/\/maasleder.com\/wp-content\/uploads\/2024\/09\/Maasleder12545-bedirjfspand-768x432.jpg 768w, https:\/\/maasleder.com\/wp-content\/uploads\/2024\/09\/Maasleder12545-bedirjfspand-1536x864.jpg 1536w, https:\/\/maasleder.com\/wp-content\/uploads\/2024\/09\/Maasleder12545-bedirjfspand-1000x563.jpg 1000w, https:\/\/maasleder.com\/wp-content\/uploads\/2024\/09\/Maasleder12545-bedirjfspand-50x28.jpg 50w, https:\/\/maasleder.com\/wp-content\/uploads\/2024\/09\/Maasleder12545-bedirjfspand-600x338.jpg 600w\" sizes=\"(max-width: 1920px) 100vw, 1920px\" \/><\/div>                <\/div>\n                            <\/div>\n        <\/div>\n            <\/div>\n<\/section>\n\n\n<section id=\"content-2-block_228b30462e34120a0204bff58ba83912\" class=\" align-items-top align-text-left align-left text\">\n    <div class=\"background\" style=\"\">\n                <div class=\"container\">\n            <div class=\"row\">\n                \n                \n                \n                <div class=\"col-6\">\n                    <p>Im Laufe der Jahre hat sich viel ver\u00e4ndert. Gleichzeitig ist die Basis von Maasleder die gleiche geblieben. Unsere Faszination f\u00fcr Leder ist unser Antrieb. Man kann nie genug dar\u00fcber wissen. Unter der F\u00fchrung von vier Generationen Maas hat sich das Unternehmen zu einem internationalen Akteur im Lederbereich entwickelt. Maasleder ist sowohl f\u00fcr Gerbereien als auch f\u00fcr Produzenten von Schuhen, Mode und Lederwaren ein verl\u00e4sslicher Name.<\/p>\n                    \n                                    <\/div>\n                <div class=\"col-6\">\n                    <p>Wir sind Vertreter mehrerer f\u00fchrender italienischer Gerbereien und arbeiten international mit den unterschiedlichsten Kunden zusammen. In den Niederlanden sind wir der wichtigste Lederlieferant unter anderem f\u00fcr die orthop\u00e4dische Ma\u00dfschuhmacherei. Mit einem breiten internationalen Netzwerk sind wir der Partner, dem nur das beste Leder gut genug ist.<\/p>\n                    \n                                    <\/div>\n                \n                \n                            <\/div>\n        <\/div>\n            <\/div>\n<\/section>\n\n\n<section id=\"content-2-block_9a7306790d91a39ecaac9e2eeed1d800\" class=\" align-items-top align-text-left align-left background-enabled text_full_width\">\n    <div class=\"background\" style=\"background-image: url('https:\/\/maasleder.com\/wp-content\/uploads\/2024\/08\/M354-1.jpg'); \">\n                <div class=\"container\">\n            <div class=\"row\">\n                \n                                <div class=\"col-8\">\n                    <h2><span lang=\"DE\">Ein Familienunternehmen mit Leib und Seele<\/span><\/h2>\n<p>Vor einigen Jahren wurde unser Geb\u00e4ude komplett saniert und erweitert, so dass wir optimal agieren und direkt ab Lager liefern k\u00f6nnen. Als fortschrittliches Familienunternehmen teilen wir seit Jahren die gleiche Leidenschaft und den gleichen Antrieb f\u00fcr Qualit\u00e4tsleder. Dies spiegelt sich auch in unserer Firmenphilosophie wider. Wir m\u00f6gen es, die Kommunikationswege kurz und pers\u00f6nlich zu halten und gehen immer die Extrameile f\u00fcr alle unsere Kunden, um das beste Endergebnis zu erzielen.<\/p>\n                    <div class=\"button-container\">\n                                                                    <\/div>\n                <\/div>\n                \n                \n                \n                            <\/div>\n        <\/div>\n            <\/div>\n<\/section>\n\n\n<section id=\"usp-block_7aba07f98fd9a12c1600dce04c870126\" class=\" align-items-top align-text-left \">\n    <div class=\"container\">\n        <div class=\"row\">\n                        <div class=\"col-6\">\n                 <div class=\"title\"><h2><span lang=\"DE\">Die f\u00fcnf Maasleder-S\u00e4ulen<\/span><\/h2>\n<p><strong>Wir handhaben bei Maasleder f\u00fcnf S\u00e4ulen:<\/strong><\/p>\n<\/div> \n                <div class=\"usp-container\">\n                    <ul>\n                                                <li><svg xmlns=\"http:\/\/www.w3.org\/2000\/svg\" width=\"15.118\" height=\"11.758\" viewBox=\"0 0 15.118 11.758\"><path id=\"_Color\" data-name=\" \u21b3Color\" d=\"M4.81,9.3,1.2,5.616,0,6.844l4.81,4.914L15.118,1.228,13.915,0Z\" fill=\"#00a727\"\/><\/svg>Zuverl\u00e4ssige Qualit\u00e4t<\/li>\n                                                <li><svg xmlns=\"http:\/\/www.w3.org\/2000\/svg\" width=\"15.118\" height=\"11.758\" viewBox=\"0 0 15.118 11.758\"><path id=\"_Color\" data-name=\" \u21b3Color\" d=\"M4.81,9.3,1.2,5.616,0,6.844l4.81,4.914L15.118,1.228,13.915,0Z\" fill=\"#00a727\"\/><\/svg>Handwerkskunst und Know-how<\/li>\n                                                <li><svg xmlns=\"http:\/\/www.w3.org\/2000\/svg\" width=\"15.118\" height=\"11.758\" viewBox=\"0 0 15.118 11.758\"><path id=\"_Color\" data-name=\" \u21b3Color\" d=\"M4.81,9.3,1.2,5.616,0,6.844l4.81,4.914L15.118,1.228,13.915,0Z\" fill=\"#00a727\"\/><\/svg>Vielf\u00e4ltiges und innovatives Angebot<\/li>\n                                                <li><svg xmlns=\"http:\/\/www.w3.org\/2000\/svg\" width=\"15.118\" height=\"11.758\" viewBox=\"0 0 15.118 11.758\"><path id=\"_Color\" data-name=\" \u21b3Color\" d=\"M4.81,9.3,1.2,5.616,0,6.844l4.81,4.914L15.118,1.228,13.915,0Z\" fill=\"#00a727\"\/><\/svg>Gro\u00dfer Lagerbestand und schnelle Lieferung<\/li>\n                                                <li><svg xmlns=\"http:\/\/www.w3.org\/2000\/svg\" width=\"15.118\" height=\"11.758\" viewBox=\"0 0 15.118 11.758\"><path id=\"_Color\" data-name=\" \u21b3Color\" d=\"M4.81,9.3,1.2,5.616,0,6.844l4.81,4.914L15.118,1.228,13.915,0Z\" fill=\"#00a727\"\/><\/svg>Verantwortungsvolles und nachhaltiges Unternehmertum<\/li>\n                                            <\/ul>\n                <\/div>\n\n                 <div class=\"text\"><p>Gerne erz\u00e4hlen wir Ihnen in unserem Showroom beim Genuss einer Tasse italienischen Kaffees mehr dar\u00fcber. Wir freuen uns auf Ihren Besuch bei Maasleder!<\/p>\n<\/div> \n                <a href=\" https:\/\/maasleder.com\/de\/kontakt\/ \" target=\"\" class=\"btn-orange\">Kontaktieren Sie uns<\/a>\n                                <div class=\"signature\">\n                    <img decoding=\"async\" width=\"330\" height=\"101\" src=\"https:\/\/maasleder.com\/wp-content\/uploads\/2022\/11\/gerard-maas-sig-300x92-1-300x92-1.png\" class=\"attachment-full size-full\" alt=\"\" srcset=\"https:\/\/maasleder.com\/wp-content\/uploads\/2022\/11\/gerard-maas-sig-300x92-1-300x92-1.png 330w, https:\/\/maasleder.com\/wp-content\/uploads\/2022\/11\/gerard-maas-sig-300x92-1-300x92-1-300x92.png 300w, https:\/\/maasleder.com\/wp-content\/uploads\/2022\/11\/gerard-maas-sig-300x92-1-300x92-1-50x15.png 50w\" sizes=\"(max-width: 330px) 100vw, 330px\" \/>                <\/div>\n                            <\/div>\n\n                        <div class=\"col-6\">\n\n                <div class=\"image-container\"><img decoding=\"async\" width=\"2560\" height=\"1371\" src=\"https:\/\/maasleder.com\/wp-content\/uploads\/2022\/11\/home-slide-1.jpg\" class=\"attachment-full size-full\" alt=\"\" srcset=\"https:\/\/maasleder.com\/wp-content\/uploads\/2022\/11\/home-slide-1.jpg 2560w, https:\/\/maasleder.com\/wp-content\/uploads\/2022\/11\/home-slide-1-300x161.jpg 300w, https:\/\/maasleder.com\/wp-content\/uploads\/2022\/11\/home-slide-1-1024x548.jpg 1024w, https:\/\/maasleder.com\/wp-content\/uploads\/2022\/11\/home-slide-1-768x411.jpg 768w, https:\/\/maasleder.com\/wp-content\/uploads\/2022\/11\/home-slide-1-1536x823.jpg 1536w, https:\/\/maasleder.com\/wp-content\/uploads\/2022\/11\/home-slide-1-2048x1097.jpg 2048w, https:\/\/maasleder.com\/wp-content\/uploads\/2022\/11\/home-slide-1-2000x1071.jpg 2000w, https:\/\/maasleder.com\/wp-content\/uploads\/2022\/11\/home-slide-1-1000x536.jpg 1000w, https:\/\/maasleder.com\/wp-content\/uploads\/2022\/11\/home-slide-1-50x27.jpg 50w, https:\/\/maasleder.com\/wp-content\/uploads\/2022\/11\/home-slide-1-600x321.jpg 600w\" sizes=\"(max-width: 2560px) 100vw, 2560px\" \/><\/div>            <\/div>\n                    <\/div>\n    <\/div>\n<\/section>","protected":false},"excerpt":{"rendered":"","protected":false},"author":1,"featured_media":0,"parent":0,"menu_order":0,"comment_status":"closed","ping_status":"closed","template":"","meta":{"_acf_changed":false,"footnotes":""},"class_list":["post-10109","page","type-page","status-publish","hentry"],"acf":[],"yoast_head":"<!-- This site is optimized with the Yoast SEO plugin v27.3 - https:\/\/yoast.com\/product\/yoast-seo-wordpress\/ -->\n<title>Maasleder - \u00dcber uns<\/title>\n<meta name=\"description\" content=\"Lesen Sie mehr \u00fcber unsere Geschichte, unsere Familiengeschichte und die f\u00fcnf Maasleder-S\u00e4ulen.\" \/>\n<meta name=\"robots\" content=\"index, follow, max-snippet:-1, max-image-preview:large, max-video-preview:-1\" \/>\n<link rel=\"canonical\" href=\"https:\/\/maasleder.com\/de\/uber-uns\/\" \/>\n<meta property=\"og:locale\" content=\"de_DE\" \/>\n<meta property=\"og:type\" content=\"article\" \/>\n<meta property=\"og:title\" content=\"Maasleder - \u00dcber uns\" \/>\n<meta property=\"og:description\" content=\"Lesen Sie mehr \u00fcber unsere Geschichte, unsere Familiengeschichte und die f\u00fcnf Maasleder-S\u00e4ulen.\" \/>\n<meta property=\"og:url\" content=\"https:\/\/maasleder.com\/de\/uber-uns\/\" \/>\n<meta property=\"og:site_name\" content=\"Maasleder\" \/>\n<meta property=\"article:modified_time\" content=\"2024-10-30T13:42:28+00:00\" \/>\n<meta name=\"twitter:card\" content=\"summary_large_image\" \/>\n<script type=\"application\/ld+json\" class=\"yoast-schema-graph\">{\"@context\":\"https:\\\/\\\/schema.org\",\"@graph\":[{\"@type\":\"WebPage\",\"@id\":\"https:\\\/\\\/maasleder.com\\\/de\\\/uber-uns\\\/\",\"url\":\"https:\\\/\\\/maasleder.com\\\/de\\\/uber-uns\\\/\",\"name\":\"Maasleder - \u00dcber uns\",\"isPartOf\":{\"@id\":\"https:\\\/\\\/maasleder.com\\\/de\\\/#website\"},\"datePublished\":\"2024-08-28T08:41:05+00:00\",\"dateModified\":\"2024-10-30T13:42:28+00:00\",\"description\":\"Lesen Sie mehr \u00fcber unsere Geschichte, unsere Familiengeschichte und die f\u00fcnf Maasleder-S\u00e4ulen.\",\"breadcrumb\":{\"@id\":\"https:\\\/\\\/maasleder.com\\\/de\\\/uber-uns\\\/#breadcrumb\"},\"inLanguage\":\"de\",\"potentialAction\":[{\"@type\":\"ReadAction\",\"target\":[\"https:\\\/\\\/maasleder.com\\\/de\\\/uber-uns\\\/\"]}]},{\"@type\":\"BreadcrumbList\",\"@id\":\"https:\\\/\\\/maasleder.com\\\/de\\\/uber-uns\\\/#breadcrumb\",\"itemListElement\":[{\"@type\":\"ListItem\",\"position\":1,\"name\":\"Home\",\"item\":\"https:\\\/\\\/maasleder.com\\\/de\\\/\"},{\"@type\":\"ListItem\",\"position\":2,\"name\":\"\u00dcber uns\"}]},{\"@type\":\"WebSite\",\"@id\":\"https:\\\/\\\/maasleder.com\\\/de\\\/#website\",\"url\":\"https:\\\/\\\/maasleder.com\\\/de\\\/\",\"name\":\"Maasleder\",\"description\":\"Shop the best leather online\",\"publisher\":{\"@id\":\"https:\\\/\\\/maasleder.com\\\/de\\\/#organization\"},\"potentialAction\":[{\"@type\":\"SearchAction\",\"target\":{\"@type\":\"EntryPoint\",\"urlTemplate\":\"https:\\\/\\\/maasleder.com\\\/de\\\/?s={search_term_string}\"},\"query-input\":{\"@type\":\"PropertyValueSpecification\",\"valueRequired\":true,\"valueName\":\"search_term_string\"}}],\"inLanguage\":\"de\"},{\"@type\":\"Organization\",\"@id\":\"https:\\\/\\\/maasleder.com\\\/de\\\/#organization\",\"name\":\"Maasleder\",\"url\":\"https:\\\/\\\/maasleder.com\\\/de\\\/\",\"logo\":{\"@type\":\"ImageObject\",\"inLanguage\":\"de\",\"@id\":\"https:\\\/\\\/maasleder.com\\\/de\\\/#\\\/schema\\\/logo\\\/image\\\/\",\"url\":\"https:\\\/\\\/maasleder.com\\\/wp-content\\\/uploads\\\/2024\\\/01\\\/cropped-maasleder-logo-full.png\",\"contentUrl\":\"https:\\\/\\\/maasleder.com\\\/wp-content\\\/uploads\\\/2024\\\/01\\\/cropped-maasleder-logo-full.png\",\"width\":226,\"height\":53,\"caption\":\"Maasleder\"},\"image\":{\"@id\":\"https:\\\/\\\/maasleder.com\\\/de\\\/#\\\/schema\\\/logo\\\/image\\\/\"}}]}<\/script>\n<!-- \/ Yoast SEO plugin. -->","yoast_head_json":{"title":"Maasleder - \u00dcber uns","description":"Lesen Sie mehr \u00fcber unsere Geschichte, unsere Familiengeschichte und die f\u00fcnf Maasleder-S\u00e4ulen.","robots":{"index":"index","follow":"follow","max-snippet":"max-snippet:-1","max-image-preview":"max-image-preview:large","max-video-preview":"max-video-preview:-1"},"canonical":"https:\/\/maasleder.com\/de\/uber-uns\/","og_locale":"de_DE","og_type":"article","og_title":"Maasleder - \u00dcber uns","og_description":"Lesen Sie mehr \u00fcber unsere Geschichte, unsere Familiengeschichte und die f\u00fcnf Maasleder-S\u00e4ulen.","og_url":"https:\/\/maasleder.com\/de\/uber-uns\/","og_site_name":"Maasleder","article_modified_time":"2024-10-30T13:42:28+00:00","twitter_card":"summary_large_image","schema":{"@context":"https:\/\/schema.org","@graph":[{"@type":"WebPage","@id":"https:\/\/maasleder.com\/de\/uber-uns\/","url":"https:\/\/maasleder.com\/de\/uber-uns\/","name":"Maasleder - \u00dcber uns","isPartOf":{"@id":"https:\/\/maasleder.com\/de\/#website"},"datePublished":"2024-08-28T08:41:05+00:00","dateModified":"2024-10-30T13:42:28+00:00","description":"Lesen Sie mehr \u00fcber unsere Geschichte, unsere Familiengeschichte und die f\u00fcnf Maasleder-S\u00e4ulen.","breadcrumb":{"@id":"https:\/\/maasleder.com\/de\/uber-uns\/#breadcrumb"},"inLanguage":"de","potentialAction":[{"@type":"ReadAction","target":["https:\/\/maasleder.com\/de\/uber-uns\/"]}]},{"@type":"BreadcrumbList","@id":"https:\/\/maasleder.com\/de\/uber-uns\/#breadcrumb","itemListElement":[{"@type":"ListItem","position":1,"name":"Home","item":"https:\/\/maasleder.com\/de\/"},{"@type":"ListItem","position":2,"name":"\u00dcber uns"}]},{"@type":"WebSite","@id":"https:\/\/maasleder.com\/de\/#website","url":"https:\/\/maasleder.com\/de\/","name":"Maasleder","description":"Shop the best leather online","publisher":{"@id":"https:\/\/maasleder.com\/de\/#organization"},"potentialAction":[{"@type":"SearchAction","target":{"@type":"EntryPoint","urlTemplate":"https:\/\/maasleder.com\/de\/?s={search_term_string}"},"query-input":{"@type":"PropertyValueSpecification","valueRequired":true,"valueName":"search_term_string"}}],"inLanguage":"de"},{"@type":"Organization","@id":"https:\/\/maasleder.com\/de\/#organization","name":"Maasleder","url":"https:\/\/maasleder.com\/de\/","logo":{"@type":"ImageObject","inLanguage":"de","@id":"https:\/\/maasleder.com\/de\/#\/schema\/logo\/image\/","url":"https:\/\/maasleder.com\/wp-content\/uploads\/2024\/01\/cropped-maasleder-logo-full.png","contentUrl":"https:\/\/maasleder.com\/wp-content\/uploads\/2024\/01\/cropped-maasleder-logo-full.png","width":226,"height":53,"caption":"Maasleder"},"image":{"@id":"https:\/\/maasleder.com\/de\/#\/schema\/logo\/image\/"}}]}},"_links":{"self":[{"href":"https:\/\/maasleder.com\/de\/wp-json\/wp\/v2\/pages\/10109","targetHints":{"allow":["GET"]}}],"collection":[{"href":"https:\/\/maasleder.com\/de\/wp-json\/wp\/v2\/pages"}],"about":[{"href":"https:\/\/maasleder.com\/de\/wp-json\/wp\/v2\/types\/page"}],"author":[{"embeddable":true,"href":"https:\/\/maasleder.com\/de\/wp-json\/wp\/v2\/users\/1"}],"replies":[{"embeddable":true,"href":"https:\/\/maasleder.com\/de\/wp-json\/wp\/v2\/comments?post=10109"}],"version-history":[{"count":6,"href":"https:\/\/maasleder.com\/de\/wp-json\/wp\/v2\/pages\/10109\/revisions"}],"predecessor-version":[{"id":11685,"href":"https:\/\/maasleder.com\/de\/wp-json\/wp\/v2\/pages\/10109\/revisions\/11685"}],"wp:attachment":[{"href":"https:\/\/maasleder.com\/de\/wp-json\/wp\/v2\/media?parent=10109"}],"curies":[{"name":"wp","href":"https:\/\/api.w.org\/{rel}","templated":true}]}}