{"id":10090,"date":"2024-08-28T10:35:07","date_gmt":"2024-08-28T08:35:07","guid":{"rendered":"https:\/\/maasleder.com\/fashion\/"},"modified":"2024-10-30T16:54:03","modified_gmt":"2024-10-30T15:54:03","slug":"mode","status":"publish","type":"page","link":"https:\/\/maasleder.com\/de\/branchen\/mode\/","title":{"rendered":"Mode Leder kaufen"},"content":{"rendered":"\n<section id=\"header-1block_954f193e8cb7b3f4011f768b94b4e231\"\n    class=\" align-items-top align-text-left align-left image-effect\">\n        <div class=\"container-image\">\n        <img decoding=\"async\" src=\"https:\/\/maasleder.com\/wp-content\/themes\/sq-theme\/assets\/images\/leervel_1.png\" alt=\"\" class=\"img-5\">\n        <img decoding=\"async\" src=\"https:\/\/maasleder.com\/wp-content\/themes\/sq-theme\/assets\/images\/leervel_2.png\" alt=\"\" class=\"img-4\">\n        <img decoding=\"async\" src=\"https:\/\/maasleder.com\/wp-content\/themes\/sq-theme\/assets\/images\/leervel_3.png\" alt=\"\" class=\"img-3\">\n        <img decoding=\"async\" src=\"https:\/\/maasleder.com\/wp-content\/themes\/sq-theme\/assets\/images\/leervel_4.png\" alt=\"\" class=\"img-2\">\n        <img decoding=\"async\" src=\"https:\/\/maasleder.com\/wp-content\/themes\/sq-theme\/assets\/images\/leervel_5.png\" alt=\"\" class=\"img-1\">\n        <img decoding=\"async\" src=\"https:\/\/maasleder.com\/wp-content\/themes\/sq-theme\/assets\/images\/leervel_6.png\" alt=\"\" class=\"img-0\">\n    <\/div>\n    \n    <div class=\"container\">\n        <div class=\"row\">\n            <div class=\"col-6\">\n                <div class=\"breadcrumb-container\"><span><span><a href=\"https:\/\/maasleder.com\/de\/\">Home<\/a><\/span><\/span><\/div>\n                <h1><h1>Mode Leder kaufen<\/h1>\n<p>Leder und Mode sind untrennbar miteinander verbunden. Leder ist vielseitig und verleiht Schuhen, Taschen, Geldb\u00f6rsen, G\u00fcrteln und verschiedenen Accessoires eine unverwechselbare Ausstrahlung. Entdecken Sie die vielen M\u00f6glichkeiten unseres Leders!<\/p>\n<\/h1>                \n                \n                                <div class=\"button-container\">\n                    <a href=\"https:\/\/maasleder.com\/de\/lederkollektion\/\" target=\"\" class=\"btn-orange\">Sortiment ansehen<\/a>                    <a href=\"https:\/\/maasleder.com\/de\/webshop\/\" target=\"\" class=\"link\">Weiter zum Onlineshop<\/a>                <\/div>\n                            <\/div>\n\n\n        <\/div>\n    <\/div>\n    <\/section>\n\n\n<section id=\"content-2-block_c2a51c8bf117ac92589387d61a27374b\" class=\" align-items-top align-text-left align-right image-swirl-main image\">\n    <div class=\"background\" style=\"\">\n                <div class=\"container\">\n            <div class=\"row\">\n                \n                \n                \n                \n                                <div class=\"first-col col-6\">\n                    <h2><span lang=\"DE\">Umfangreiches Sortiment f\u00fcr alle Arten von Mode<\/span><\/h2>\n<p>Unser Leder kann in allen Arten von Modeartikeln verwendet werden. Von gewagten Avantgarde-Kreationen bis hin zu klassischen Produktlinien. Dank unseres umfangreichen Netzwerks wissen wir, was in der Modebranche vor sich geht, was sich in unserer Kollektion widerspiegelt. Wir helfen Ihnen, den richtigen Artikel f\u00fcr Ihr Endprodukt zu finden. Wenn Sie Ihre bevorzugte Lederart nicht in unserer Kollektion finden, entwickeln wir gemeinsam mit Ihnen den idealen Ledertyp.<\/p>\n                                                                            <\/div>\n\n                <div class=\"second-col  image-swirl col-6\">\n                    <svg xmlns=\"http:\/\/www.w3.org\/2000\/svg\" version=\"1.1\" viewBox=\"0 0 172.65 668\">\n    <path class=\"cls-1\"\n        d=\"M0,668h172.65c.5-48.62-25.46-102.33-67.16-129.49-15.68-10.21-31.7-17.13-47.56-25.52-28.47-15.06-46.84-54.39-37.01-82.3,3.7-10.52,12-17.99,20.33-21.89,15.14-7.09,31.16-12.25,47.22-17.17-.12-.3-.06-.15,0,0,9.92-4.01,20.38-6.83,29.63-12.27,18.34-10.77,29.57-30.95,33.15-60.41,3.3-27.18-2.41-54.47-19.31-81.83-6.63-10.73-13.39-21.33-20.07-32.01-20.81-33.23-26.39-62.46-17.14-91.72,3.26-10.31,6.61-20.74,11.23-29.51C118.05,60.9,118.73,32.07,112.94,0H0v668Z\" \/>\n<\/svg>                    <div class=\"image-container\"><img decoding=\"async\" width=\"1000\" height=\"536\" src=\"https:\/\/maasleder.com\/wp-content\/uploads\/2024\/01\/maasleder-werknemer-foto.jpg\" class=\"attachment-full size-full\" alt=\"\" srcset=\"https:\/\/maasleder.com\/wp-content\/uploads\/2024\/01\/maasleder-werknemer-foto.jpg 1000w, https:\/\/maasleder.com\/wp-content\/uploads\/2024\/01\/maasleder-werknemer-foto-300x161.jpg 300w, https:\/\/maasleder.com\/wp-content\/uploads\/2024\/01\/maasleder-werknemer-foto-768x412.jpg 768w, https:\/\/maasleder.com\/wp-content\/uploads\/2024\/01\/maasleder-werknemer-foto-50x27.jpg 50w, https:\/\/maasleder.com\/wp-content\/uploads\/2024\/01\/maasleder-werknemer-foto-600x322.jpg 600w\" sizes=\"(max-width: 1000px) 100vw, 1000px\" \/><\/div>                <\/div>\n                            <\/div>\n        <\/div>\n            <\/div>\n<\/section>\n\n\n<section id=\"images-block_1c6a3419efa0a31d98c323c0bde34563\" class=\" align-items-top align-text-left\">\n    <div class=\"container\">\n        \n                    <div class=\"image-slider\">\n                                    <div class=\"slide\">\n                        <div class=\"image-container\"><img decoding=\"async\" width=\"2560\" height=\"1440\" src=\"https:\/\/maasleder.com\/wp-content\/uploads\/2024\/08\/M780-1.jpg\" class=\"attachment-full size-full\" alt=\"\" srcset=\"https:\/\/maasleder.com\/wp-content\/uploads\/2024\/08\/M780-1.jpg 2560w, https:\/\/maasleder.com\/wp-content\/uploads\/2024\/08\/M780-1-300x169.jpg 300w, https:\/\/maasleder.com\/wp-content\/uploads\/2024\/08\/M780-1-1024x576.jpg 1024w, https:\/\/maasleder.com\/wp-content\/uploads\/2024\/08\/M780-1-768x432.jpg 768w, https:\/\/maasleder.com\/wp-content\/uploads\/2024\/08\/M780-1-1536x864.jpg 1536w, https:\/\/maasleder.com\/wp-content\/uploads\/2024\/08\/M780-1-2048x1152.jpg 2048w, https:\/\/maasleder.com\/wp-content\/uploads\/2024\/08\/M780-1-2000x1125.jpg 2000w, https:\/\/maasleder.com\/wp-content\/uploads\/2024\/08\/M780-1-1000x563.jpg 1000w, https:\/\/maasleder.com\/wp-content\/uploads\/2024\/08\/M780-1-50x28.jpg 50w, https:\/\/maasleder.com\/wp-content\/uploads\/2024\/08\/M780-1-600x338.jpg 600w\" sizes=\"(max-width: 2560px) 100vw, 2560px\" \/><\/div>                    <\/div>\n                                    <div class=\"slide\">\n                        <div class=\"image-container\"><img decoding=\"async\" width=\"2560\" height=\"1440\" src=\"https:\/\/maasleder.com\/wp-content\/uploads\/2024\/08\/M770.jpg\" class=\"attachment-full size-full\" alt=\"\" srcset=\"https:\/\/maasleder.com\/wp-content\/uploads\/2024\/08\/M770.jpg 2560w, https:\/\/maasleder.com\/wp-content\/uploads\/2024\/08\/M770-300x169.jpg 300w, https:\/\/maasleder.com\/wp-content\/uploads\/2024\/08\/M770-1024x576.jpg 1024w, https:\/\/maasleder.com\/wp-content\/uploads\/2024\/08\/M770-768x432.jpg 768w, https:\/\/maasleder.com\/wp-content\/uploads\/2024\/08\/M770-1536x864.jpg 1536w, https:\/\/maasleder.com\/wp-content\/uploads\/2024\/08\/M770-2048x1152.jpg 2048w, https:\/\/maasleder.com\/wp-content\/uploads\/2024\/08\/M770-2000x1125.jpg 2000w, https:\/\/maasleder.com\/wp-content\/uploads\/2024\/08\/M770-1000x563.jpg 1000w, https:\/\/maasleder.com\/wp-content\/uploads\/2024\/08\/M770-50x28.jpg 50w, https:\/\/maasleder.com\/wp-content\/uploads\/2024\/08\/M770-600x338.jpg 600w\" sizes=\"(max-width: 2560px) 100vw, 2560px\" \/><\/div>                    <\/div>\n                                    <div class=\"slide\">\n                        <div class=\"image-container\"><img decoding=\"async\" width=\"2560\" height=\"1440\" src=\"https:\/\/maasleder.com\/wp-content\/uploads\/2024\/08\/M730-1.jpg\" class=\"attachment-full size-full\" alt=\"\" srcset=\"https:\/\/maasleder.com\/wp-content\/uploads\/2024\/08\/M730-1.jpg 2560w, https:\/\/maasleder.com\/wp-content\/uploads\/2024\/08\/M730-1-300x169.jpg 300w, https:\/\/maasleder.com\/wp-content\/uploads\/2024\/08\/M730-1-1024x576.jpg 1024w, https:\/\/maasleder.com\/wp-content\/uploads\/2024\/08\/M730-1-768x432.jpg 768w, https:\/\/maasleder.com\/wp-content\/uploads\/2024\/08\/M730-1-1536x864.jpg 1536w, https:\/\/maasleder.com\/wp-content\/uploads\/2024\/08\/M730-1-2048x1152.jpg 2048w, https:\/\/maasleder.com\/wp-content\/uploads\/2024\/08\/M730-1-2000x1125.jpg 2000w, https:\/\/maasleder.com\/wp-content\/uploads\/2024\/08\/M730-1-1000x563.jpg 1000w, https:\/\/maasleder.com\/wp-content\/uploads\/2024\/08\/M730-1-50x28.jpg 50w, https:\/\/maasleder.com\/wp-content\/uploads\/2024\/08\/M730-1-600x338.jpg 600w\" sizes=\"(max-width: 2560px) 100vw, 2560px\" \/><\/div>                    <\/div>\n                                    <div class=\"slide\">\n                        <div class=\"image-container\"><img decoding=\"async\" width=\"2560\" height=\"1440\" src=\"https:\/\/maasleder.com\/wp-content\/uploads\/2024\/08\/M711-1.jpg\" class=\"attachment-full size-full\" alt=\"M711\" srcset=\"https:\/\/maasleder.com\/wp-content\/uploads\/2024\/08\/M711-1.jpg 2560w, https:\/\/maasleder.com\/wp-content\/uploads\/2024\/08\/M711-1-300x169.jpg 300w, https:\/\/maasleder.com\/wp-content\/uploads\/2024\/08\/M711-1-1024x576.jpg 1024w, https:\/\/maasleder.com\/wp-content\/uploads\/2024\/08\/M711-1-768x432.jpg 768w, https:\/\/maasleder.com\/wp-content\/uploads\/2024\/08\/M711-1-1536x864.jpg 1536w, https:\/\/maasleder.com\/wp-content\/uploads\/2024\/08\/M711-1-2048x1152.jpg 2048w, https:\/\/maasleder.com\/wp-content\/uploads\/2024\/08\/M711-1-2000x1125.jpg 2000w, https:\/\/maasleder.com\/wp-content\/uploads\/2024\/08\/M711-1-1000x563.jpg 1000w, https:\/\/maasleder.com\/wp-content\/uploads\/2024\/08\/M711-1-50x28.jpg 50w, https:\/\/maasleder.com\/wp-content\/uploads\/2024\/08\/M711-1-600x338.jpg 600w\" sizes=\"(max-width: 2560px) 100vw, 2560px\" \/><\/div>                    <\/div>\n                                    <div class=\"slide\">\n                        <div class=\"image-container\"><img decoding=\"async\" width=\"2560\" height=\"1440\" src=\"https:\/\/maasleder.com\/wp-content\/uploads\/2023\/10\/M538.jpg\" class=\"attachment-full size-full\" alt=\"M538 Snaky Desert\" srcset=\"https:\/\/maasleder.com\/wp-content\/uploads\/2023\/10\/M538.jpg 2560w, https:\/\/maasleder.com\/wp-content\/uploads\/2023\/10\/M538-300x169.jpg 300w, https:\/\/maasleder.com\/wp-content\/uploads\/2023\/10\/M538-1024x576.jpg 1024w, https:\/\/maasleder.com\/wp-content\/uploads\/2023\/10\/M538-768x432.jpg 768w, https:\/\/maasleder.com\/wp-content\/uploads\/2023\/10\/M538-1536x864.jpg 1536w, https:\/\/maasleder.com\/wp-content\/uploads\/2023\/10\/M538-2048x1152.jpg 2048w, https:\/\/maasleder.com\/wp-content\/uploads\/2023\/10\/M538-2000x1125.jpg 2000w, https:\/\/maasleder.com\/wp-content\/uploads\/2023\/10\/M538-1000x563.jpg 1000w, https:\/\/maasleder.com\/wp-content\/uploads\/2023\/10\/M538-50x28.jpg 50w, https:\/\/maasleder.com\/wp-content\/uploads\/2023\/10\/M538-600x338.jpg 600w\" sizes=\"(max-width: 2560px) 100vw, 2560px\" \/><\/div>                    <\/div>\n                            <\/div>\n            <\/div>\n<\/section>\n\n\n<section id=\"content-2-block_ea5797e0402bed388338f66c82bf344e\" class=\" align-items-top align-text-left align-left image-swirl-main image\">\n    <div class=\"background\" style=\"\">\n                <div class=\"container\">\n            <div class=\"row\">\n                \n                \n                \n                \n                                <div class=\"first-col col-6\">\n                    <h2 style=\"margin: 12.0pt 0cm 12.0pt 0cm;\"><span lang=\"DE\">Modeleder f\u00fcr jedes Produkt<\/span><\/h2>\n<p>Bei \u201eLederfashion\u201c denken Sie vielleicht an schwere Lederjacken oder robuste Lederstiefel, aber Modeleder kann auf viele verschiedene Arten eingesetzt werden. Hier eine Auswahl der Einsatzm\u00f6glichkeiten unserer Artikel:<\/p>\n<p>\u00b7 Alle Arten von Schuhen: Sneaker, Anzugschuhe, Stiefel, Pumps, Wanderschuhe, Bikerstiefel, Loafer, W\u00fcstenboots und viele mehr!<\/p>\n<p>\u00b7 Accessoires: G\u00fcrtel, Geldb\u00f6rsen, Handschuhe, Schl\u00fcsselanh\u00e4nger, Laptop- und Tablet-H\u00fcllen, Handyh\u00fcllen, H\u00fcte und Kappen<\/p>\n<p>\u00b7 Taschen: Rucks\u00e4cke, Clutches, Laptoptaschen, Aktentaschen, Reisetaschen<\/p>\n<p>\u00b7 Schmuck: Armb\u00e4nder, Ketten und Uhrenarmb\u00e4nder<\/p>\n<h2>Fordern Sie ein individuelles Preisangebot an<\/h2>\n<p>M\u00f6chten Sie ein Angebot oder eine Beratung zu unserem Leder erhalten? Mailen Sie uns oder rufen Sie uns f\u00fcr ein pers\u00f6nliches Beratungsgespr\u00e4ch an.<\/p>\n                                        <a href=\"https:\/\/maasleder.com\/de\/kontakt\/\" target=\"\" class=\"btn-orange\">Fordern Sie ein Angebot an<\/a>                    <a href=\"tel:0031416335031\" target=\"\" class=\"link\">Rufen Sie uns an<\/a>                <\/div>\n\n                <div class=\"second-col  image-swirl col-6\">\n                    <svg xmlns=\"http:\/\/www.w3.org\/2000\/svg\" version=\"1.1\" viewBox=\"0 0 172.65 668\">\n    <path class=\"cls-1\"\n        d=\"M0,668h172.65c.5-48.62-25.46-102.33-67.16-129.49-15.68-10.21-31.7-17.13-47.56-25.52-28.47-15.06-46.84-54.39-37.01-82.3,3.7-10.52,12-17.99,20.33-21.89,15.14-7.09,31.16-12.25,47.22-17.17-.12-.3-.06-.15,0,0,9.92-4.01,20.38-6.83,29.63-12.27,18.34-10.77,29.57-30.95,33.15-60.41,3.3-27.18-2.41-54.47-19.31-81.83-6.63-10.73-13.39-21.33-20.07-32.01-20.81-33.23-26.39-62.46-17.14-91.72,3.26-10.31,6.61-20.74,11.23-29.51C118.05,60.9,118.73,32.07,112.94,0H0v668Z\" \/>\n<\/svg>                    <div class=\"image-container\"><img decoding=\"async\" width=\"1920\" height=\"1080\" src=\"https:\/\/maasleder.com\/wp-content\/uploads\/2024\/09\/maasleder_leervellen-drogen.jpg\" class=\"attachment-full size-full\" alt=\"\" srcset=\"https:\/\/maasleder.com\/wp-content\/uploads\/2024\/09\/maasleder_leervellen-drogen.jpg 1920w, https:\/\/maasleder.com\/wp-content\/uploads\/2024\/09\/maasleder_leervellen-drogen-300x169.jpg 300w, https:\/\/maasleder.com\/wp-content\/uploads\/2024\/09\/maasleder_leervellen-drogen-1024x576.jpg 1024w, https:\/\/maasleder.com\/wp-content\/uploads\/2024\/09\/maasleder_leervellen-drogen-768x432.jpg 768w, https:\/\/maasleder.com\/wp-content\/uploads\/2024\/09\/maasleder_leervellen-drogen-1536x864.jpg 1536w, https:\/\/maasleder.com\/wp-content\/uploads\/2024\/09\/maasleder_leervellen-drogen-1000x563.jpg 1000w, https:\/\/maasleder.com\/wp-content\/uploads\/2024\/09\/maasleder_leervellen-drogen-50x28.jpg 50w, https:\/\/maasleder.com\/wp-content\/uploads\/2024\/09\/maasleder_leervellen-drogen-600x338.jpg 600w\" sizes=\"(max-width: 1920px) 100vw, 1920px\" \/><\/div>                <\/div>\n                            <\/div>\n        <\/div>\n            <\/div>\n<\/section>","protected":false},"excerpt":{"rendered":"","protected":false},"author":1,"featured_media":0,"parent":10111,"menu_order":0,"comment_status":"closed","ping_status":"closed","template":"","meta":{"_acf_changed":false,"footnotes":""},"class_list":["post-10090","page","type-page","status-publish","hentry"],"acf":[],"yoast_head":"<!-- This site is optimized with the Yoast SEO plugin v27.3 - https:\/\/yoast.com\/product\/yoast-seo-wordpress\/ -->\n<title>Maasleder | Mode Leder kaufen<\/title>\n<meta name=\"description\" content=\"M\u00f6chten Sie Leder f\u00fcr den Modebereich bestellen? Dann ist Maasleder die richtige Adresse: Experte f\u00fcr hochwertiges Leder, speziell f\u00fcr die Modeindustrie.\" \/>\n<meta name=\"robots\" content=\"index, follow, max-snippet:-1, max-image-preview:large, max-video-preview:-1\" \/>\n<link rel=\"canonical\" href=\"https:\/\/maasleder.com\/de\/branchen\/mode\/\" \/>\n<meta property=\"og:locale\" content=\"de_DE\" \/>\n<meta property=\"og:type\" content=\"article\" \/>\n<meta property=\"og:title\" content=\"Maasleder | Mode Leder kaufen\" \/>\n<meta property=\"og:description\" content=\"M\u00f6chten Sie Leder f\u00fcr den Modebereich bestellen? Dann ist Maasleder die richtige Adresse: Experte f\u00fcr hochwertiges Leder, speziell f\u00fcr die Modeindustrie.\" \/>\n<meta property=\"og:url\" content=\"https:\/\/maasleder.com\/de\/branchen\/mode\/\" \/>\n<meta property=\"og:site_name\" content=\"Maasleder\" \/>\n<meta property=\"article:modified_time\" content=\"2024-10-30T15:54:03+00:00\" \/>\n<meta name=\"twitter:card\" content=\"summary_large_image\" \/>\n<script type=\"application\/ld+json\" class=\"yoast-schema-graph\">{\"@context\":\"https:\\\/\\\/schema.org\",\"@graph\":[{\"@type\":\"WebPage\",\"@id\":\"https:\\\/\\\/maasleder.com\\\/de\\\/branchen\\\/mode\\\/\",\"url\":\"https:\\\/\\\/maasleder.com\\\/de\\\/branchen\\\/mode\\\/\",\"name\":\"Maasleder | Mode Leder kaufen\",\"isPartOf\":{\"@id\":\"https:\\\/\\\/maasleder.com\\\/de\\\/#website\"},\"datePublished\":\"2024-08-28T08:35:07+00:00\",\"dateModified\":\"2024-10-30T15:54:03+00:00\",\"description\":\"M\u00f6chten Sie Leder f\u00fcr den Modebereich bestellen? Dann ist Maasleder die richtige Adresse: Experte f\u00fcr hochwertiges Leder, speziell f\u00fcr die Modeindustrie.\",\"breadcrumb\":{\"@id\":\"https:\\\/\\\/maasleder.com\\\/de\\\/branchen\\\/mode\\\/#breadcrumb\"},\"inLanguage\":\"de\",\"potentialAction\":[{\"@type\":\"ReadAction\",\"target\":[\"https:\\\/\\\/maasleder.com\\\/de\\\/branchen\\\/mode\\\/\"]}]},{\"@type\":\"BreadcrumbList\",\"@id\":\"https:\\\/\\\/maasleder.com\\\/de\\\/branchen\\\/mode\\\/#breadcrumb\",\"itemListElement\":[{\"@type\":\"ListItem\",\"position\":1,\"name\":\"Home\",\"item\":\"https:\\\/\\\/maasleder.com\\\/de\\\/\"},{\"@type\":\"ListItem\",\"position\":2,\"name\":\"Branchen\",\"item\":\"https:\\\/\\\/maasleder.com\\\/de\\\/branchen\\\/\"},{\"@type\":\"ListItem\",\"position\":3,\"name\":\"Mode Leder kaufen\"}]},{\"@type\":\"WebSite\",\"@id\":\"https:\\\/\\\/maasleder.com\\\/de\\\/#website\",\"url\":\"https:\\\/\\\/maasleder.com\\\/de\\\/\",\"name\":\"Maasleder\",\"description\":\"Shop the best leather online\",\"publisher\":{\"@id\":\"https:\\\/\\\/maasleder.com\\\/de\\\/#organization\"},\"potentialAction\":[{\"@type\":\"SearchAction\",\"target\":{\"@type\":\"EntryPoint\",\"urlTemplate\":\"https:\\\/\\\/maasleder.com\\\/de\\\/?s={search_term_string}\"},\"query-input\":{\"@type\":\"PropertyValueSpecification\",\"valueRequired\":true,\"valueName\":\"search_term_string\"}}],\"inLanguage\":\"de\"},{\"@type\":\"Organization\",\"@id\":\"https:\\\/\\\/maasleder.com\\\/de\\\/#organization\",\"name\":\"Maasleder\",\"url\":\"https:\\\/\\\/maasleder.com\\\/de\\\/\",\"logo\":{\"@type\":\"ImageObject\",\"inLanguage\":\"de\",\"@id\":\"https:\\\/\\\/maasleder.com\\\/de\\\/#\\\/schema\\\/logo\\\/image\\\/\",\"url\":\"https:\\\/\\\/maasleder.com\\\/wp-content\\\/uploads\\\/2024\\\/01\\\/cropped-maasleder-logo-full.png\",\"contentUrl\":\"https:\\\/\\\/maasleder.com\\\/wp-content\\\/uploads\\\/2024\\\/01\\\/cropped-maasleder-logo-full.png\",\"width\":226,\"height\":53,\"caption\":\"Maasleder\"},\"image\":{\"@id\":\"https:\\\/\\\/maasleder.com\\\/de\\\/#\\\/schema\\\/logo\\\/image\\\/\"}}]}<\/script>\n<!-- \/ Yoast SEO plugin. -->","yoast_head_json":{"title":"Maasleder | Mode Leder kaufen","description":"M\u00f6chten Sie Leder f\u00fcr den Modebereich bestellen? Dann ist Maasleder die richtige Adresse: Experte f\u00fcr hochwertiges Leder, speziell f\u00fcr die Modeindustrie.","robots":{"index":"index","follow":"follow","max-snippet":"max-snippet:-1","max-image-preview":"max-image-preview:large","max-video-preview":"max-video-preview:-1"},"canonical":"https:\/\/maasleder.com\/de\/branchen\/mode\/","og_locale":"de_DE","og_type":"article","og_title":"Maasleder | Mode Leder kaufen","og_description":"M\u00f6chten Sie Leder f\u00fcr den Modebereich bestellen? Dann ist Maasleder die richtige Adresse: Experte f\u00fcr hochwertiges Leder, speziell f\u00fcr die Modeindustrie.","og_url":"https:\/\/maasleder.com\/de\/branchen\/mode\/","og_site_name":"Maasleder","article_modified_time":"2024-10-30T15:54:03+00:00","twitter_card":"summary_large_image","schema":{"@context":"https:\/\/schema.org","@graph":[{"@type":"WebPage","@id":"https:\/\/maasleder.com\/de\/branchen\/mode\/","url":"https:\/\/maasleder.com\/de\/branchen\/mode\/","name":"Maasleder | Mode Leder kaufen","isPartOf":{"@id":"https:\/\/maasleder.com\/de\/#website"},"datePublished":"2024-08-28T08:35:07+00:00","dateModified":"2024-10-30T15:54:03+00:00","description":"M\u00f6chten Sie Leder f\u00fcr den Modebereich bestellen? Dann ist Maasleder die richtige Adresse: Experte f\u00fcr hochwertiges Leder, speziell f\u00fcr die Modeindustrie.","breadcrumb":{"@id":"https:\/\/maasleder.com\/de\/branchen\/mode\/#breadcrumb"},"inLanguage":"de","potentialAction":[{"@type":"ReadAction","target":["https:\/\/maasleder.com\/de\/branchen\/mode\/"]}]},{"@type":"BreadcrumbList","@id":"https:\/\/maasleder.com\/de\/branchen\/mode\/#breadcrumb","itemListElement":[{"@type":"ListItem","position":1,"name":"Home","item":"https:\/\/maasleder.com\/de\/"},{"@type":"ListItem","position":2,"name":"Branchen","item":"https:\/\/maasleder.com\/de\/branchen\/"},{"@type":"ListItem","position":3,"name":"Mode Leder kaufen"}]},{"@type":"WebSite","@id":"https:\/\/maasleder.com\/de\/#website","url":"https:\/\/maasleder.com\/de\/","name":"Maasleder","description":"Shop the best leather online","publisher":{"@id":"https:\/\/maasleder.com\/de\/#organization"},"potentialAction":[{"@type":"SearchAction","target":{"@type":"EntryPoint","urlTemplate":"https:\/\/maasleder.com\/de\/?s={search_term_string}"},"query-input":{"@type":"PropertyValueSpecification","valueRequired":true,"valueName":"search_term_string"}}],"inLanguage":"de"},{"@type":"Organization","@id":"https:\/\/maasleder.com\/de\/#organization","name":"Maasleder","url":"https:\/\/maasleder.com\/de\/","logo":{"@type":"ImageObject","inLanguage":"de","@id":"https:\/\/maasleder.com\/de\/#\/schema\/logo\/image\/","url":"https:\/\/maasleder.com\/wp-content\/uploads\/2024\/01\/cropped-maasleder-logo-full.png","contentUrl":"https:\/\/maasleder.com\/wp-content\/uploads\/2024\/01\/cropped-maasleder-logo-full.png","width":226,"height":53,"caption":"Maasleder"},"image":{"@id":"https:\/\/maasleder.com\/de\/#\/schema\/logo\/image\/"}}]}},"_links":{"self":[{"href":"https:\/\/maasleder.com\/de\/wp-json\/wp\/v2\/pages\/10090","targetHints":{"allow":["GET"]}}],"collection":[{"href":"https:\/\/maasleder.com\/de\/wp-json\/wp\/v2\/pages"}],"about":[{"href":"https:\/\/maasleder.com\/de\/wp-json\/wp\/v2\/types\/page"}],"author":[{"embeddable":true,"href":"https:\/\/maasleder.com\/de\/wp-json\/wp\/v2\/users\/1"}],"replies":[{"embeddable":true,"href":"https:\/\/maasleder.com\/de\/wp-json\/wp\/v2\/comments?post=10090"}],"version-history":[{"count":12,"href":"https:\/\/maasleder.com\/de\/wp-json\/wp\/v2\/pages\/10090\/revisions"}],"predecessor-version":[{"id":11704,"href":"https:\/\/maasleder.com\/de\/wp-json\/wp\/v2\/pages\/10090\/revisions\/11704"}],"up":[{"embeddable":true,"href":"https:\/\/maasleder.com\/de\/wp-json\/wp\/v2\/pages\/10111"}],"wp:attachment":[{"href":"https:\/\/maasleder.com\/de\/wp-json\/wp\/v2\/media?parent=10090"}],"curies":[{"name":"wp","href":"https:\/\/api.w.org\/{rel}","templated":true}]}}